{"id":28976,"date":"2019-11-06T22:29:42","date_gmt":"2019-11-06T21:29:42","guid":{"rendered":"http:\/\/www.mademoisellelouison.com\/?page_id=28976"},"modified":"2024-01-17T16:29:32","modified_gmt":"2024-01-17T15:29:32","slug":"about-us","status":"publish","type":"page","link":"https:\/\/www.mademoisellelouison.com\/en\/about-us\/","title":{"rendered":"About us"},"content":{"rendered":"<p>[et_pb_section fb_built=&#8221;1&#8243; admin_label=&#8221;Page Title Section&#8221; _builder_version=&#8221;4.16&#8243; background_color_gradient_direction=&#8221;90deg&#8221; background_enable_image=&#8221;off&#8221; custom_padding=&#8221;50px||3px|||&#8221; global_colors_info=&#8221;{}&#8221;][et_pb_row column_structure=&#8221;1_3,1_3,1_3&#8243; make_equal=&#8221;on&#8221; _builder_version=&#8221;4.16&#8243; custom_padding=&#8221;3px||70px|||&#8221; global_colors_info=&#8221;{}&#8221;][et_pb_column type=&#8221;1_3&#8243; _builder_version=&#8221;4.16&#8243; background_enable_color=&#8221;off&#8221; custom_padding=&#8221;|||&#8221; custom_padding_tablet=&#8221;40px|40px|40px|40px&#8221; custom_padding_phone=&#8221;&#8221; custom_padding_last_edited=&#8221;on|tablet&#8221; custom_css_main_element=&#8221;margin: auto;&#8221; global_colors_info=&#8221;{}&#8221; padding_tablet=&#8221;40px|40px|40px|40px&#8221; padding_last_edited=&#8221;on|tablet&#8221; custom_padding__hover=&#8221;|||&#8221; padding_phone=&#8221;40px|40px|40px|40px&#8221;][et_pb_text content_tablet=&#8221;<\/p>\n<h2>A Photographer who vibrates for your portraits!<\/h2>\n<p>&#8221; content_phone=&#8221;<\/p>\n<h2>A Photographer who vibrates for your portraits!<\/h2>\n<p>&#8221; content_last_edited=&#8221;on|phone&#8221; admin_label=&#8221;Title&#8221; _builder_version=&#8221;4.23.1&#8243; text_font=&#8221;Nunito|600|||||||&#8221; text_font_size=&#8221;8px&#8221; header_font=&#8221;||||||||&#8221; header_font_size=&#8221;60px&#8221; header_2_font=&#8221;Playfair Display||||||||&#8221; header_2_font_size=&#8221;41px&#8221; header_2_line_height=&#8221;1.2em&#8221; header_4_font=&#8221;Nunito|700||on|||||&#8221; header_4_text_color=&#8221;#bda392&#8243; header_4_letter_spacing=&#8221;2px&#8221; header_4_line_height=&#8221;1.8em&#8221; header_6_font=&#8221;Nunito|600|||||||&#8221; header_6_text_color=&#8221;#666666&#8243; header_6_font_size=&#8221;18px&#8221; header_6_line_height=&#8221;1.4em&#8221; max_width=&#8221;600px&#8221; custom_margin=&#8221;||40px|&#8221; animation_style=&#8221;slide&#8221; animation_direction=&#8221;right&#8221; animation_intensity_slide=&#8221;5%&#8221; animation_starting_opacity=&#8221;100%&#8221; header_font_size_tablet=&#8221;40px&#8221; header_font_size_phone=&#8221;&#8221; header_font_size_last_edited=&#8221;on|tablet&#8221; header_2_font_size_tablet=&#8221;50px&#8221; header_2_font_size_phone=&#8221;40px&#8221; header_2_font_size_last_edited=&#8221;on|phone&#8221; locked=&#8221;off&#8221; global_colors_info=&#8221;{}&#8221;]<\/p>\n<h2>A Photographer who vibrates for your portraits!<\/h2>\n<p>[\/et_pb_text][et_pb_text _builder_version=&#8221;4.23.1&#8243; text_font=&#8221;Lato||||||||&#8221; text_text_color=&#8221;#000000&#8243; text_font_size=&#8221;18px&#8221; text_line_height=&#8221;1.8em&#8221; header_font=&#8221;||||||||&#8221; max_width=&#8221;600px&#8221; custom_margin=&#8221;|||&#8221; custom_padding=&#8221;||10px|&#8221; animation_style=&#8221;slide&#8221; animation_direction=&#8221;right&#8221; animation_intensity_slide=&#8221;5%&#8221; animation_starting_opacity=&#8221;100%&#8221; locked=&#8221;off&#8221; global_colors_info=&#8221;{}&#8221;]<\/p>\n<p>Hello!<\/p>\n<p>I am Marion alias Mlle Louison and I decided to change my life in 2019 by fulfilling one of my dreams: making photo portraits in period costumes and outfits.<\/p>\n<p>[\/et_pb_text][et_pb_image src=&#8221;https:\/\/www.mademoisellelouison.com\/wp-content\/uploads\/2023\/11\/Auto-portrait-shooting-photo-\u00a9-Mlle-Louison.jpg&#8221; title_text=&#8221;Self-portrait-shooting-photo&#8211;Mlle-Louison \u00a9&#8221; _builder_version=&#8221;4.23.1&#8243; _module_preset=&#8221;default&#8221; global_colors_info=&#8221;{}&#8221;][\/et_pb_image][\/et_pb_column][et_pb_column type=&#8221;1_3&#8243; _builder_version=&#8221;4.16&#8243; _module_preset=&#8221;default&#8221; global_colors_info=&#8221;{}&#8221;][et_pb_text _builder_version=&#8221;4.23.1&#8243; text_font=&#8221;Lato||||||||&#8221; text_text_color=&#8221;#000000&#8243; text_font_size=&#8221;18px&#8221; text_line_height=&#8221;1.8em&#8221; header_font=&#8221;||||||||&#8221; max_width=&#8221;600px&#8221; custom_margin=&#8221;|||&#8221; custom_padding=&#8221;||10px|&#8221; animation_style=&#8221;slide&#8221; animation_direction=&#8221;right&#8221; animation_intensity_slide=&#8221;5%&#8221; animation_starting_opacity=&#8221;100%&#8221; locked=&#8221;off&#8221; global_colors_info=&#8221;{}&#8221;]<\/p>\n<p>I love revealing your personalities by wearing them.<\/p>\n<p>First and foremost, I want you to have a good time.<\/p>\n<p>I spread good humor at each session.<\/p>\n<p>I decided to make a photo studio &#8220;at home&#8221; so that you would feel &#8220;cocooned&#8221; as &#8220;at home&#8221;.<\/p>\n<p>I advocate natural portraiture.<\/p>\n<p>My gaze will always be gentle and joyful, attentive to the details that make you feel good.<\/p>\n<p>[\/et_pb_text][et_pb_image src=&#8221;https:\/\/www.mademoisellelouison.com\/wp-content\/uploads\/2023\/11\/Auto-portrait-noir-et-blanc-photo-\u00a9-Mlle-Louison.jpg&#8221; title_text=&#8221;Black-and-white self-portrait&#8211;photo&#8211;Mlle-Louison \u00a9&#8221; _builder_version=&#8221;4.23.1&#8243; _module_preset=&#8221;default&#8221; global_colors_info=&#8221;{}&#8221;][\/et_pb_image][\/et_pb_column][et_pb_column type=&#8221;1_3&#8243; _builder_version=&#8221;4.16&#8243; custom_padding=&#8221;|||&#8221; global_colors_info=&#8221;{}&#8221; custom_padding__hover=&#8221;|||&#8221;][et_pb_text _builder_version=&#8221;4.23.1&#8243; _module_preset=&#8221;default&#8221; text_font_size=&#8221;18px&#8221; text_line_height=&#8221;1.8em&#8221; global_colors_info=&#8221;{}&#8221;]<\/p>\n<p>At Mademoiselle Louison, there is joy, laughter, surprises and a lot of kindness.<\/p>\n<p>You can choose to do a session at my place or in the streets of Paris.<\/p>\n<p>Outdoors, you also have the option of doing a classic photo shoot without a costume.<\/p>\n<p>Over time, everyone finds their place and enjoys <a href=\"https:\/\/www.mademoisellelouison.com\/en\/gallery-2\/\"><span style=\"color: #000000;\"><span style=\"text-decoration: underline;\"><em><strong>photo portraits in vintage <span>or non-vintage<\/span> costumes<\/strong><\/em><\/span>.<\/span><\/p>\n<p><\/a><\/p>\n<p>Life in the past and today inspires Mademoiselle Louison&#8217;s productions.<\/p>\n<p>And like a soft melody of the sessions, the values of the studio float in the air. Determination, solidarity, love, teamwork, authenticity, details, collaboration and joy give the &#8220;tuning note&#8221;!<em><strong><span style=\"text-decoration: underline;\"><span style=\"color: #000000;\"><a href=\"https:\/\/www.linkedin.com\/company\/mademoiselle-louison\" target=\"_blank\" rel=\"noopener noreferrer\" style=\"color: #000000; text-decoration: underline;\"><\/a><\/span><\/span><\/strong><\/em><\/p>\n<p>[\/et_pb_text][\/et_pb_column][\/et_pb_row][\/et_pb_section][et_pb_section fb_built=&#8221;1&#8243; admin_label=&#8221;Page Title Section&#8221; _builder_version=&#8221;4.16&#8243; background_color_gradient_direction=&#8221;90deg&#8221; background_enable_image=&#8221;off&#8221; custom_padding=&#8221;50px||150px|||&#8221; global_colors_info=&#8221;{}&#8221;][et_pb_row column_structure=&#8221;1_3,1_3,1_3&#8243; make_equal=&#8221;on&#8221; _builder_version=&#8221;4.16&#8243; custom_padding=&#8221;3px||70px|||&#8221; global_colors_info=&#8221;{}&#8221;][et_pb_column type=&#8221;1_3&#8243; _builder_version=&#8221;4.16&#8243; background_enable_color=&#8221;off&#8221; custom_padding=&#8221;|||&#8221; custom_padding_tablet=&#8221;40px|40px|40px|40px&#8221; custom_padding_phone=&#8221;&#8221; custom_padding_last_edited=&#8221;on|tablet&#8221; custom_css_main_element=&#8221;margin: auto;&#8221; global_colors_info=&#8221;{}&#8221; padding_tablet=&#8221;40px|40px|40px|40px&#8221; padding_last_edited=&#8221;on|tablet&#8221; custom_padding__hover=&#8221;|||&#8221; padding_phone=&#8221;40px|40px|40px|40px&#8221;][et_pb_text content_tablet=&#8221;<\/p>\n<h2>A Photographer with a lot of self-deprecation!<\/h2>\n<p>&#8221; content_phone=&#8221;<\/p>\n<h2>A Photographer with a lot of self-deprecation!<\/h2>\n<p>&#8221; content_last_edited=&#8221;on|phone&#8221; admin_label=&#8221;Title&#8221; _builder_version=&#8221;4.23.1&#8243; text_font=&#8221;Nunito|600|||||||&#8221; text_font_size=&#8221;8px&#8221; header_font=&#8221;||||||||&#8221; header_font_size=&#8221;60px&#8221; header_2_font=&#8221;Playfair Display||||||||&#8221; header_2_font_size=&#8221;36px&#8221; header_2_line_height=&#8221;1.2em&#8221; header_4_font=&#8221;Nunito|700||on|||||&#8221; header_4_text_color=&#8221;#bda392&#8243; header_4_letter_spacing=&#8221;2px&#8221; header_4_line_height=&#8221;1.8em&#8221; header_6_font=&#8221;Nunito|600|||||||&#8221; header_6_text_color=&#8221;#666666&#8243; header_6_font_size=&#8221;18px&#8221; header_6_line_height=&#8221;1.4em&#8221; max_width=&#8221;600px&#8221; custom_margin=&#8221;||40px|&#8221; animation_style=&#8221;slide&#8221; animation_direction=&#8221;right&#8221; animation_intensity_slide=&#8221;5%&#8221; animation_starting_opacity=&#8221;100%&#8221; header_font_size_tablet=&#8221;40px&#8221; header_font_size_phone=&#8221;&#8221; header_font_size_last_edited=&#8221;on|tablet&#8221; header_2_font_size_tablet=&#8221;39px&#8221; header_2_font_size_phone=&#8221;36px&#8221; header_2_font_size_last_edited=&#8221;on|phone&#8221; locked=&#8221;off&#8221; global_colors_info=&#8221;{}&#8221;]<\/p>\n<h2>A Photographer with a lot of self-deprecation!<\/h2>\n<p>[\/et_pb_text][\/et_pb_column][et_pb_column type=&#8221;1_3&#8243; _builder_version=&#8221;4.16&#8243; _module_preset=&#8221;default&#8221; global_colors_info=&#8221;{}&#8221;][et_pb_image src=&#8221;https:\/\/www.mademoisellelouison.com\/wp-content\/uploads\/2023\/11\/Photographe-vintage-costume-\u00a9-Mlle-Louison.jpg&#8221; alt=&#8221;Photo shoots for retro portraits in vintage 1900s outfits in Belle Epoque style self-portrait&#8221; title_text=&#8221;Photographer-vintage-costume&#8211;Mlle-Louison \u00a9&#8221; url=&#8221;@ET-DC@eyJkeW5hbWljIjp0cnVlLCJjb250ZW50IjoiaG9tZV91cmwiLCJzZXR0aW5ncyI6W119@&#8221; _builder_version=&#8221;4.23.1&#8243; _dynamic_attributes=&#8221;url&#8221; border_color_all=&#8221;#000000&#8243; global_colors_info=&#8221;{}&#8221;][\/et_pb_image][\/et_pb_column][et_pb_column type=&#8221;1_3&#8243; _builder_version=&#8221;4.16&#8243; custom_padding=&#8221;|||&#8221; global_colors_info=&#8221;{}&#8221; custom_padding__hover=&#8221;|||&#8221;][et_pb_image src=&#8221;https:\/\/www.mademoisellelouison.com\/wp-content\/uploads\/2023\/11\/Photographe-seance-photo-Paris-\u00a9-Mlle-Louison.jpg&#8221; title_text=&#8221;Photograph-photo-session-Paris&#8211;Mlle-Louison \u00a9&#8221; _builder_version=&#8221;4.23.1&#8243; _module_preset=&#8221;default&#8221; global_colors_info=&#8221;{}&#8221;][\/et_pb_image][\/et_pb_column][\/et_pb_row][et_pb_row _builder_version=&#8221;4.16&#8243; _module_preset=&#8221;default&#8221; global_colors_info=&#8221;{}&#8221;][et_pb_column type=&#8221;4_4&#8243; _builder_version=&#8221;4.16&#8243; _module_preset=&#8221;default&#8221; global_colors_info=&#8221;{}&#8221;][et_pb_testimonial author=&#8221;Catherine&#8221; portrait_url=&#8221;https:\/\/www.mademoisellelouison.com\/wp-content\/uploads\/2020\/05\/CatherineEmilie-te\u0301moignage-217&#215;300.jpg&#8221; _builder_version=&#8221;4.16&#8243; _module_preset=&#8221;default&#8221; global_colors_info=&#8221;{}&#8221;]<\/p>\n<p><span>Mademoiselle Louison knew how to put us at ease with a lot of kindness and humour while keeping her professional eye to make a success of the photo that we won&#8217;t get anywhere else, because she has a real talent!<\/span><\/p>\n<p>[\/et_pb_testimonial][\/et_pb_column][\/et_pb_row][\/et_pb_section]<\/p>\n","protected":false},"excerpt":{"rendered":"<p>A Photographer who vibrates for your portraits!Hello! I am Marion alias Mlle Louison and I decided to change my life in 2019 by fulfilling one of my dreams: making photo portraits in period costumes and outfits.I love revealing your personalities by wearing them. First and foremost, I want you to have a good time. I [&hellip;]<\/p>\n","protected":false},"author":1,"featured_media":0,"parent":0,"menu_order":0,"comment_status":"closed","ping_status":"closed","template":"","meta":{"_et_pb_use_builder":"on","_et_pb_old_content":"","_et_gb_content_width":"","footnotes":""},"class_list":["post-28976","page","type-page","status-publish","hentry"],"yoast_head":"<!-- This site is optimized with the Yoast SEO plugin v27.1.1 - https:\/\/yoast.com\/product\/yoast-seo-wordpress\/ -->\n<title>Retro photo studio 1900 indoors or outdoors - Mlle Louison<\/title>\n<meta name=\"description\" content=\"A retro 1900 photo studio created and animated by a sparkling photographer full of ideas for portraits in Belle \u00c9poque chin\u00e9s costumes.\" \/>\n<meta name=\"robots\" content=\"index, follow, max-snippet:-1, max-image-preview:large, max-video-preview:-1\" \/>\n<link rel=\"canonical\" href=\"https:\/\/www.mademoisellelouison.com\/en\/about-us\/\" \/>\n<meta property=\"og:locale\" content=\"en_US\" \/>\n<meta property=\"og:type\" content=\"article\" \/>\n<meta property=\"og:title\" content=\"Retro photo studio 1900 indoors or outdoors - Mlle Louison\" \/>\n<meta property=\"og:description\" content=\"A retro 1900 photo studio created and animated by a sparkling photographer full of ideas for portraits in Belle \u00c9poque chin\u00e9s costumes.\" \/>\n<meta property=\"og:url\" content=\"https:\/\/www.mademoisellelouison.com\/en\/about-us\/\" \/>\n<meta property=\"og:site_name\" content=\"Mademoiselle Louison - Activit\u00e9 Cadeau Portrait Photo r\u00e9tro 1900 \u00e0 Paris &amp; Tours.\" \/>\n<meta property=\"article:publisher\" content=\"https:\/\/www.facebook.com\/MademoiselleLouison\/\" \/>\n<meta property=\"article:modified_time\" content=\"2024-01-17T15:29:32+00:00\" \/>\n<meta property=\"og:image\" content=\"https:\/\/www.mademoisellelouison.com\/wp-content\/uploads\/2019\/11\/logo-rond-noir.png\" \/>\n\t<meta property=\"og:image:width\" content=\"200\" \/>\n\t<meta property=\"og:image:height\" content=\"200\" \/>\n\t<meta property=\"og:image:type\" content=\"image\/png\" \/>\n<meta name=\"twitter:card\" content=\"summary_large_image\" \/>\n<meta name=\"twitter:label1\" content=\"Est. reading time\" \/>\n\t<meta name=\"twitter:data1\" content=\"6 minutes\" \/>\n<!-- \/ Yoast SEO plugin. -->","yoast_head_json":{"title":"Retro photo studio 1900 indoors or outdoors - Mlle Louison","description":"A retro 1900 photo studio created and animated by a sparkling photographer full of ideas for portraits in Belle \u00c9poque chin\u00e9s costumes.","robots":{"index":"index","follow":"follow","max-snippet":"max-snippet:-1","max-image-preview":"max-image-preview:large","max-video-preview":"max-video-preview:-1"},"canonical":"https:\/\/www.mademoisellelouison.com\/en\/about-us\/","og_locale":"en_US","og_type":"article","og_title":"Retro photo studio 1900 indoors or outdoors - Mlle Louison","og_description":"A retro 1900 photo studio created and animated by a sparkling photographer full of ideas for portraits in Belle \u00c9poque chin\u00e9s costumes.","og_url":"https:\/\/www.mademoisellelouison.com\/en\/about-us\/","og_site_name":"Mademoiselle Louison - Activit\u00e9 Cadeau Portrait Photo r\u00e9tro 1900 \u00e0 Paris &amp; Tours.","article_publisher":"https:\/\/www.facebook.com\/MademoiselleLouison\/","article_modified_time":"2024-01-17T15:29:32+00:00","og_image":[{"width":200,"height":200,"url":"https:\/\/www.mademoisellelouison.com\/wp-content\/uploads\/2019\/11\/logo-rond-noir.png","type":"image\/png"}],"twitter_card":"summary_large_image","twitter_misc":{"Est. reading time":"6 minutes"},"schema":{"@context":"https:\/\/schema.org","@graph":[{"@type":"WebPage","@id":"https:\/\/www.mademoisellelouison.com\/en\/about-us\/","url":"https:\/\/www.mademoisellelouison.com\/en\/about-us\/","name":"Retro photo studio 1900 indoors or outdoors - Mlle Louison","isPartOf":{"@id":"https:\/\/www.mademoisellelouison.com\/#website"},"datePublished":"2019-11-06T21:29:42+00:00","dateModified":"2024-01-17T15:29:32+00:00","description":"A retro 1900 photo studio created and animated by a sparkling photographer full of ideas for portraits in Belle \u00c9poque chin\u00e9s costumes.","breadcrumb":{"@id":"https:\/\/www.mademoisellelouison.com\/en\/about-us\/#breadcrumb"},"inLanguage":"en-US","potentialAction":[{"@type":"ReadAction","target":["https:\/\/www.mademoisellelouison.com\/en\/about-us\/"]}]},{"@type":"BreadcrumbList","@id":"https:\/\/www.mademoisellelouison.com\/en\/about-us\/#breadcrumb","itemListElement":[{"@type":"ListItem","position":1,"name":"Accueil","item":"https:\/\/www.mademoisellelouison.com\/en\/home\/"},{"@type":"ListItem","position":2,"name":"About us"}]},{"@type":"WebSite","@id":"https:\/\/www.mademoisellelouison.com\/#website","url":"https:\/\/www.mademoisellelouison.com\/","name":"Mademoiselle Louison - Activit\u00e9 Cadeau Portrait Photo r\u00e9tro 1900 \u00e0 Paris &amp; Tours.","description":"Photo r\u00e9tro 1900 - Votre portrait photo en mode Belle Epoque. A Paris et Tours. S\u00e9ances photos pour portraits en tenues vintage 1900 mode Belle Epoque. Cadeau\/activit\u00e9 unique-ludique-atypique-sympathique-magique-immersif !","publisher":{"@id":"https:\/\/www.mademoisellelouison.com\/#organization"},"potentialAction":[{"@type":"SearchAction","target":{"@type":"EntryPoint","urlTemplate":"https:\/\/www.mademoisellelouison.com\/?s={search_term_string}"},"query-input":{"@type":"PropertyValueSpecification","valueRequired":true,"valueName":"search_term_string"}}],"inLanguage":"en-US"},{"@type":"Organization","@id":"https:\/\/www.mademoisellelouison.com\/#organization","name":"Mademoiselle Louison","url":"https:\/\/www.mademoisellelouison.com\/","logo":{"@type":"ImageObject","inLanguage":"en-US","@id":"https:\/\/www.mademoisellelouison.com\/#\/schema\/logo\/image\/","url":"","contentUrl":"","caption":"Mademoiselle Louison"},"image":{"@id":"https:\/\/www.mademoisellelouison.com\/#\/schema\/logo\/image\/"},"sameAs":["https:\/\/www.facebook.com\/MademoiselleLouison\/","https:\/\/www.instagram.com\/mlle.louison\/","https:\/\/www.linkedin.com\/company\/mademoiselle-louison\/","https:\/\/www.pinterest.fr\/MademoiselleLouison\/"]}]}},"_links":{"self":[{"href":"https:\/\/www.mademoisellelouison.com\/en\/wp-json\/wp\/v2\/pages\/28976","targetHints":{"allow":["GET"]}}],"collection":[{"href":"https:\/\/www.mademoisellelouison.com\/en\/wp-json\/wp\/v2\/pages"}],"about":[{"href":"https:\/\/www.mademoisellelouison.com\/en\/wp-json\/wp\/v2\/types\/page"}],"author":[{"embeddable":true,"href":"https:\/\/www.mademoisellelouison.com\/en\/wp-json\/wp\/v2\/users\/1"}],"replies":[{"embeddable":true,"href":"https:\/\/www.mademoisellelouison.com\/en\/wp-json\/wp\/v2\/comments?post=28976"}],"version-history":[{"count":27,"href":"https:\/\/www.mademoisellelouison.com\/en\/wp-json\/wp\/v2\/pages\/28976\/revisions"}],"predecessor-version":[{"id":35364,"href":"https:\/\/www.mademoisellelouison.com\/en\/wp-json\/wp\/v2\/pages\/28976\/revisions\/35364"}],"wp:attachment":[{"href":"https:\/\/www.mademoisellelouison.com\/en\/wp-json\/wp\/v2\/media?parent=28976"}],"curies":[{"name":"wp","href":"https:\/\/api.w.org\/{rel}","templated":true}]}}