{"id":29075,"date":"2019-11-07T11:07:13","date_gmt":"2019-11-07T10:07:13","guid":{"rendered":"http:\/\/www.mademoisellelouison.com\/?page_id=29075"},"modified":"2019-11-07T11:58:16","modified_gmt":"2019-11-07T10:58:16","slug":"data-protection","status":"publish","type":"page","link":"https:\/\/www.mademoisellelouison.com\/en\/data-protection\/","title":{"rendered":"Data protection"},"content":{"rendered":"<p>[et_pb_section fb_built=&#8221;1&#8243; _builder_version=&#8221;3.22&#8243;][et_pb_row _builder_version=&#8221;4.0.5&#8243;][et_pb_column type=&#8221;4_4&#8243; _builder_version=&#8221;4.0.5&#8243;][et_pb_post_title meta=&#8221;off&#8221; featured_image=&#8221;off&#8221; _builder_version=&#8221;4.0.5&#8243; title_font=&#8221;Playfair Display||||||||&#8221; title_text_align=&#8221;center&#8221; title_font_size=&#8221;60px&#8221;][\/et_pb_post_title][\/et_pb_column][\/et_pb_row][et_pb_row _builder_version=&#8221;3.25&#8243; background_size=&#8221;initial&#8221; background_position=&#8221;top_left&#8221; background_repeat=&#8221;repeat&#8221;][et_pb_column type=&#8221;4_4&#8243; _builder_version=&#8221;3.25&#8243; custom_padding=&#8221;|||&#8221; custom_padding__hover=&#8221;|||&#8221;][et_pb_text _builder_version=&#8221;4.0.5&#8243; text_font=&#8221;Raleway||||||||&#8221; text_text_color=&#8221;#000000&#8243; text_font_size=&#8221;18px&#8221; header_font=&#8221;Playfair Display||||||||&#8221; background_size=&#8221;initial&#8221; background_position=&#8221;top_left&#8221; background_repeat=&#8221;repeat&#8221;]<\/p>\n<h1>Cookies<\/h1>\n<p><!-- \/divi:paragraph --><\/p>\n<p>[\/et_pb_text][et_pb_text _builder_version=&#8221;4.0.5&#8243; text_font=&#8221;Raleway||||||||&#8221; text_text_color=&#8221;#000000&#8243; text_font_size=&#8221;18px&#8221; header_font=&#8221;Playfair Display||||||||&#8221; background_size=&#8221;initial&#8221; background_position=&#8221;top_left&#8221; background_repeat=&#8221;repeat&#8221; hover_enabled=&#8221;0&#8243;]<\/p>\n<p>Cookies are small amounts of information stored in files within your computer&#8217;s browser itself. Cookies are accessible and stored by the websites you visit. Websites can only access the cookies they have stored on your computer.<\/p>\n<p>By using the mademoisellelouison.com Website, you consent to the use of cookies placed by our Website.<\/p>\n<p>The website uses cookies for the following purposes:<\/p>\n<p>Audience measurement: to track statistical data on site traffic (i.e., users&#8217; use of the Site and to improve the Site&#8217;s services) and to help us measure and study the effectiveness of our interactive online content.<\/p>\n<p><!-- \/divi:paragraph --><\/p>\n<p>[\/et_pb_text][et_pb_divider color=&#8221;#dea39c&#8221; _builder_version=&#8221;4.0.5&#8243;][\/et_pb_divider][et_pb_text _builder_version=&#8221;4.0.5&#8243; text_font=&#8221;Raleway||||||||&#8221; text_text_color=&#8221;#000000&#8243; text_font_size=&#8221;18px&#8221; header_font=&#8221;Playfair Display||||||||&#8221; background_size=&#8221;initial&#8221; background_position=&#8221;top_left&#8221; background_repeat=&#8221;repeat&#8221; hover_enabled=&#8221;0&#8243;]<\/p>\n<h1>General Data Protection Regulation (GDPR)<\/h1>\n<p><!-- \/divi:paragraph --><\/p>\n<p>[\/et_pb_text][et_pb_text _builder_version=&#8221;4.0.5&#8243; text_font=&#8221;Raleway||||||||&#8221; text_text_color=&#8221;#000000&#8243; text_font_size=&#8221;18px&#8221; header_font=&#8221;Playfair Display||||||||&#8221; background_size=&#8221;initial&#8221; background_position=&#8221;top_left&#8221; background_repeat=&#8221;repeat&#8221; hover_enabled=&#8221;0&#8243;]<\/p>\n<p>Mademoiselle Louison, in its capacity as controller, informs you that your data are being processed. When certain information is required to access specific features of the site, this requirement is indicated at the time of data entry. If you refuse to provide mandatory information, you may not be able to access certain services.<\/p>\n<p><!-- \/divi:paragraph --><\/p>\n<p>[\/et_pb_text][et_pb_divider color=&#8221;#dea39c&#8221; _builder_version=&#8221;4.0.5&#8243;][\/et_pb_divider][et_pb_text _builder_version=&#8221;4.0.5&#8243; text_font=&#8221;Raleway||||||||&#8221; text_text_color=&#8221;#000000&#8243; text_font_size=&#8221;18px&#8221; header_font=&#8221;Playfair Display||||||||&#8221; background_size=&#8221;initial&#8221; background_position=&#8221;top_left&#8221; background_repeat=&#8221;repeat&#8221; hover_enabled=&#8221;0&#8243;]<\/p>\n<h1>Stored data<\/h1>\n<p><!-- \/divi:paragraph --><\/p>\n<p>[\/et_pb_text][et_pb_text _builder_version=&#8221;4.0.5&#8243; text_font=&#8221;Raleway||||||||&#8221; text_text_color=&#8221;#000000&#8243; text_font_size=&#8221;18px&#8221; header_font=&#8221;Playfair Display||||||||&#8221; background_size=&#8221;initial&#8221; background_position=&#8221;top_left&#8221; background_repeat=&#8221;repeat&#8221; hover_enabled=&#8221;0&#8243;]<\/p>\n<p><strong>Personal data:<\/strong><\/p>\n<ul>\n<li>First name<\/li>\n<li>Name<\/li>\n<li>E-mail address<\/li>\n<li>Telephone number<\/li>\n<\/ul>\n<p><strong>Are likely to be collected by:<\/strong><\/p>\n<ul>\n<li>The webmaster of the site<\/li>\n<li>The publication director<\/li>\n<\/ul>\n<p><strong>To:<\/strong><\/p>\n<p><strong><\/strong><\/p>\n<ul>\n<li>subscribe to newsletters<\/li>\n<li>make an appointment<\/li>\n<li>message to the site managers<\/li>\n<\/ul>\n<p>[\/et_pb_text][et_pb_divider color=&#8221;#dea39c&#8221; _builder_version=&#8221;4.0.5&#8243;][\/et_pb_divider][et_pb_text _builder_version=&#8221;4.0.5&#8243; text_font=&#8221;Raleway||||||||&#8221; text_text_color=&#8221;#000000&#8243; text_font_size=&#8221;18px&#8221; header_font=&#8221;Playfair Display||||||||&#8221; background_size=&#8221;initial&#8221; background_position=&#8221;top_left&#8221; background_repeat=&#8221;repeat&#8221; hover_enabled=&#8221;0&#8243;]<\/p>\n<h1>Data recipients<\/h1>\n<p><!-- \/divi:paragraph --><\/p>\n<p>[\/et_pb_text][et_pb_text _builder_version=&#8221;4.0.5&#8243; text_font=&#8221;Raleway||||||||&#8221; text_text_color=&#8221;#000000&#8243; text_font_size=&#8221;18px&#8221; header_font=&#8221;Playfair Display||||||||&#8221; background_size=&#8221;initial&#8221; background_position=&#8221;top_left&#8221; background_repeat=&#8221;repeat&#8221; hover_enabled=&#8221;0&#8243;]<\/p>\n<p><strong>These data are accessible by:<\/strong><\/p>\n<p><strong><\/strong><\/p>\n<ul>\n<li>Webmaster, administrators of the site mademoisellelouison.com<\/li>\n<li>Director of the publication of Mademoiselle Louison<\/li>\n<\/ul>\n<p><!-- \/divi:paragraph --><\/p>\n<p>[\/et_pb_text][et_pb_divider color=&#8221;#dea39c&#8221; _builder_version=&#8221;4.0.5&#8243;][\/et_pb_divider][et_pb_text _builder_version=&#8221;4.0.5&#8243; text_font=&#8221;Raleway||||||||&#8221; text_text_color=&#8221;#000000&#8243; text_font_size=&#8221;18px&#8221; header_font=&#8221;Playfair Display||||||||&#8221; background_size=&#8221;initial&#8221; background_position=&#8221;top_left&#8221; background_repeat=&#8221;repeat&#8221; hover_enabled=&#8221;0&#8243;]<\/p>\n<h1>Data retention period<\/h1>\n<p><!-- \/divi:paragraph --><\/p>\n<p>[\/et_pb_text][et_pb_text _builder_version=&#8221;4.0.5&#8243; text_font=&#8221;Raleway||||||||&#8221; text_text_color=&#8221;#000000&#8243; text_font_size=&#8221;18px&#8221; header_font=&#8221;Playfair Display||||||||&#8221; background_size=&#8221;initial&#8221; background_position=&#8221;top_left&#8221; background_repeat=&#8221;repeat&#8221; hover_enabled=&#8221;0&#8243;]<\/p>\n<p><strong>These data are stored:<\/strong><\/p>\n<p><strong><\/strong><\/p>\n<ul>\n<li>Until the customer requests to delete. After three years of inactivity, personal data are deleted as part of the right to forget.<\/li>\n<\/ul>\n<p><!-- \/divi:paragraph --><\/p>\n<p>[\/et_pb_text][et_pb_divider color=&#8221;#dea39c&#8221; _builder_version=&#8221;4.0.5&#8243;][\/et_pb_divider][et_pb_text _builder_version=&#8221;4.0.5&#8243; text_font=&#8221;Raleway||||||||&#8221; text_text_color=&#8221;#000000&#8243; text_font_size=&#8221;18px&#8221; header_font=&#8221;Playfair Display||||||||&#8221; background_size=&#8221;initial&#8221; background_position=&#8221;top_left&#8221; background_repeat=&#8221;repeat&#8221; hover_enabled=&#8221;0&#8243;]<\/p>\n<h1>Data transfer outside the European Union<\/h1>\n<p><!-- \/divi:paragraph --><\/p>\n<p>[\/et_pb_text][et_pb_text _builder_version=&#8221;4.0.5&#8243; text_font=&#8221;Raleway||||||||&#8221; text_text_color=&#8221;#000000&#8243; text_font_size=&#8221;18px&#8221; header_font=&#8221;Playfair Display||||||||&#8221; background_size=&#8221;initial&#8221; background_position=&#8221;top_left&#8221; background_repeat=&#8221;repeat&#8221; hover_enabled=&#8221;0&#8243;]<\/p>\n<p>No data transfer outside the European Union is carried out.<\/p>\n<p><!-- \/divi:paragraph --><\/p>\n<p>[\/et_pb_text][et_pb_divider color=&#8221;#dea39c&#8221; _builder_version=&#8221;4.0.5&#8243;][\/et_pb_divider][et_pb_text _builder_version=&#8221;4.0.5&#8243; text_font=&#8221;Raleway||||||||&#8221; text_text_color=&#8221;#000000&#8243; text_font_size=&#8221;18px&#8221; header_font=&#8221;Playfair Display||||||||&#8221; background_size=&#8221;initial&#8221; background_position=&#8221;top_left&#8221; background_repeat=&#8221;repeat&#8221; hover_enabled=&#8221;0&#8243;]<\/p>\n<h1>Personal law<\/h1>\n<p><!-- \/divi:paragraph --><\/p>\n<p>[\/et_pb_text][et_pb_text _builder_version=&#8221;4.0.5&#8243; text_font=&#8221;Raleway||||||||&#8221; text_text_color=&#8221;#000000&#8243; text_font_size=&#8221;18px&#8221; header_font=&#8221;Playfair Display||||||||&#8221; background_size=&#8221;initial&#8221; background_position=&#8221;top_left&#8221; background_repeat=&#8221;repeat&#8221; hover_enabled=&#8221;0&#8243;]<\/p>\n<p>In accordance with the applicable legal and regulatory provisions, in particular Law No. 78-17 of 6 January amended relating to data processing, files and freedoms and European Regulation No. 2016\/679\/EU of 27 April 2016 (applicable since 25 May 2018), you have the following rights:<\/p>\n<p><strong>User :<\/strong><\/p>\n<ul>\n<li>Exercise your right of access, to know the personal data concerning you;<\/li>\n<li>Request the updating of your data, if it is inaccurate;<\/li>\n<li>Request portability or deletion of your data;<\/li>\n<li>Request the deletion of your account;<\/li>\n<li>Request the limitation of the processing of your data;<\/li>\n<li>Oppose, for legitimate reasons, the processing of your data;<\/li>\n<li>Withdraw your consent to the processing of your data.<\/li>\n<\/ul>\n<p><strong>To exercise these rights:<\/strong><\/p>\n<p>Contact the administrator of Mademoiselle Louison&#8217;s website: <a href=\"mailto:contact@mllelouison.com\">Contact<\/a><\/p>\n<p><strong>Right to lodge a complaint:<\/strong><\/p>\n<p>If, after contacting us, you believe that your rights in the field of Information Technology and Liberties are not respected, you have the possibility to file a complaint online with the CNIL or by post.<br \/>Commission Nationale de l&#8217;Informatique et des Libert\u00e9s<br \/>3 Place de Fontenoy<br \/>TSA 80715<br \/>75334 PARIS CEDEX 07<\/p>\n<p><!-- \/divi:paragraph --><\/p>\n<p>[\/et_pb_text][\/et_pb_column][\/et_pb_row][\/et_pb_section]<\/p>\n","protected":false},"excerpt":{"rendered":"<p>Cookies Cookies are small amounts of information stored in files within your computer&#8217;s browser itself. Cookies are accessible and stored by the websites you visit. Websites can only access the cookies they have stored on your computer. By using the mademoisellelouison.com Website, you consent to the use of cookies placed by our Website. The website [&hellip;]<\/p>\n","protected":false},"author":1,"featured_media":0,"parent":0,"menu_order":0,"comment_status":"closed","ping_status":"closed","template":"","meta":{"_et_pb_use_builder":"on","_et_pb_old_content":"<!-- wp:paragraph -->\n<p><strong>Mademoiselle Louison<\/strong><br>RCS :&nbsp;<strong>877 986 687 Paris<\/strong><br>Capital social :&nbsp;<strong>5 000 euros<\/strong><br>Si\u00e8ge social&nbsp;:&nbsp;<strong>87 Avenue du Maine, 75014 Paris, France<\/strong><br>Directeur de la publication :&nbsp;<strong>Marion Bodichon<\/strong><\/p>\n<!-- \/wp:paragraph -->","_et_gb_content_width":"","footnotes":""},"class_list":["post-29075","page","type-page","status-publish","hentry"],"yoast_head":"<!-- This site is optimized with the Yoast SEO plugin v27.1.1 - https:\/\/yoast.com\/product\/yoast-seo-wordpress\/ -->\n<title>Data protection - Mademoiselle Louison - Activit\u00e9 Cadeau Portrait Photo r\u00e9tro 1900 \u00e0 Paris &amp; Tours.<\/title>\n<meta name=\"robots\" content=\"index, follow, max-snippet:-1, max-image-preview:large, max-video-preview:-1\" \/>\n<link rel=\"canonical\" href=\"https:\/\/www.mademoisellelouison.com\/en\/data-protection\/\" \/>\n<meta property=\"og:locale\" content=\"en_US\" \/>\n<meta property=\"og:type\" content=\"article\" \/>\n<meta property=\"og:title\" content=\"Data protection - Mademoiselle Louison - Activit\u00e9 Cadeau Portrait Photo r\u00e9tro 1900 \u00e0 Paris &amp; Tours.\" \/>\n<meta property=\"og:description\" content=\"Cookies Cookies are small amounts of information stored in files within your computer&#039;s browser itself. Cookies are accessible and stored by the websites you visit. Websites can only access the cookies they have stored on your computer. By using the mademoisellelouison.com Website, you consent to the use of cookies placed by our Website. The website [&hellip;]\" \/>\n<meta property=\"og:url\" content=\"https:\/\/www.mademoisellelouison.com\/en\/data-protection\/\" \/>\n<meta property=\"og:site_name\" content=\"Mademoiselle Louison - Activit\u00e9 Cadeau Portrait Photo r\u00e9tro 1900 \u00e0 Paris &amp; Tours.\" \/>\n<meta property=\"article:publisher\" content=\"https:\/\/www.facebook.com\/MademoiselleLouison\/\" \/>\n<meta property=\"article:modified_time\" content=\"2019-11-07T10:58:16+00:00\" \/>\n<meta property=\"og:image\" content=\"https:\/\/www.mademoisellelouison.com\/wp-content\/uploads\/2019\/11\/logo-rond-noir.png\" \/>\n\t<meta property=\"og:image:width\" content=\"200\" \/>\n\t<meta property=\"og:image:height\" content=\"200\" \/>\n\t<meta property=\"og:image:type\" content=\"image\/png\" \/>\n<meta name=\"twitter:card\" content=\"summary_large_image\" \/>\n<meta name=\"twitter:label1\" content=\"Est. reading time\" \/>\n\t<meta name=\"twitter:data1\" content=\"5 minutes\" \/>\n<!-- \/ Yoast SEO plugin. -->","yoast_head_json":{"title":"Data protection - Mademoiselle Louison - Activit\u00e9 Cadeau Portrait Photo r\u00e9tro 1900 \u00e0 Paris &amp; Tours.","robots":{"index":"index","follow":"follow","max-snippet":"max-snippet:-1","max-image-preview":"max-image-preview:large","max-video-preview":"max-video-preview:-1"},"canonical":"https:\/\/www.mademoisellelouison.com\/en\/data-protection\/","og_locale":"en_US","og_type":"article","og_title":"Data protection - Mademoiselle Louison - Activit\u00e9 Cadeau Portrait Photo r\u00e9tro 1900 \u00e0 Paris &amp; Tours.","og_description":"Cookies Cookies are small amounts of information stored in files within your computer's browser itself. Cookies are accessible and stored by the websites you visit. Websites can only access the cookies they have stored on your computer. By using the mademoisellelouison.com Website, you consent to the use of cookies placed by our Website. The website [&hellip;]","og_url":"https:\/\/www.mademoisellelouison.com\/en\/data-protection\/","og_site_name":"Mademoiselle Louison - Activit\u00e9 Cadeau Portrait Photo r\u00e9tro 1900 \u00e0 Paris &amp; Tours.","article_publisher":"https:\/\/www.facebook.com\/MademoiselleLouison\/","article_modified_time":"2019-11-07T10:58:16+00:00","og_image":[{"width":200,"height":200,"url":"https:\/\/www.mademoisellelouison.com\/wp-content\/uploads\/2019\/11\/logo-rond-noir.png","type":"image\/png"}],"twitter_card":"summary_large_image","twitter_misc":{"Est. reading time":"5 minutes"},"schema":{"@context":"https:\/\/schema.org","@graph":[{"@type":"WebPage","@id":"https:\/\/www.mademoisellelouison.com\/en\/data-protection\/","url":"https:\/\/www.mademoisellelouison.com\/en\/data-protection\/","name":"Data protection - Mademoiselle Louison - Activit\u00e9 Cadeau Portrait Photo r\u00e9tro 1900 \u00e0 Paris &amp; Tours.","isPartOf":{"@id":"https:\/\/www.mademoisellelouison.com\/#website"},"datePublished":"2019-11-07T10:07:13+00:00","dateModified":"2019-11-07T10:58:16+00:00","breadcrumb":{"@id":"https:\/\/www.mademoisellelouison.com\/en\/data-protection\/#breadcrumb"},"inLanguage":"en-US","potentialAction":[{"@type":"ReadAction","target":["https:\/\/www.mademoisellelouison.com\/en\/data-protection\/"]}]},{"@type":"BreadcrumbList","@id":"https:\/\/www.mademoisellelouison.com\/en\/data-protection\/#breadcrumb","itemListElement":[{"@type":"ListItem","position":1,"name":"Accueil","item":"https:\/\/www.mademoisellelouison.com\/en\/home\/"},{"@type":"ListItem","position":2,"name":"Data protection"}]},{"@type":"WebSite","@id":"https:\/\/www.mademoisellelouison.com\/#website","url":"https:\/\/www.mademoisellelouison.com\/","name":"Mademoiselle Louison - Activit\u00e9 Cadeau Portrait Photo r\u00e9tro 1900 \u00e0 Paris &amp; Tours.","description":"Photo r\u00e9tro 1900 - Votre portrait photo en mode Belle Epoque. A Paris et Tours. S\u00e9ances photos pour portraits en tenues vintage 1900 mode Belle Epoque. Cadeau\/activit\u00e9 unique-ludique-atypique-sympathique-magique-immersif !","publisher":{"@id":"https:\/\/www.mademoisellelouison.com\/#organization"},"potentialAction":[{"@type":"SearchAction","target":{"@type":"EntryPoint","urlTemplate":"https:\/\/www.mademoisellelouison.com\/?s={search_term_string}"},"query-input":{"@type":"PropertyValueSpecification","valueRequired":true,"valueName":"search_term_string"}}],"inLanguage":"en-US"},{"@type":"Organization","@id":"https:\/\/www.mademoisellelouison.com\/#organization","name":"Mademoiselle Louison","url":"https:\/\/www.mademoisellelouison.com\/","logo":{"@type":"ImageObject","inLanguage":"en-US","@id":"https:\/\/www.mademoisellelouison.com\/#\/schema\/logo\/image\/","url":"","contentUrl":"","caption":"Mademoiselle Louison"},"image":{"@id":"https:\/\/www.mademoisellelouison.com\/#\/schema\/logo\/image\/"},"sameAs":["https:\/\/www.facebook.com\/MademoiselleLouison\/","https:\/\/www.instagram.com\/mlle.louison\/","https:\/\/www.linkedin.com\/company\/mademoiselle-louison\/","https:\/\/www.pinterest.fr\/MademoiselleLouison\/"]}]}},"_links":{"self":[{"href":"https:\/\/www.mademoisellelouison.com\/en\/wp-json\/wp\/v2\/pages\/29075","targetHints":{"allow":["GET"]}}],"collection":[{"href":"https:\/\/www.mademoisellelouison.com\/en\/wp-json\/wp\/v2\/pages"}],"about":[{"href":"https:\/\/www.mademoisellelouison.com\/en\/wp-json\/wp\/v2\/types\/page"}],"author":[{"embeddable":true,"href":"https:\/\/www.mademoisellelouison.com\/en\/wp-json\/wp\/v2\/users\/1"}],"replies":[{"embeddable":true,"href":"https:\/\/www.mademoisellelouison.com\/en\/wp-json\/wp\/v2\/comments?post=29075"}],"version-history":[{"count":3,"href":"https:\/\/www.mademoisellelouison.com\/en\/wp-json\/wp\/v2\/pages\/29075\/revisions"}],"predecessor-version":[{"id":29080,"href":"https:\/\/www.mademoisellelouison.com\/en\/wp-json\/wp\/v2\/pages\/29075\/revisions\/29080"}],"wp:attachment":[{"href":"https:\/\/www.mademoisellelouison.com\/en\/wp-json\/wp\/v2\/media?parent=29075"}],"curies":[{"name":"wp","href":"https:\/\/api.w.org\/{rel}","templated":true}]}}