{"id":29621,"date":"2019-11-24T19:37:11","date_gmt":"2019-11-24T18:37:11","guid":{"rendered":"https:\/\/www.mademoisellelouison.com\/shop\/"},"modified":"2024-01-17T16:24:29","modified_gmt":"2024-01-17T15:24:29","slug":"shop","status":"publish","type":"page","link":"https:\/\/www.mademoisellelouison.com\/en\/shop\/","title":{"rendered":"Shop"},"content":{"rendered":"<p>[et_pb_section fb_built=&#8221;1&#8243; _builder_version=&#8221;4.16&#8243; min_height=&#8221;475.1px&#8221; global_colors_info=&#8221;{}&#8221;][et_pb_row _builder_version=&#8221;4.16&#8243; global_colors_info=&#8221;{}&#8221;][et_pb_column type=&#8221;4_4&#8243; _builder_version=&#8221;4.16&#8243; global_colors_info=&#8221;{}&#8221;][et_pb_post_title meta=&#8221;off&#8221; featured_image=&#8221;off&#8221; _builder_version=&#8221;4.16&#8243; title_font=&#8221;Playfair Display||||||||&#8221; title_text_align=&#8221;center&#8221; title_font_size=&#8221;60px&#8221; global_colors_info=&#8221;{}&#8221;][\/et_pb_post_title][\/et_pb_column][\/et_pb_row][et_pb_row _builder_version=&#8221;4.16&#8243; _module_preset=&#8221;default&#8221; global_colors_info=&#8221;{}&#8221;][et_pb_column type=&#8221;4_4&#8243; _builder_version=&#8221;4.16&#8243; _module_preset=&#8221;default&#8221; global_colors_info=&#8221;{}&#8221;][et_pb_text _builder_version=&#8221;4.23.1&#8243; _module_preset=&#8221;default&#8221; text_font_size=&#8221;21px&#8221; text_line_height=&#8221;1em&#8221; custom_padding=&#8221;||0px|||&#8221; global_colors_info=&#8221;{}&#8221;]<\/p>\n<p style=\"text-align: center;\">OFFER a gift card\/BUY a session<strong><em><span style=\"color: #dea39c;\">*<\/span><\/em><\/strong>. It&#8217;s HERE!<\/p>\n<p style=\"text-align: center;\"><span style=\"font-size: medium;\"><em><span style=\"color: #dea39c;\">*contact me by text beforehand if you already have dates in mind.<\/span><\/em><\/span><\/p>\n<p style=\"text-align: center;\"><span style=\"font-size: medium;\">&#8220;Go out and have your picture taken, it&#8217;s good for your health!&#8221;<\/span><\/p>\n<p style=\"text-align: center;\"><span class=\"s1\"><span style=\"font-size: medium;\">Do you have a tailor-made need (children, family, etc.)?  <span style=\"text-decoration: underline;\"><strong><span style=\"color: #000000;\"><a href=\"https:\/\/www.mademoisellelouison.com\/en\/contact\/\" target=\"_blank\" rel=\"noopener noreferrer\" title=\"Quick question for Mlle Louison!\" style=\"color: #000000; text-decoration: underline;\">That&#8217;s the little question for Mademoiselle Louison!<\/a><\/span><\/strong><\/span><\/span><span style=\"text-decoration: underline; color: #000000;\"><strong><\/strong><\/span><\/span><\/p>\n<p>[\/et_pb_text][\/et_pb_column][\/et_pb_row][\/et_pb_section][et_pb_section fb_built=&#8221;1&#8243; _builder_version=&#8221;4.16&#8243; custom_padding=&#8221;4px|||||&#8221; global_colors_info=&#8221;{}&#8221;][et_pb_row use_custom_gutter=&#8221;on&#8221; make_equal=&#8221;on&#8221; _builder_version=&#8221;4.16&#8243; global_colors_info=&#8221;{}&#8221;][et_pb_column type=&#8221;4_4&#8243; _builder_version=&#8221;4.16&#8243; global_colors_info=&#8221;{}&#8221;][et_pb_shop type=&#8221;product_category&#8221; include_categories=&#8221;53&#8243; columns_number=&#8221;3&#8243; orderby=&#8221;menu_order&#8221; icon_hover_color=&#8221;#dea39c&#8221; hover_overlay_color=&#8221;rgba(0,0,0,0.6)&#8221; hover_icon=&#8221;U||divi||400&#8243; _builder_version=&#8221;4.16&#8243; _dynamic_attributes=&#8221;link_option_url&#8221; title_font=&#8221;Playfair Display|700|||||||&#8221; title_text_align=&#8221;center&#8221; title_text_color=&#8221;#000000&#8243; title_font_size=&#8221;19px&#8221; price_font=&#8221;Raleway|500|||||||&#8221; price_text_align=&#8221;center&#8221; price_text_color=&#8221;#000000&#8243; price_font_size=&#8221;16px&#8221; sale_price_font=&#8221;Raleway|700|||||||&#8221; sale_price_text_color=&#8221;#dea39c&#8221; sale_price_font_size=&#8221;18px&#8221; rating_text_align=&#8221;left&#8221; rating_text_color=&#8221;#dea39c&#8221; link_option_url=&#8221;@ET-DC@eyJkeW5hbWljIjp0cnVlLCJjb250ZW50IjoicG9zdF9saW5rX3VybCIsInNldHRpbmdzIjp7fX0=@&#8221; border_radii_image=&#8221;on|10px|10px|10px|10px&#8221; border_width_all_image=&#8221;1px&#8221; border_color_all_image=&#8221;#dea39c&#8221; global_colors_info=&#8221;{}&#8221;][\/et_pb_shop][\/et_pb_column][\/et_pb_row][\/et_pb_section]<\/p>\n","protected":false},"excerpt":{"rendered":"<p>OFFER a gift card\/BUY a session*. It&#8217;s HERE! *contact me by text beforehand if you already have dates in mind. &#8220;Go out and have your picture taken, it&#8217;s good for your health!&#8221; Do you have a tailor-made need (children, family, etc.)? That&#8217;s the little question for Mademoiselle Louison!<\/p>\n","protected":false},"author":1,"featured_media":0,"parent":0,"menu_order":0,"comment_status":"closed","ping_status":"closed","template":"","meta":{"_et_pb_use_builder":"on","_et_pb_old_content":"","_et_gb_content_width":"","footnotes":""},"class_list":["post-29621","page","type-page","status-publish","hentry"],"yoast_head":"<!-- This site is optimized with the Yoast SEO plugin v27.1.1 - https:\/\/yoast.com\/product\/yoast-seo-wordpress\/ -->\n<title>Your gifts personalised photo shoots - Mlle Louison<\/title>\n<meta name=\"description\" content=\"Your personalised photo session gifts to offer for all occasions: Christmas, birthdays, anniversaries, births, Bachelorettes&#039; parties, Bachelors&#039; parties, weddings?\" \/>\n<meta name=\"robots\" content=\"index, follow, max-snippet:-1, max-image-preview:large, max-video-preview:-1\" \/>\n<link rel=\"canonical\" href=\"https:\/\/www.mademoisellelouison.com\/en\/shop\/\" \/>\n<meta property=\"og:locale\" content=\"en_US\" \/>\n<meta property=\"og:type\" content=\"article\" \/>\n<meta property=\"og:title\" content=\"Your gifts personalised photo shoots - Mlle Louison\" \/>\n<meta property=\"og:description\" content=\"Your personalised photo session gifts to offer for all occasions: Christmas, birthdays, anniversaries, births, Bachelorettes&#039; parties, Bachelors&#039; parties, weddings?\" \/>\n<meta property=\"og:url\" content=\"https:\/\/www.mademoisellelouison.com\/en\/shop\/\" \/>\n<meta property=\"og:site_name\" content=\"Mademoiselle Louison - Activit\u00e9 Cadeau Portrait Photo r\u00e9tro 1900 \u00e0 Paris &amp; Tours.\" \/>\n<meta property=\"article:publisher\" content=\"https:\/\/www.facebook.com\/MademoiselleLouison\/\" \/>\n<meta property=\"article:modified_time\" content=\"2024-01-17T15:24:29+00:00\" \/>\n<meta property=\"og:image\" content=\"https:\/\/www.mademoisellelouison.com\/wp-content\/uploads\/2019\/11\/logo-rond-noir.png\" \/>\n\t<meta property=\"og:image:width\" content=\"200\" \/>\n\t<meta property=\"og:image:height\" content=\"200\" \/>\n\t<meta property=\"og:image:type\" content=\"image\/png\" \/>\n<meta name=\"twitter:card\" content=\"summary_large_image\" \/>\n<meta name=\"twitter:label1\" content=\"Est. reading time\" \/>\n\t<meta name=\"twitter:data1\" content=\"2 minutes\" \/>\n<!-- \/ Yoast SEO plugin. -->","yoast_head_json":{"title":"Your gifts personalised photo shoots - Mlle Louison","description":"Your personalised photo session gifts to offer for all occasions: Christmas, birthdays, anniversaries, births, Bachelorettes' parties, Bachelors' parties, weddings?","robots":{"index":"index","follow":"follow","max-snippet":"max-snippet:-1","max-image-preview":"max-image-preview:large","max-video-preview":"max-video-preview:-1"},"canonical":"https:\/\/www.mademoisellelouison.com\/en\/shop\/","og_locale":"en_US","og_type":"article","og_title":"Your gifts personalised photo shoots - Mlle Louison","og_description":"Your personalised photo session gifts to offer for all occasions: Christmas, birthdays, anniversaries, births, Bachelorettes' parties, Bachelors' parties, weddings?","og_url":"https:\/\/www.mademoisellelouison.com\/en\/shop\/","og_site_name":"Mademoiselle Louison - Activit\u00e9 Cadeau Portrait Photo r\u00e9tro 1900 \u00e0 Paris &amp; Tours.","article_publisher":"https:\/\/www.facebook.com\/MademoiselleLouison\/","article_modified_time":"2024-01-17T15:24:29+00:00","og_image":[{"width":200,"height":200,"url":"https:\/\/www.mademoisellelouison.com\/wp-content\/uploads\/2019\/11\/logo-rond-noir.png","type":"image\/png"}],"twitter_card":"summary_large_image","twitter_misc":{"Est. reading time":"2 minutes"},"schema":{"@context":"https:\/\/schema.org","@graph":[{"@type":"WebPage","@id":"https:\/\/www.mademoisellelouison.com\/en\/shop\/","url":"https:\/\/www.mademoisellelouison.com\/en\/shop\/","name":"Your gifts personalised photo shoots - Mlle Louison","isPartOf":{"@id":"https:\/\/www.mademoisellelouison.com\/#website"},"datePublished":"2019-11-24T18:37:11+00:00","dateModified":"2024-01-17T15:24:29+00:00","description":"Your personalised photo session gifts to offer for all occasions: Christmas, birthdays, anniversaries, births, Bachelorettes' parties, Bachelors' parties, weddings?","breadcrumb":{"@id":"https:\/\/www.mademoisellelouison.com\/en\/shop\/#breadcrumb"},"inLanguage":"en-US","potentialAction":[{"@type":"ReadAction","target":["https:\/\/www.mademoisellelouison.com\/en\/shop\/"]}]},{"@type":"BreadcrumbList","@id":"https:\/\/www.mademoisellelouison.com\/en\/shop\/#breadcrumb","itemListElement":[{"@type":"ListItem","position":1,"name":"Accueil","item":"https:\/\/www.mademoisellelouison.com\/en\/home\/"},{"@type":"ListItem","position":2,"name":"Shop"}]},{"@type":"WebSite","@id":"https:\/\/www.mademoisellelouison.com\/#website","url":"https:\/\/www.mademoisellelouison.com\/","name":"Mademoiselle Louison - Activit\u00e9 Cadeau Portrait Photo r\u00e9tro 1900 \u00e0 Paris &amp; Tours.","description":"Photo r\u00e9tro 1900 - Votre portrait photo en mode Belle Epoque. A Paris et Tours. S\u00e9ances photos pour portraits en tenues vintage 1900 mode Belle Epoque. Cadeau\/activit\u00e9 unique-ludique-atypique-sympathique-magique-immersif !","publisher":{"@id":"https:\/\/www.mademoisellelouison.com\/#organization"},"potentialAction":[{"@type":"SearchAction","target":{"@type":"EntryPoint","urlTemplate":"https:\/\/www.mademoisellelouison.com\/?s={search_term_string}"},"query-input":{"@type":"PropertyValueSpecification","valueRequired":true,"valueName":"search_term_string"}}],"inLanguage":"en-US"},{"@type":"Organization","@id":"https:\/\/www.mademoisellelouison.com\/#organization","name":"Mademoiselle Louison","url":"https:\/\/www.mademoisellelouison.com\/","logo":{"@type":"ImageObject","inLanguage":"en-US","@id":"https:\/\/www.mademoisellelouison.com\/#\/schema\/logo\/image\/","url":"","contentUrl":"","caption":"Mademoiselle Louison"},"image":{"@id":"https:\/\/www.mademoisellelouison.com\/#\/schema\/logo\/image\/"},"sameAs":["https:\/\/www.facebook.com\/MademoiselleLouison\/","https:\/\/www.instagram.com\/mlle.louison\/","https:\/\/www.linkedin.com\/company\/mademoiselle-louison\/","https:\/\/www.pinterest.fr\/MademoiselleLouison\/"]}]}},"_links":{"self":[{"href":"https:\/\/www.mademoisellelouison.com\/en\/wp-json\/wp\/v2\/pages\/29621","targetHints":{"allow":["GET"]}}],"collection":[{"href":"https:\/\/www.mademoisellelouison.com\/en\/wp-json\/wp\/v2\/pages"}],"about":[{"href":"https:\/\/www.mademoisellelouison.com\/en\/wp-json\/wp\/v2\/types\/page"}],"author":[{"embeddable":true,"href":"https:\/\/www.mademoisellelouison.com\/en\/wp-json\/wp\/v2\/users\/1"}],"replies":[{"embeddable":true,"href":"https:\/\/www.mademoisellelouison.com\/en\/wp-json\/wp\/v2\/comments?post=29621"}],"version-history":[{"count":39,"href":"https:\/\/www.mademoisellelouison.com\/en\/wp-json\/wp\/v2\/pages\/29621\/revisions"}],"predecessor-version":[{"id":35360,"href":"https:\/\/www.mademoisellelouison.com\/en\/wp-json\/wp\/v2\/pages\/29621\/revisions\/35360"}],"wp:attachment":[{"href":"https:\/\/www.mademoisellelouison.com\/en\/wp-json\/wp\/v2\/media?parent=29621"}],"curies":[{"name":"wp","href":"https:\/\/api.w.org\/{rel}","templated":true}]}}