{"id":29622,"date":"2019-11-24T19:37:12","date_gmt":"2019-11-24T18:37:12","guid":{"rendered":"https:\/\/www.mademoisellelouison.com\/cart\/"},"modified":"2019-11-26T22:08:03","modified_gmt":"2019-11-26T21:08:03","slug":"cart","status":"publish","type":"page","link":"https:\/\/www.mademoisellelouison.com\/en\/cart\/","title":{"rendered":"Cart"},"content":{"rendered":"[et_pb_section fb_built=&#8221;1&#8243; admin_label=&#8221;section&#8221; _builder_version=&#8221;3.22&#8243;][et_pb_row admin_label=&#8221;row&#8221; _builder_version=&#8221;3.25&#8243; background_size=&#8221;initial&#8221; background_position=&#8221;top_left&#8221; background_repeat=&#8221;repeat&#8221;][et_pb_column type=&#8221;4_4&#8243; _builder_version=&#8221;3.25&#8243; custom_padding=&#8221;|||&#8221; custom_padding__hover=&#8221;|||&#8221;][et_pb_text admin_label=&#8221;Text&#8221; _builder_version=&#8221;3.27.4&#8243; background_size=&#8221;initial&#8221; background_position=&#8221;top_left&#8221; background_repeat=&#8221;repeat&#8221; hover_enabled=&#8221;0&#8243;]\n\r\n\r\n\r\n\r\n[\/et_pb_text][\/et_pb_column][\/et_pb_row][\/et_pb_section]","protected":false},"excerpt":{"rendered":"\n","protected":false},"author":1,"featured_media":0,"parent":0,"menu_order":0,"comment_status":"closed","ping_status":"closed","template":"","meta":{"_et_pb_use_builder":"on","_et_pb_old_content":"<!-- wp:shortcode -->\n[woocommerce_cart]\n<!-- \/wp:shortcode -->\n\n<!-- wp:paragraph -->\n<p><\/p>\n<!-- \/wp:paragraph -->","_et_gb_content_width":"","footnotes":""},"class_list":["post-29622","page","type-page","status-publish","hentry"],"yoast_head":"<!-- This site is optimized with the Yoast SEO plugin v27.1.1 - https:\/\/yoast.com\/product\/yoast-seo-wordpress\/ -->\n<title>Cart - Mademoiselle Louison - Activit\u00e9 Cadeau Portrait Photo r\u00e9tro 1900 \u00e0 Paris &amp; Tours.<\/title>\n<meta name=\"robots\" content=\"index, follow, max-snippet:-1, max-image-preview:large, max-video-preview:-1\" \/>\n<link rel=\"canonical\" href=\"https:\/\/www.mademoisellelouison.com\/en\/cart\/\" \/>\n<meta property=\"og:locale\" content=\"en_US\" \/>\n<meta property=\"og:type\" content=\"article\" \/>\n<meta property=\"og:title\" content=\"Cart - Mademoiselle Louison - Activit\u00e9 Cadeau Portrait Photo r\u00e9tro 1900 \u00e0 Paris &amp; Tours.\" \/>\n<meta property=\"og:url\" content=\"https:\/\/www.mademoisellelouison.com\/en\/cart\/\" \/>\n<meta property=\"og:site_name\" content=\"Mademoiselle Louison - Activit\u00e9 Cadeau Portrait Photo r\u00e9tro 1900 \u00e0 Paris &amp; Tours.\" \/>\n<meta property=\"article:publisher\" content=\"https:\/\/www.facebook.com\/MademoiselleLouison\/\" \/>\n<meta property=\"article:modified_time\" content=\"2019-11-26T21:08:03+00:00\" \/>\n<meta property=\"og:image\" content=\"https:\/\/www.mademoisellelouison.com\/wp-content\/uploads\/2019\/11\/logo-rond-noir.png\" \/>\n\t<meta property=\"og:image:width\" content=\"200\" \/>\n\t<meta property=\"og:image:height\" content=\"200\" \/>\n\t<meta property=\"og:image:type\" content=\"image\/png\" \/>\n<meta name=\"twitter:card\" content=\"summary_large_image\" \/>\n<meta name=\"twitter:description\" content=\"[woocommerce_cart]\" \/>\n<!-- \/ Yoast SEO plugin. -->","yoast_head_json":{"title":"Cart - Mademoiselle Louison - Activit\u00e9 Cadeau Portrait Photo r\u00e9tro 1900 \u00e0 Paris &amp; Tours.","robots":{"index":"index","follow":"follow","max-snippet":"max-snippet:-1","max-image-preview":"max-image-preview:large","max-video-preview":"max-video-preview:-1"},"canonical":"https:\/\/www.mademoisellelouison.com\/en\/cart\/","og_locale":"en_US","og_type":"article","og_title":"Cart - Mademoiselle Louison - Activit\u00e9 Cadeau Portrait Photo r\u00e9tro 1900 \u00e0 Paris &amp; Tours.","og_url":"https:\/\/www.mademoisellelouison.com\/en\/cart\/","og_site_name":"Mademoiselle Louison - Activit\u00e9 Cadeau Portrait Photo r\u00e9tro 1900 \u00e0 Paris &amp; Tours.","article_publisher":"https:\/\/www.facebook.com\/MademoiselleLouison\/","article_modified_time":"2019-11-26T21:08:03+00:00","og_image":[{"width":200,"height":200,"url":"https:\/\/www.mademoisellelouison.com\/wp-content\/uploads\/2019\/11\/logo-rond-noir.png","type":"image\/png"}],"twitter_card":"summary_large_image","twitter_description":"[woocommerce_cart]","schema":{"@context":"https:\/\/schema.org","@graph":[{"@type":"WebPage","@id":"https:\/\/www.mademoisellelouison.com\/en\/cart\/","url":"https:\/\/www.mademoisellelouison.com\/en\/cart\/","name":"Cart - Mademoiselle Louison - Activit\u00e9 Cadeau Portrait Photo r\u00e9tro 1900 \u00e0 Paris &amp; Tours.","isPartOf":{"@id":"https:\/\/www.mademoisellelouison.com\/#website"},"datePublished":"2019-11-24T18:37:12+00:00","dateModified":"2019-11-26T21:08:03+00:00","breadcrumb":{"@id":"https:\/\/www.mademoisellelouison.com\/en\/cart\/#breadcrumb"},"inLanguage":"en-US","potentialAction":[{"@type":"ReadAction","target":["https:\/\/www.mademoisellelouison.com\/en\/cart\/"]}]},{"@type":"BreadcrumbList","@id":"https:\/\/www.mademoisellelouison.com\/en\/cart\/#breadcrumb","itemListElement":[{"@type":"ListItem","position":1,"name":"Accueil","item":"https:\/\/www.mademoisellelouison.com\/en\/home\/"},{"@type":"ListItem","position":2,"name":"Cart"}]},{"@type":"WebSite","@id":"https:\/\/www.mademoisellelouison.com\/#website","url":"https:\/\/www.mademoisellelouison.com\/","name":"Mademoiselle Louison - Activit\u00e9 Cadeau Portrait Photo r\u00e9tro 1900 \u00e0 Paris &amp; Tours.","description":"Photo r\u00e9tro 1900 - Votre portrait photo en mode Belle Epoque. A Paris et Tours. S\u00e9ances photos pour portraits en tenues vintage 1900 mode Belle Epoque. Cadeau\/activit\u00e9 unique-ludique-atypique-sympathique-magique-immersif !","publisher":{"@id":"https:\/\/www.mademoisellelouison.com\/#organization"},"potentialAction":[{"@type":"SearchAction","target":{"@type":"EntryPoint","urlTemplate":"https:\/\/www.mademoisellelouison.com\/?s={search_term_string}"},"query-input":{"@type":"PropertyValueSpecification","valueRequired":true,"valueName":"search_term_string"}}],"inLanguage":"en-US"},{"@type":"Organization","@id":"https:\/\/www.mademoisellelouison.com\/#organization","name":"Mademoiselle Louison","url":"https:\/\/www.mademoisellelouison.com\/","logo":{"@type":"ImageObject","inLanguage":"en-US","@id":"https:\/\/www.mademoisellelouison.com\/#\/schema\/logo\/image\/","url":"","contentUrl":"","caption":"Mademoiselle Louison"},"image":{"@id":"https:\/\/www.mademoisellelouison.com\/#\/schema\/logo\/image\/"},"sameAs":["https:\/\/www.facebook.com\/MademoiselleLouison\/","https:\/\/www.instagram.com\/mlle.louison\/","https:\/\/www.linkedin.com\/company\/mademoiselle-louison\/","https:\/\/www.pinterest.fr\/MademoiselleLouison\/"]}]}},"_links":{"self":[{"href":"https:\/\/www.mademoisellelouison.com\/en\/wp-json\/wp\/v2\/pages\/29622","targetHints":{"allow":["GET"]}}],"collection":[{"href":"https:\/\/www.mademoisellelouison.com\/en\/wp-json\/wp\/v2\/pages"}],"about":[{"href":"https:\/\/www.mademoisellelouison.com\/en\/wp-json\/wp\/v2\/types\/page"}],"author":[{"embeddable":true,"href":"https:\/\/www.mademoisellelouison.com\/en\/wp-json\/wp\/v2\/users\/1"}],"replies":[{"embeddable":true,"href":"https:\/\/www.mademoisellelouison.com\/en\/wp-json\/wp\/v2\/comments?post=29622"}],"version-history":[{"count":5,"href":"https:\/\/www.mademoisellelouison.com\/en\/wp-json\/wp\/v2\/pages\/29622\/revisions"}],"predecessor-version":[{"id":30049,"href":"https:\/\/www.mademoisellelouison.com\/en\/wp-json\/wp\/v2\/pages\/29622\/revisions\/30049"}],"wp:attachment":[{"href":"https:\/\/www.mademoisellelouison.com\/en\/wp-json\/wp\/v2\/media?parent=29622"}],"curies":[{"name":"wp","href":"https:\/\/api.w.org\/{rel}","templated":true}]}}