{"id":31916,"date":"2020-05-14T15:36:17","date_gmt":"2020-05-14T13:36:17","guid":{"rendered":"https:\/\/www.mademoisellelouison.com\/?page_id=31916"},"modified":"2021-06-17T18:54:30","modified_gmt":"2021-06-17T16:54:30","slug":"services","status":"publish","type":"page","link":"https:\/\/www.mademoisellelouison.com\/en\/services\/","title":{"rendered":"Services"},"content":{"rendered":"<p>[et_pb_section fb_built=&#8221;1&#8243; _builder_version=&#8221;4.0.4&#8243; custom_padding=&#8221;||3px|||&#8221;][et_pb_row _builder_version=&#8221;4.0.4&#8243; min_height=&#8221;108px&#8221;][et_pb_column type=&#8221;4_4&#8243; _builder_version=&#8221;4.0.4&#8243;][et_pb_text _builder_version=&#8221;4.0.5&#8243; header_font=&#8221;Playfair Display||||||||&#8221; header_text_align=&#8221;center&#8221; header_font_size=&#8221;60px&#8221;]<\/p>\n<h1 style=\"text-align: center\">Our 3 services for your photo portraits in costumes<\/h1>\n<p>[\/et_pb_text][\/et_pb_column][\/et_pb_row][\/et_pb_section][et_pb_section fb_built=&#8221;1&#8243; _builder_version=&#8221;4.7.3&#8243; _module_preset=&#8221;default&#8221; min_height=&#8221;146px&#8221; custom_padding=&#8221;0px||0px|||&#8221;][et_pb_row _builder_version=&#8221;4.7.3&#8243; _module_preset=&#8221;default&#8221; min_height=&#8221;66px&#8221;][et_pb_column type=&#8221;4_4&#8243; _builder_version=&#8221;4.7.3&#8243; _module_preset=&#8221;default&#8221;][et_pb_button button_url=&#8221;https:\/\/www.mademoisellelouison.com\/cadeaux-seances-photos-personnalisees\/&#8221; button_text=&#8221;CHOOSE YOUR SERVICE THEN OFFER (YOURSELF) A PHOTO SESSION IN BELLE \u00c9POQUE COSTUMES: HERE&#8221; button_alignment=&#8221;center&#8221; _builder_version=&#8221;4.7.3&#8243; _module_preset=&#8221;default&#8221;][\/et_pb_button][\/et_pb_column][\/et_pb_row][\/et_pb_section][et_pb_section fb_built=&#8221;1&#8243; custom_padding_last_edited=&#8221;on|desktop&#8221; admin_label=&#8221;Section&#8221; _builder_version=&#8221;4.0.7&#8243; background_color=&#8221;#ffffff&#8221; min_height=&#8221;2872px&#8221; custom_margin=&#8221;-74px|||||&#8221; custom_padding=&#8221;0px||||false|false&#8221; custom_padding_tablet=&#8221;50px|0|50px|0&#8243; custom_padding_phone=&#8221;&#8221; transparent_background=&#8221;off&#8221; make_fullwidth=&#8221;off&#8221; use_custom_width=&#8221;off&#8221; width_unit=&#8221;on&#8221;][et_pb_row column_structure=&#8221;1_3,1_3,1_3&#8243; make_equal=&#8221;on&#8221; _builder_version=&#8221;4.4.5&#8243; custom_margin=&#8221;|auto||auto|false|false&#8221; border_color_all=&#8221;#ffffff&#8221; border_width_bottom=&#8221;2px&#8221;][et_pb_column type=&#8221;1_3&#8243; _builder_version=&#8221;4.0.5&#8243; custom_css_main_element=&#8221;margin: auto auto 0;&#8221;][et_pb_text _builder_version=&#8221;4.4.5&#8243; header_2_font=&#8221;Playfair Display||on||||||&#8221; header_2_font_size=&#8221;40px&#8221; link_option_url=&#8221;#souvenir&#8221;]<\/p>\n<h2 style=\"text-align: left\"><span style=\"font-size: 40px\">Souvenir<\/span><\/h2>\n<p><em>Taking the time to set the scene<\/em><\/p>\n<h2><\/h2>\n<p>[\/et_pb_text][\/et_pb_column][et_pb_column type=&#8221;1_3&#8243; _builder_version=&#8221;4.4.5&#8243;][et_pb_text _builder_version=&#8221;4.4.5&#8243; header_2_font=&#8221;Playfair Display||on||||||&#8221; header_2_font_size=&#8221;40px&#8221; link_option_url=&#8221;#sit&amp;click&#8221;]<\/p>\n<h2 style=\"text-align: center\"><span style=\"font-size: 40px;text-align: left\">Sit &amp; Click<\/span><\/h2>\n<p style=\"text-align: center\"><em>The portrait in 1 pose<\/em><\/p>\n<p>[\/et_pb_text][\/et_pb_column][et_pb_column type=&#8221;1_3&#8243; _builder_version=&#8221;4.4.5&#8243;][et_pb_text _builder_version=&#8221;4.4.5&#8243; header_2_font=&#8221;Playfair Display||on||||||&#8221; header_2_font_size=&#8221;40px&#8221; link_option_url=&#8221;#elsewhere&#8221;]<\/p>\n<h2 style=\"text-align: right\"><span style=\"font-size: 40px\">Elsewhere<\/span><\/h2>\n<p style=\"text-align: right\"><em>Meet you where you are<\/em><\/p>\n<p>[\/et_pb_text][\/et_pb_column][\/et_pb_row][et_pb_row _builder_version=&#8221;4.7.3&#8243; _module_preset=&#8221;default&#8221; custom_padding=&#8221;||51px|||&#8221;][et_pb_column type=&#8221;4_4&#8243; _builder_version=&#8221;4.7.3&#8243; _module_preset=&#8221;default&#8221;][et_pb_text _builder_version=&#8221;4.7.3&#8243; _module_preset=&#8221;default&#8221;]<\/p>\n<p style=\"text-align: center\"><strong><span style=\"color: #000000\">For all services, outfits and accessories are provided. All sizes are available. Any session card purchased is valid for 1 year.<\/span><\/strong><\/p>\n<p>[\/et_pb_text][\/et_pb_column][\/et_pb_row][et_pb_row _builder_version=&#8221;4.4.5&#8243; min_height=&#8221;97px&#8221; border_color_all=&#8221;#ffffff&#8221; border_width_bottom=&#8221;2px&#8221;][et_pb_column type=&#8221;4_4&#8243; _builder_version=&#8221;4.0.4&#8243;][et_pb_text module_id=&#8221;souvenir&#8221; _builder_version=&#8221;4.4.5&#8243; header_2_font=&#8221;Playfair Display||on||||||&#8221; header_2_font_size=&#8221;40px&#8221;]<\/p>\n<h2><span style=\"color: #dea39c\">Session &#8220;Souvenir&#8221;, the gift to offer.<\/span><\/h2>\n<p>[\/et_pb_text][\/et_pb_column][\/et_pb_row][et_pb_row column_structure=&#8221;2_5,3_5&#8243; _builder_version=&#8221;4.4.5&#8243; min_height=&#8221;420px&#8221; custom_margin=&#8221;0px|auto|-51px|auto|false|false&#8221; custom_padding=&#8221;||2px|||&#8221;][et_pb_column type=&#8221;2_5&#8243; _builder_version=&#8221;4.4.5&#8243;][et_pb_image src=&#8221;https:\/\/www.mademoisellelouison.com\/wp-content\/uploads\/2020\/05\/Mlle-Louison-session-300&#215;300.jpg&#8221; url=&#8221;@ET-DC@eyJkeW5hbWljIjp0cnVlLCJjb250ZW50IjoiaG9tZV91cmwiLCJzZXR0aW5ncyI6e319@&#8221; _builder_version=&#8221;4.6.2&#8243; _dynamic_attributes=&#8221;url&#8221;][\/et_pb_image][\/et_pb_column][et_pb_column type=&#8221;3_5&#8243; _builder_version=&#8221;4.4.5&#8243;][et_pb_text admin_label=&#8221;Text&#8221; _builder_version=&#8221;4.9.4&#8243; text_font=&#8221;Raleway||||||||&#8221; text_text_color=&#8221;#333b40&#8243; text_font_size=&#8221;20&#8243; text_line_height=&#8221;1.3em&#8221; background_size=&#8221;initial&#8221; background_position=&#8221;top_left&#8221; background_repeat=&#8221;repeat&#8221; text_orientation=&#8221;center&#8221; width=&#8221;100%&#8221; module_alignment=&#8221;center&#8221; min_height=&#8221;384px&#8221; custom_margin=&#8221;||38px|&#8221; use_border_color=&#8221;off&#8221; border_color=&#8221;#ffffff&#8221; border_style=&#8221;solid&#8221;]<\/p>\n<p style=\"text-align: left\">This is THE formula to take your time and spend 2 hours in the studio to the rhythm of the 1900 anecdotes.<\/p>\n<p style=\"text-align: center\"><strong><em>**SEE ALL OPTIONS &amp; GIFT SESSION CARDS:<\/em> <span style=\"color: #000000\"><a href=\"https:\/\/www.mademoisellelouison.com\/en\/shop\/\" style=\"color: #000000\"><span style=\"text-decoration: underline\">HERE<\/span><\/a><\/span><em>**<\/em><\/strong><\/p>\n<p style=\"text-align: left\">Mlle Louison dresses you up in her vintage suits and completes your &#8220;Belle \u00c9poque&#8221; outfit with the accessories that make you look your best. Your photo portraits in costume will be unforgettable and made to measure.<\/p>\n<p style=\"text-align: left\">This is the session where the stagings are thought out for and with you, where we take time for refreshing breaks.<\/p>\n<p style=\"text-align: left\">At the end of this &#8220;Souvenir&#8221; session, you will receive a secure link to the raw photos of your session, and afterwards, your 10 retained photos retouched in HD and the best one sent as a 13x18cm photo print sent to your home with the &#8220;LovePocket&#8221; by Mademoiselle Louison souvenir case.<\/p>\n<p style=\"text-align: left\">Souvenir = 1 s\u00e9ance sympathique 2h (pr\u00e9paration et d\u00e9shabillage inclus) + 1 tirage 13x18cm sur papier photo + 10 photos* HD en version digitale (format 34x51cm 300dpi), chacune avec 3 effets r\u00e9tros &#8211; N&amp;B, S\u00e9pia, effet coloris\u00e9 &#8211; soit 30 photos HD en digital.<\/p>\n<p style=\"text-align: left\"><em>*at the end of the session you will receive a link to view all your comic book photos and choose your 10 favourites.<\/em><\/p>\n<p style=\"text-align: left\">All rates:<\/p>\n<table>\n<tbody>\n<tr>\n<td>ADULTS +18 years (4 max)<\/td>\n<td>from 210 to 310 \u20ac.<\/td>\n<\/tr>\n<tr>\n<td>KID +1 year to -18 years (3 max)<\/td>\n<td>from 205 to 255\u20ac.<\/td>\n<\/tr>\n<tr>\n<td>Birth 1 Baby &amp; 1 ou 2 parent(s)<\/td>\n<td>230\/260\u20ac<\/td>\n<\/tr>\n<tr>\n<td>FAMILY 1\/2 parents + 1\/3 kids<\/td>\n<td>from 230 to 315\u20ac.<\/td>\n<\/tr>\n<tr>\n<td>WEDDING &#8211; Repro married 1900<\/td>\n<td>400\u20ac<\/td>\n<\/tr>\n<tr>\n<td><\/td>\n<td><\/td>\n<\/tr>\n<tr>\n<td><\/td>\n<td><\/td>\n<\/tr>\n<\/tbody>\n<\/table>\n<p>They like : <span style=\"text-decoration: underline\"><span style=\"color: #000000\"><strong><a href=\"https:\/\/www.facebook.com\/pg\/MademoiselleLouison\/reviews\/?ref=page_internal\" target=\"_blank\" rel=\"noopener noreferrer\" style=\"color: #000000;text-decoration: underline\">AVIS FACEBOOK<\/a><\/strong><\/span><\/span><\/p>\n<p>Heroes on <span style=\"text-decoration: underline;color: #000000\"><strong><a href=\"https:\/\/www.instagram.com\/mlle.louison\/\" target=\"_blank\" rel=\"noopener noreferrer\" style=\"color: #000000;text-decoration: underline\">INSTAGRAM<\/a><\/strong><\/span><\/p>\n<p>[\/et_pb_text][\/et_pb_column][\/et_pb_row][et_pb_row _builder_version=&#8221;4.4.5&#8243; border_color_all=&#8221;#ffffff&#8221; border_width_bottom=&#8221;2px&#8221;][et_pb_column type=&#8221;4_4&#8243; _builder_version=&#8221;4.0.4&#8243;][et_pb_text module_id=&#8221;sit&amp;click&#8221; _builder_version=&#8221;4.4.5&#8243; header_2_font=&#8221;Playfair Display||on||||||&#8221; header_2_font_size=&#8221;40px&#8221;]<\/p>\n<h2><span style=\"color: #dea39c\">Session &#8220;Sit &amp; Click&#8221;<\/span><\/h2>\n<p>[\/et_pb_text][\/et_pb_column][\/et_pb_row][et_pb_row column_structure=&#8221;2_5,3_5&#8243; _builder_version=&#8221;4.9.1&#8243; min_height=&#8221;420px&#8221; custom_margin=&#8221;|auto|-54px|auto||&#8221; custom_padding=&#8221;||0px|||&#8221;][et_pb_column type=&#8221;2_5&#8243; _builder_version=&#8221;4.4.5&#8243;][et_pb_image src=&#8221;https:\/\/www.mademoisellelouison.com\/wp-content\/uploads\/2020\/05\/IMG_3674-300&#215;300.jpeg&#8221; alt=&#8221;private studio photo shoot&#8221; title_text=&#8221;Photo by Mlle Louison&#8221; _builder_version=&#8221;4.4.5&#8243;][\/et_pb_image][\/et_pb_column][et_pb_column type=&#8221;3_5&#8243; _builder_version=&#8221;4.4.5&#8243;][et_pb_text admin_label=&#8221;Text&#8221; _builder_version=&#8221;4.9.1&#8243; text_font=&#8221;Raleway||||||||&#8221; text_text_color=&#8221;#333b40&#8243; text_font_size=&#8221;20&#8243; text_line_height=&#8221;1.3em&#8221; background_size=&#8221;initial&#8221; background_position=&#8221;top_left&#8221; background_repeat=&#8221;repeat&#8221; text_orientation=&#8221;center&#8221; module_alignment=&#8221;center&#8221; min_height=&#8221;384px&#8221; custom_margin=&#8221;||38px|&#8221; custom_padding=&#8221;||0px|||&#8221; use_border_color=&#8221;off&#8221; border_color=&#8221;#ffffff&#8221; border_style=&#8221;solid&#8221;]<\/p>\n<p style=\"text-align: left\">It&#8217;s THE service for a quick and nice portrait like in 1900.<\/p>\n<p style=\"text-align: left\">It&#8217;s the corner for friends, students and tribes to make a nice and original souvenir alone or with friends without spending too much money.<\/p>\n<p style=\"text-align: left\">1 outfit per person + 1 grouped pose = unique portrait guaranteed!<\/p>\n<p style=\"text-align: left\">Digital photo portrait sent in HD &#8211; format 34x51cm &#8211; Black &amp; White version.<\/p>\n<table width=\"311\">\n<tbody>\n<tr>\n<td style=\"width: 213.008px\">\n<p>1 to 3 persons max<\/p>\n<p>(all details in the <span style=\"text-decoration: underline\"><a href=\"https:\/\/www.mademoisellelouison.com\/en\/shop\/\">eShop<\/a><\/span>)<\/p>\n<\/td>\n<td style=\"width: 81.7578px\">\n<p>from \u20ac60 to \u20ac120<\/p>\n<\/td>\n<\/tr>\n<\/tbody>\n<\/table>\n<p style=\"text-align: center\"><strong>OPTIONS &amp; PRE-BOOKING: <span style=\"color: #000000\"><a href=\"https:\/\/www.mademoisellelouison.com\/en\/shop\/\" style=\"color: #000000\"><span style=\"text-decoration: underline\">HERE<\/span><\/a><\/span><\/strong><\/p>\n<p>[\/et_pb_text][\/et_pb_column][\/et_pb_row][et_pb_row _builder_version=&#8221;4.4.5&#8243; border_color_all=&#8221;#ffffff&#8221; border_width_bottom=&#8221;2px&#8221;][et_pb_column type=&#8221;4_4&#8243; _builder_version=&#8221;4.0.4&#8243;][et_pb_text module_id=&#8221;ailleurs&#8221; _builder_version=&#8221;4.4.5&#8243; header_2_font=&#8221;Playfair Display||on||||||&#8221; header_2_font_size=&#8221;40px&#8221;]<\/p>\n<h2><span style=\"color: #dea39c\">Elsewhere&#8221; session for your costumed photo portraits<\/span><\/h2>\n<p>[\/et_pb_text][\/et_pb_column][\/et_pb_row][et_pb_row column_structure=&#8221;2_5,3_5&#8243; _builder_version=&#8221;4.4.5&#8243; min_height=&#8221;420px&#8221; custom_margin=&#8221;|auto|-54px|auto||&#8221; custom_padding=&#8221;||0px|||&#8221;][et_pb_column type=&#8221;2_5&#8243; _builder_version=&#8221;4.4.5&#8243;][et_pb_image src=&#8221;https:\/\/www.mademoisellelouison.com\/wp-content\/uploads\/2020\/05\/CUTK4985-300&#215;300.jpeg&#8221; alt=&#8221;private studio photo shoot&#8221; title_text=&#8221;was carrying Mademoiselle Louison outside.&#8221; _builder_version=&#8221;4.4.5&#8243;][\/et_pb_image][\/et_pb_column][et_pb_column type=&#8221;3_5&#8243; _builder_version=&#8221;4.4.5&#8243;][et_pb_text admin_label=&#8221;Text&#8221; _builder_version=&#8221;4.9.4&#8243; text_font=&#8221;Raleway||||||||&#8221; text_text_color=&#8221;#333b40&#8243; text_font_size=&#8221;20&#8243; text_line_height=&#8221;1.3em&#8221; background_size=&#8221;initial&#8221; background_position=&#8221;top_left&#8221; background_repeat=&#8221;repeat&#8221; text_orientation=&#8221;center&#8221; module_alignment=&#8221;center&#8221; min_height=&#8221;384px&#8221; custom_margin=&#8221;||38px|&#8221; hover_enabled=&#8221;0&#8243; use_border_color=&#8221;off&#8221; border_color=&#8221;#ffffff&#8221; border_style=&#8221;solid&#8221; sticky_enabled=&#8221;0&#8243;]<\/p>\n<p style=\"text-align: left\">It is THE itinerant session that follows your desires.<\/p>\n<p style=\"text-align: left\">Does your event need a delicate, original and elegant photo animation? Would you simply like to have your private session outside? Miss Louison travels with her outfits to carry out your portraits, or those of your guests, as in the &#8220;Belle Epoque&#8221;.<\/p>\n<p style=\"text-align: left\">Company events, teambuilding, seminars, EVJF, EVG, weddings, birthdays, congresses&#8230; from the simplest to the most sophisticated, all versions are possible.<\/p>\n<p style=\"text-align: left\">Price on request: <strong><a href=\"mailto:contact@mllelouison.com\">contact@mllelouison.com<\/a><\/strong><\/p>\n<p>[\/et_pb_text][\/et_pb_column][\/et_pb_row][et_pb_row padding_mobile=&#8221;on&#8221; column_padding_mobile=&#8221;on&#8221; custom_padding_last_edited=&#8221;on|desktop&#8221; admin_label=&#8221;Row&#8221; _builder_version=&#8221;3.25&#8243; background_size=&#8221;initial&#8221; background_position=&#8221;top_left&#8221; background_repeat=&#8221;repeat&#8221; custom_padding=&#8221;21px||0px|&#8221; custom_padding_tablet=&#8221;&#8221; custom_padding_phone=&#8221;&#8221; make_fullwidth=&#8221;off&#8221; use_custom_width=&#8221;off&#8221; width_unit=&#8221;on&#8221;][et_pb_column type=&#8221;4_4&#8243; _builder_version=&#8221;4.4.5&#8243;][et_pb_image src=&#8221;https:\/\/www.mademoisellelouison.com\/wp-content\/uploads\/2020\/05\/logos-02-150&#215;150.png&#8221; title_text=&#8221;souvenirs from paris by mademoiselle louison&#8221; align=&#8221;center&#8221; _builder_version=&#8221;4.4.5&#8243;][\/et_pb_image][\/et_pb_column][\/et_pb_row][et_pb_row padding_mobile=&#8221;on&#8221; column_padding_mobile=&#8221;on&#8221; custom_padding_last_edited=&#8221;on|desktop&#8221; admin_label=&#8221;Row&#8221; _builder_version=&#8221;3.25&#8243; background_size=&#8221;initial&#8221; background_position=&#8221;top_left&#8221; background_repeat=&#8221;repeat&#8221; custom_padding=&#8221;20px||61px|&#8221; custom_padding_tablet=&#8221;0px|||&#8221; custom_padding_phone=&#8221;&#8221; make_fullwidth=&#8221;off&#8221; use_custom_width=&#8221;off&#8221; width_unit=&#8221;on&#8221;][et_pb_column type=&#8221;4_4&#8243; _builder_version=&#8221;3.25&#8243; custom_padding=&#8221;|||&#8221; custom_padding__hover=&#8221;|||&#8221;][et_pb_divider color=&#8221;#d7dce1&#8243; disabled_on=&#8221;off|off|off&#8221; admin_label=&#8221;Divider&#8221; _builder_version=&#8221;4.0.7&#8243; custom_padding=&#8221;||10px|||&#8221; hide_on_mobile=&#8221;off&#8221;][\/et_pb_divider][et_pb_text disabled_on=&#8221;off|off|off&#8221; admin_label=&#8221;Text&#8221; _builder_version=&#8221;4.0.7&#8243; text_font=&#8221;Source Sans Pro||||&#8221; text_text_color=&#8221;#9da9b0&#8243; text_font_size=&#8221;16&#8243; background_size=&#8221;initial&#8221; background_position=&#8221;top_left&#8221; background_repeat=&#8221;repeat&#8221; text_orientation=&#8221;center&#8221; module_alignment=&#8221;center&#8221; custom_margin=&#8221;-10px|||&#8221; use_border_color=&#8221;off&#8221; border_color=&#8221;#ffffff&#8221; border_style=&#8221;solid&#8221;]<\/p>\n<p>Learn more about our <a href=\"https:\/\/www.mademoisellelouison.com\/en\/general-terms-and-conditions-of-sale\/\"><span style=\"color: #757f86\"><u>Terms and Conditions<\/u><\/span><\/a><\/p>\n<p>[\/et_pb_text][\/et_pb_column][\/et_pb_row][\/et_pb_section]<\/p>\n","protected":false},"excerpt":{"rendered":"<p>Our 3 services for your photo portraits in costumesSouvenir Taking the time to set the scene Sit &amp; Click The portrait in 1 poseElsewhere Meet you where you areFor all services, outfits and accessories are provided. All sizes are available. Any session card purchased is valid for 1 year.Session &#8220;Souvenir&#8221;, the gift to offer.This is [&hellip;]<\/p>\n","protected":false},"author":1,"featured_media":0,"parent":0,"menu_order":0,"comment_status":"closed","ping_status":"closed","template":"","meta":{"_et_pb_use_builder":"on","_et_pb_old_content":"","_et_gb_content_width":"","footnotes":""},"class_list":["post-31916","page","type-page","status-publish","hentry"],"yoast_head":"<!-- This site is optimized with the Yoast SEO plugin v27.1.1 - https:\/\/yoast.com\/product\/yoast-seo-wordpress\/ -->\n<title>Your photo portraits in suits in 3 services - Mlle Louison<\/title>\n<meta name=\"description\" content=\"Choose the best service for your photo portraits in Belle \u00c9poque costumes. Clothes and accessories provided and for the whole family!\" \/>\n<meta name=\"robots\" content=\"index, follow, max-snippet:-1, max-image-preview:large, max-video-preview:-1\" \/>\n<link rel=\"canonical\" href=\"https:\/\/www.mademoisellelouison.com\/en\/services\/\" \/>\n<meta property=\"og:locale\" content=\"en_US\" \/>\n<meta property=\"og:type\" content=\"article\" \/>\n<meta property=\"og:title\" content=\"Your photo portraits in suits in 3 services - Mlle Louison\" \/>\n<meta property=\"og:description\" content=\"Choose the best service for your photo portraits in Belle \u00c9poque costumes. Clothes and accessories provided and for the whole family!\" \/>\n<meta property=\"og:url\" content=\"https:\/\/www.mademoisellelouison.com\/en\/services\/\" \/>\n<meta property=\"og:site_name\" content=\"Mademoiselle Louison - Activit\u00e9 Cadeau Portrait Photo r\u00e9tro 1900 \u00e0 Paris &amp; Tours.\" \/>\n<meta property=\"article:publisher\" content=\"https:\/\/www.facebook.com\/MademoiselleLouison\/\" \/>\n<meta property=\"article:modified_time\" content=\"2021-06-17T16:54:30+00:00\" \/>\n<meta property=\"og:image\" content=\"https:\/\/www.mademoisellelouison.com\/wp-content\/uploads\/2019\/11\/logo-rond-noir.png\" \/>\n\t<meta property=\"og:image:width\" content=\"200\" \/>\n\t<meta property=\"og:image:height\" content=\"200\" \/>\n\t<meta property=\"og:image:type\" content=\"image\/png\" \/>\n<meta name=\"twitter:card\" content=\"summary_large_image\" \/>\n<meta name=\"twitter:label1\" content=\"Est. reading time\" \/>\n\t<meta name=\"twitter:data1\" content=\"8 minutes\" \/>\n<!-- \/ Yoast SEO plugin. -->","yoast_head_json":{"title":"Your photo portraits in suits in 3 services - Mlle Louison","description":"Choose the best service for your photo portraits in Belle \u00c9poque costumes. Clothes and accessories provided and for the whole family!","robots":{"index":"index","follow":"follow","max-snippet":"max-snippet:-1","max-image-preview":"max-image-preview:large","max-video-preview":"max-video-preview:-1"},"canonical":"https:\/\/www.mademoisellelouison.com\/en\/services\/","og_locale":"en_US","og_type":"article","og_title":"Your photo portraits in suits in 3 services - Mlle Louison","og_description":"Choose the best service for your photo portraits in Belle \u00c9poque costumes. Clothes and accessories provided and for the whole family!","og_url":"https:\/\/www.mademoisellelouison.com\/en\/services\/","og_site_name":"Mademoiselle Louison - Activit\u00e9 Cadeau Portrait Photo r\u00e9tro 1900 \u00e0 Paris &amp; Tours.","article_publisher":"https:\/\/www.facebook.com\/MademoiselleLouison\/","article_modified_time":"2021-06-17T16:54:30+00:00","og_image":[{"width":200,"height":200,"url":"https:\/\/www.mademoisellelouison.com\/wp-content\/uploads\/2019\/11\/logo-rond-noir.png","type":"image\/png"}],"twitter_card":"summary_large_image","twitter_misc":{"Est. reading time":"8 minutes"},"schema":{"@context":"https:\/\/schema.org","@graph":[{"@type":"WebPage","@id":"https:\/\/www.mademoisellelouison.com\/en\/services\/","url":"https:\/\/www.mademoisellelouison.com\/en\/services\/","name":"Your photo portraits in suits in 3 services - Mlle Louison","isPartOf":{"@id":"https:\/\/www.mademoisellelouison.com\/#website"},"datePublished":"2020-05-14T13:36:17+00:00","dateModified":"2021-06-17T16:54:30+00:00","description":"Choose the best service for your photo portraits in Belle \u00c9poque costumes. Clothes and accessories provided and for the whole family!","breadcrumb":{"@id":"https:\/\/www.mademoisellelouison.com\/en\/services\/#breadcrumb"},"inLanguage":"en-US","potentialAction":[{"@type":"ReadAction","target":["https:\/\/www.mademoisellelouison.com\/en\/services\/"]}]},{"@type":"BreadcrumbList","@id":"https:\/\/www.mademoisellelouison.com\/en\/services\/#breadcrumb","itemListElement":[{"@type":"ListItem","position":1,"name":"Accueil","item":"https:\/\/www.mademoisellelouison.com\/en\/home\/"},{"@type":"ListItem","position":2,"name":"Services"}]},{"@type":"WebSite","@id":"https:\/\/www.mademoisellelouison.com\/#website","url":"https:\/\/www.mademoisellelouison.com\/","name":"Mademoiselle Louison - Activit\u00e9 Cadeau Portrait Photo r\u00e9tro 1900 \u00e0 Paris &amp; Tours.","description":"Photo r\u00e9tro 1900 - Votre portrait photo en mode Belle Epoque. A Paris et Tours. S\u00e9ances photos pour portraits en tenues vintage 1900 mode Belle Epoque. Cadeau\/activit\u00e9 unique-ludique-atypique-sympathique-magique-immersif !","publisher":{"@id":"https:\/\/www.mademoisellelouison.com\/#organization"},"potentialAction":[{"@type":"SearchAction","target":{"@type":"EntryPoint","urlTemplate":"https:\/\/www.mademoisellelouison.com\/?s={search_term_string}"},"query-input":{"@type":"PropertyValueSpecification","valueRequired":true,"valueName":"search_term_string"}}],"inLanguage":"en-US"},{"@type":"Organization","@id":"https:\/\/www.mademoisellelouison.com\/#organization","name":"Mademoiselle Louison","url":"https:\/\/www.mademoisellelouison.com\/","logo":{"@type":"ImageObject","inLanguage":"en-US","@id":"https:\/\/www.mademoisellelouison.com\/#\/schema\/logo\/image\/","url":"","contentUrl":"","caption":"Mademoiselle Louison"},"image":{"@id":"https:\/\/www.mademoisellelouison.com\/#\/schema\/logo\/image\/"},"sameAs":["https:\/\/www.facebook.com\/MademoiselleLouison\/","https:\/\/www.instagram.com\/mlle.louison\/","https:\/\/www.linkedin.com\/company\/mademoiselle-louison\/","https:\/\/www.pinterest.fr\/MademoiselleLouison\/"]}]}},"_links":{"self":[{"href":"https:\/\/www.mademoisellelouison.com\/en\/wp-json\/wp\/v2\/pages\/31916","targetHints":{"allow":["GET"]}}],"collection":[{"href":"https:\/\/www.mademoisellelouison.com\/en\/wp-json\/wp\/v2\/pages"}],"about":[{"href":"https:\/\/www.mademoisellelouison.com\/en\/wp-json\/wp\/v2\/types\/page"}],"author":[{"embeddable":true,"href":"https:\/\/www.mademoisellelouison.com\/en\/wp-json\/wp\/v2\/users\/1"}],"replies":[{"embeddable":true,"href":"https:\/\/www.mademoisellelouison.com\/en\/wp-json\/wp\/v2\/comments?post=31916"}],"version-history":[{"count":85,"href":"https:\/\/www.mademoisellelouison.com\/en\/wp-json\/wp\/v2\/pages\/31916\/revisions"}],"predecessor-version":[{"id":33834,"href":"https:\/\/www.mademoisellelouison.com\/en\/wp-json\/wp\/v2\/pages\/31916\/revisions\/33834"}],"wp:attachment":[{"href":"https:\/\/www.mademoisellelouison.com\/en\/wp-json\/wp\/v2\/media?parent=31916"}],"curies":[{"name":"wp","href":"https:\/\/api.w.org\/{rel}","templated":true}]}}