{"id":32359,"date":"2020-10-06T11:16:25","date_gmt":"2020-10-06T09:16:25","guid":{"rendered":"https:\/\/www.mademoisellelouison.com\/?page_id=32359"},"modified":"2024-01-17T16:33:20","modified_gmt":"2024-01-17T15:33:20","slug":"gallery-2","status":"publish","type":"page","link":"https:\/\/www.mademoisellelouison.com\/en\/gallery-2\/","title":{"rendered":"Gallery"},"content":{"rendered":"<p>[et_pb_section fb_built=&#8221;1&#8243; fullwidth=&#8221;on&#8221; _builder_version=&#8221;4.16&#8243; global_colors_info=&#8221;{}&#8221;][et_pb_fullwidth_header title=&#8221;Our gallery&#8221; _builder_version=&#8221;4.16&#8243; title_font=&#8221;Playfair Display||||||||&#8221; title_text_align=&#8221;center&#8221; title_text_color=&#8221;#000000&#8243; title_font_size=&#8221;60px&#8221; background_color=&#8221;rgba(0,0,0,0)&#8221; custom_padding=&#8221;||0px|||&#8221; global_colors_info=&#8221;{}&#8221;][\/et_pb_fullwidth_header][\/et_pb_section][et_pb_section fb_built=&#8221;1&#8243; _builder_version=&#8221;4.16&#8243; _module_preset=&#8221;default&#8221; custom_padding=&#8221;0px||0px|||&#8221; global_colors_info=&#8221;{}&#8221;][et_pb_row _builder_version=&#8221;4.16&#8243; _module_preset=&#8221;default&#8221; global_colors_info=&#8221;{}&#8221;][et_pb_column type=&#8221;4_4&#8243; _builder_version=&#8221;4.16&#8243; _module_preset=&#8221;default&#8221; global_colors_info=&#8221;{}&#8221;][et_pb_text _builder_version=&#8221;4.23.1&#8243; _module_preset=&#8221;default&#8221; global_colors_info=&#8221;{}&#8221;]<\/p>\n<h2 style=\"text-align: center;\">Mademoiselle Louison, these are personalized portraits of character.<\/h2>\n<p style=\"text-align: center;\">In the streets of Paris or in the studio, with or without 1900 outfits, you are at the center of my sessions whose objective is to ensure your well-being and the pleasure of making you live a unique, unusual and pleasant photo experience.<\/p>\n<p>[\/et_pb_text][\/et_pb_column][\/et_pb_row][et_pb_row _builder_version=&#8221;4.16&#8243; _module_preset=&#8221;default&#8221; global_colors_info=&#8221;{}&#8221;][et_pb_column type=&#8221;4_4&#8243; _builder_version=&#8221;4.16&#8243; _module_preset=&#8221;default&#8221; global_colors_info=&#8221;{}&#8221;][et_pb_text _builder_version=&#8221;4.23.1&#8243; _module_preset=&#8221;default&#8221; global_colors_info=&#8221;{}&#8221;]<\/p>\n<h2 style=\"text-align: center;\"><strong>L&#8217;Atelier 1900<\/strong> &#8211; Portraits in Belle Epoque outfits!<\/h2>\n<p>[\/et_pb_text][\/et_pb_column][\/et_pb_row][et_pb_row column_structure=&#8221;1_3,1_3,1_3&#8243; _builder_version=&#8221;4.16&#8243; _module_preset=&#8221;default&#8221; custom_padding=&#8221;||4px|||&#8221; global_colors_info=&#8221;{}&#8221;][et_pb_column type=&#8221;1_3&#8243; _builder_version=&#8221;4.16&#8243; _module_preset=&#8221;default&#8221; global_colors_info=&#8221;{}&#8221;][et_pb_image src=&#8221;https:\/\/www.mademoisellelouison.com\/wp-content\/uploads\/2023\/11\/Shooting-Photo-costumes-1900-\u00a9-Mlle-Louison.jpg&#8221; title_text=&#8221;Shooting-Photo-Costumes-1900&#8211;Mlle-Louison \u00a9&#8221; show_in_lightbox=&#8221;on&#8221; use_overlay=&#8221;on&#8221; overlay_icon_color=&#8221;#000000&#8243; align_tablet=&#8221;center&#8221; align_phone=&#8221;&#8221; align_last_edited=&#8221;on|desktop&#8221; _builder_version=&#8221;4.23.1&#8243; custom_margin=&#8221;||31px|||&#8221; global_colors_info=&#8221;{}&#8221;][\/et_pb_image][et_pb_text _builder_version=&#8221;4.16&#8243; _module_preset=&#8221;default&#8221; custom_margin=&#8221;-24px||12px|||&#8221; custom_padding=&#8221;||24px|||&#8221; global_colors_info=&#8221;{}&#8221;]<\/p>\n<p>The <strong>DUO<\/strong> moment or how to get together for an old-fashioned photo portrait in an immersive studio where everything is planned by <strong><br \/>\n  <a href=\"https:\/\/www.mademoisellelouison.com\/en\/about-us\/\">the photographer<\/a><br \/>\n<\/strong>, vintage outfits and accessories provided for all sizes.<\/p>\n<p><strong>Celebrate<\/strong> an upcoming birth in a different way.<\/p>\n<p>[\/et_pb_text][et_pb_image src=&#8221;https:\/\/www.mademoisellelouison.com\/wp-content\/uploads\/2023\/11\/Shooting-Photo-Vintage-Grossesse-\u00a9-Mlle-Louison.jpg&#8221; title_text=&#8221;Shooting-Photo-Vintage-Pregnancy&#8211;Mlle-Louison \u00a9&#8221; show_in_lightbox=&#8221;on&#8221; use_overlay=&#8221;on&#8221; overlay_icon_color=&#8221;#000000&#8243; align_tablet=&#8221;center&#8221; align_phone=&#8221;&#8221; align_last_edited=&#8221;on|desktop&#8221; _builder_version=&#8221;4.23.1&#8243; custom_margin=&#8221;-24px||20px|||&#8221; locked=&#8221;off&#8221; global_colors_info=&#8221;{}&#8221;][\/et_pb_image][\/et_pb_column][et_pb_column type=&#8221;1_3&#8243; _builder_version=&#8221;4.16&#8243; _module_preset=&#8221;default&#8221; global_colors_info=&#8221;{}&#8221;][et_pb_text _builder_version=&#8221;4.16&#8243; _module_preset=&#8221;default&#8221; custom_margin=&#8221;||16px|||&#8221; global_colors_info=&#8221;{}&#8221;]<\/p>\n<p>Sessions in natural settings thanks to the costumes worn over clothes: the journey through time guaranteed in each souvenir photo.<\/p>\n<p>[\/et_pb_text][et_pb_image src=&#8221;https:\/\/www.mademoisellelouison.com\/wp-content\/uploads\/2020\/09\/Photo-retro-1900-Delphine-danseuse.jpg&#8221; alt=&#8221;Retro 1900 photo sessions Portrait photo sessions in 1900 vintage outfits Belle Epoque fashion dancer&#8221; title_text=&#8221;Retro 1900 photo sessions Portrait photo sessions in 1900 vintage outfits Belle Epoque fashion dancer&#8221; show_in_lightbox=&#8221;on&#8221; use_overlay=&#8221;on&#8221; overlay_icon_color=&#8221;#000000&#8243; align_tablet=&#8221;center&#8221; align_phone=&#8221;&#8221; align_last_edited=&#8221;on|desktop&#8221; _builder_version=&#8221;4.16&#8243; custom_margin=&#8221;||7px|||&#8221; locked=&#8221;off&#8221; global_colors_info=&#8221;{}&#8221;][\/et_pb_image][et_pb_image src=&#8221;https:\/\/www.mademoisellelouison.com\/wp-content\/uploads\/2023\/11\/Shooting-Photo-Tour-Eiffel\u00a9-Mlle-Louison.jpg&#8221; alt=&#8221;Retro 1900 photo sessions Portrait photo sessions in 1900 vintage outfits Belle Epoque fashion thinker&#8221; title_text=&#8221;Shooting-Photo-Tour-Eiffel-Mlle-Louison\u00a9&#8221; show_in_lightbox=&#8221;on&#8221; use_overlay=&#8221;on&#8221; overlay_icon_color=&#8221;#000000&#8243; align_tablet=&#8221;center&#8221; align_phone=&#8221;&#8221; align_last_edited=&#8221;on|desktop&#8221; _builder_version=&#8221;4.23.1&#8243; locked=&#8221;off&#8221; global_colors_info=&#8221;{}&#8221;][\/et_pb_image][et_pb_image src=&#8221;https:\/\/www.mademoisellelouison.com\/wp-content\/uploads\/2023\/11\/gavroche-paris-photo-antan-belle-epoque.jpg&#8221; alt=&#8221;Retro 1900 photo sessions Portrait photo sessions in 1900 vintage outfits Belle Epoque fashion Belle Epoque dancer Eiffel Tower Paris&#8221; title_text=&#8221;gavroche-paris-photo-antan-belle-epoque&#8221; url=&#8221;@ET-DC@eyJkeW5hbWljIjp0cnVlLCJjb250ZW50IjoicG9zdF9saW5rX3VybCIsInNldHRpbmdzIjpbXX0=@&#8221; _builder_version=&#8221;4.23.1&#8243; _dynamic_attributes=&#8221;url&#8221; _module_preset=&#8221;default&#8221; custom_margin=&#8221;-17px|||||&#8221; global_colors_info=&#8221;{}&#8221;][\/et_pb_image][et_pb_text _builder_version=&#8221;4.23.1&#8243; _module_preset=&#8221;default&#8221; custom_margin=&#8221;||16px|||&#8221; global_colors_info=&#8221;{}&#8221;]<\/p>\n<p>A magical interlude. Check out more photos and <em><br \/>\n  <strong><a href=\"https:\/\/www.instagram.com\/mlle.louison\/\">behind-the-scenes on<\/a> <\/strong><br \/>\n<\/em>Instagram.<\/p>\n<p><span style=\"text-decoration: underline; color: #ffcc99;\"><a href=\"https:\/\/www.instagram.com\/mlle.louison\/\" style=\"color: #ffcc99; text-decoration: underline;\">@mlle.louison<\/a><\/span><\/p>\n<p>[\/et_pb_text][\/et_pb_column][et_pb_column type=&#8221;1_3&#8243; _builder_version=&#8221;4.16&#8243; _module_preset=&#8221;default&#8221; global_colors_info=&#8221;{}&#8221;][et_pb_text _builder_version=&#8221;4.23.1&#8243; _module_preset=&#8221;default&#8221; custom_margin=&#8221;||31px|||&#8221; global_colors_info=&#8221;{}&#8221;]<\/p>\n<p>A men&#8217;s and women&#8217;s dressing room to relive the elegance of the refined toilets of the Belle \u00c9poque.<\/p>\n<p>[\/et_pb_text][et_pb_image src=&#8221;https:\/\/www.mademoisellelouison.com\/wp-content\/uploads\/2023\/11\/Portrait-Photo-Femme-Paris-Vintage-\u00a9-Mlle-Louison.jpg&#8221; alt=&#8221;Retro 1900 photo sessions Portrait photo sessions in 1900 vintage outfits Belle Epoque fashion world&#8217;s fair women travellers&#8221; title_text=&#8221;Portrait-Photo-Woman-Paris-Vintage&#8211;Mlle-Louison \u00a9&#8221; show_in_lightbox=&#8221;on&#8221; use_overlay=&#8221;on&#8221; overlay_icon_color=&#8221;#000000&#8243; align_tablet=&#8221;center&#8221; align_phone=&#8221;&#8221; align_last_edited=&#8221;on|desktop&#8221; _builder_version=&#8221;4.23.1&#8243; custom_margin=&#8221;||6px|||&#8221; locked=&#8221;off&#8221; global_colors_info=&#8221;{}&#8221;][\/et_pb_image][et_pb_image src=&#8221;https:\/\/www.mademoisellelouison.com\/wp-content\/uploads\/2020\/10\/Mlle-Louison_Instagram-300&#215;100.jpg&#8221; alt=&#8221;retro photo portrait 1900 Paris Tours vintage fashion activity immersive gift frame customised instagram frame&#8221; title_text=&#8221;retro photo portrait 1900 Paris Tours vintage fashion activity immersive gift frame customised instagram frame&#8221; url=&#8221;https:\/\/www.instagram.com\/mlle.louison\/&#8221; url_new_window=&#8221;on&#8221; _builder_version=&#8221;4.23.1&#8243; _module_preset=&#8221;default&#8221; global_colors_info=&#8221;{}&#8221;][\/et_pb_image][et_pb_image src=&#8221;https:\/\/www.mademoisellelouison.com\/wp-content\/uploads\/2023\/11\/Shooting-Photo-Vintage-Homme-\u00a9-Mlle-Louison.jpg&#8221; alt=&#8221;Retro 1900 photo sessions Portrait photo sessions in 1900 vintage outfits Belle Epoque fashion lady&#8221; title_text=&#8221;Shooting-Photo-Vintage-Homme&#8211;Mlle-Louison \u00a9&#8221; show_in_lightbox=&#8221;on&#8221; use_overlay=&#8221;on&#8221; overlay_icon_color=&#8221;#000000&#8243; align_tablet=&#8221;center&#8221; align_phone=&#8221;&#8221; align_last_edited=&#8221;on|desktop&#8221; _builder_version=&#8221;4.23.1&#8243; custom_margin=&#8221;-23px|||||&#8221; custom_padding=&#8221;3px|||||&#8221; locked=&#8221;off&#8221; global_colors_info=&#8221;{}&#8221;][\/et_pb_image][\/et_pb_column][\/et_pb_row][\/et_pb_section][et_pb_section fb_built=&#8221;1&#8243; _builder_version=&#8221;4.16&#8243; _module_preset=&#8221;default&#8221; custom_margin=&#8221;-4px|||||&#8221; custom_padding=&#8221;0px|||||&#8221; global_colors_info=&#8221;{}&#8221;][et_pb_row column_structure=&#8221;1_2,1_2&#8243; _builder_version=&#8221;4.16&#8243; _module_preset=&#8221;default&#8221; global_colors_info=&#8221;{}&#8221;][et_pb_column type=&#8221;1_2&#8243; _builder_version=&#8221;4.16&#8243; _module_preset=&#8221;default&#8221; global_colors_info=&#8221;{}&#8221;][et_pb_text _builder_version=&#8221;4.16&#8243; _module_preset=&#8221;default&#8221; global_colors_info=&#8221;{}&#8221;]<\/p>\n<p>THE <strong>WEDDING<\/strong> idea !<\/p>\n<p>It&#8217;s THE gift to give to the bride and groom before or after the YES!<\/p>\n<p>A solo session just before the bachelorette party or a photo for two to continue celebrating LOVE!<\/p>\n<p><span style=\"font-size: 16px;\">And if they wish: they can make the wedding portaits as in 1900!<\/span><\/p>\n<p>Wedding dress and suit supplied and adaptable to all sizes.<\/p>\n<p>An original gift for the bride and groom, before or after the wedding day.<\/p>\n<p>Idea ++ Project the making off or the different shots during the wedding evening and create an animation and a fun break.<span style=\"font-size: 16px;\"> <\/span><\/p>\n<p>[\/et_pb_text][\/et_pb_column][et_pb_column _builder_version=&#8221;4.23.1&#8243; _module_preset=&#8221;default&#8221; type=&#8221;1_2&#8243;][et_pb_image src=&#8221;https:\/\/www.mademoisellelouison.com\/wp-content\/uploads\/2019\/11\/Souvenirs-Aline-Ghislain.jpg&#8221; show_in_lightbox=&#8221;on&#8221; use_overlay=&#8221;on&#8221; overlay_icon_color=&#8221;#000000&#8243; align_tablet=&#8221;center&#8221; align_phone=&#8221;&#8221; align_last_edited=&#8221;on|desktop&#8221; _builder_version=&#8221;4.16&#8243; locked=&#8221;off&#8221; global_colors_info=&#8221;{}&#8221;][\/et_pb_image][\/et_pb_column][\/et_pb_row][et_pb_row _builder_version=&#8221;4.16&#8243; _module_preset=&#8221;default&#8221; global_colors_info=&#8221;{}&#8221;][et_pb_column type=&#8221;4_4&#8243; _builder_version=&#8221;4.16&#8243; _module_preset=&#8221;default&#8221; global_colors_info=&#8221;{}&#8221;][et_pb_text _builder_version=&#8221;4.23.1&#8243; _module_preset=&#8221;default&#8221; global_colors_info=&#8221;{}&#8221;]<\/p>\n<h2 style=\"text-align: center;\"><strong>Paris<\/strong> &#8211; Your current portraits in the streets of the capital for a unique souvenir.<\/h2>\n<p>[\/et_pb_text][\/et_pb_column][\/et_pb_row][et_pb_row column_structure=&#8221;1_3,1_3,1_3&#8243; _builder_version=&#8221;4.16&#8243; _module_preset=&#8221;default&#8221; custom_margin=&#8221;-11px|auto||auto||&#8221; global_colors_info=&#8221;{}&#8221;][et_pb_column type=&#8221;1_3&#8243; _builder_version=&#8221;4.16&#8243; _module_preset=&#8221;default&#8221; global_colors_info=&#8221;{}&#8221;][et_pb_image src=&#8221;https:\/\/www.mademoisellelouison.com\/wp-content\/uploads\/2023\/11\/Shooting-Photo-Paris-souvenirs-\u00a9-Mlle-Louison.jpg&#8221; alt=&#8221;Retro 1900 photo sessions Portrait photo sessions in 1900 vintage outfits Belle Epoque fashion mother and baby&#8221; title_text=&#8221;Shooting-Photo-Paris-souvenirs&#8211;Mlle-Louison \u00a9&#8221; show_in_lightbox=&#8221;on&#8221; use_overlay=&#8221;on&#8221; overlay_icon_color=&#8221;#000000&#8243; align_tablet=&#8221;center&#8221; align_phone=&#8221;&#8221; align_last_edited=&#8221;on|desktop&#8221; _builder_version=&#8221;4.23.1&#8243; custom_margin=&#8221;-18px|||||&#8221; locked=&#8221;off&#8221; global_colors_info=&#8221;{}&#8221;][\/et_pb_image][et_pb_text _builder_version=&#8221;4.23.1&#8243; _module_preset=&#8221;default&#8221; global_colors_info=&#8221;{}&#8221;]<\/p>\n<p>Buren&#8217;s columns are also made for dancing!<\/p>\n<p>[\/et_pb_text][\/et_pb_column][et_pb_column type=&#8221;1_3&#8243; _builder_version=&#8221;4.16&#8243; _module_preset=&#8221;default&#8221; global_colors_info=&#8221;{}&#8221;][et_pb_image src=&#8221;https:\/\/www.mademoisellelouison.com\/wp-content\/uploads\/2023\/11\/Seance-Photo-Paris-Femme-\u00a9-Mlle-Louison.jpg&#8221; alt=&#8221;Retro 1900 photo sessions Portrait photo sessions in 1900 vintage outfits Belle Epoque fashion universal exhibition couple readers&#8221; title_text=&#8221;Photo-Shoot-Paris-Woman&#8211;Mlle-Louison \u00a9&#8221; show_in_lightbox=&#8221;on&#8221; use_overlay=&#8221;on&#8221; overlay_icon_color=&#8221;#000000&#8243; align_tablet=&#8221;center&#8221; align_phone=&#8221;&#8221; align_last_edited=&#8221;on|desktop&#8221; _builder_version=&#8221;4.23.1&#8243; custom_margin=&#8221;-19px|||||&#8221; locked=&#8221;off&#8221; global_colors_info=&#8221;{}&#8221;][\/et_pb_image][et_pb_text _builder_version=&#8221;4.16&#8243; _module_preset=&#8221;default&#8221; custom_margin=&#8221;-15px|||||&#8221; global_colors_info=&#8221;{}&#8221;]<\/p>\n<p>Woman of character.<\/p>\n<p>&nbsp;<\/p>\n<p>[\/et_pb_text][\/et_pb_column][et_pb_column type=&#8221;1_3&#8243; _builder_version=&#8221;4.16&#8243; _module_preset=&#8221;default&#8221; global_colors_info=&#8221;{}&#8221;][et_pb_image src=&#8221;https:\/\/www.mademoisellelouison.com\/wp-content\/uploads\/2023\/11\/Portrait-Photo-Ados-Paris-\u00a9-Mlle-Louison.jpg&#8221; alt=&#8221;Retro 1900 photo sessions Portrait photo sessions in 1900 vintage outfits Belle Epoque fashion artist painter&#8221; title_text=&#8221;Portrait-Photo-Teens-Paris&#8211;Mlle-Louison \u00a9&#8221; show_in_lightbox=&#8221;on&#8221; use_overlay=&#8221;on&#8221; overlay_icon_color=&#8221;#000000&#8243; align_tablet=&#8221;center&#8221; align_phone=&#8221;&#8221; align_last_edited=&#8221;on|desktop&#8221; _builder_version=&#8221;4.23.1&#8243; custom_margin=&#8221;-18px|||||&#8221; locked=&#8221;off&#8221; global_colors_info=&#8221;{}&#8221;][\/et_pb_image][et_pb_text _builder_version=&#8221;4.16&#8243; _module_preset=&#8221;default&#8221; custom_margin=&#8221;-15px|||||&#8221; global_colors_info=&#8221;{}&#8221;]<\/p>\n<p style=\"text-align: left;\">Tamed anonymous teens. Confidential portraits. Protection of minors ensured.<\/p>\n<p style=\"text-align: left;\">Respect. Happiness. Coolness.<\/p>\n<p style=\"text-align: left;\">\n<p>[\/et_pb_text][et_pb_image src=&#8221;https:\/\/www.mademoisellelouison.com\/wp-content\/uploads\/2023\/11\/DSCF1429-OK40.jpg&#8221; alt=&#8221;Retro 1900 photo shoots Portrait photo sessions in 1900 vintage outfits Belle Epoque fashion World&#8217;s Fair Mysterious Woman exhibition&#8221; title_text=&#8221;DSCF1429 OK40&#8243; show_in_lightbox=&#8221;on&#8221; use_overlay=&#8221;on&#8221; overlay_icon_color=&#8221;#000000&#8243; align_tablet=&#8221;center&#8221; align_phone=&#8221;&#8221; align_last_edited=&#8221;on|desktop&#8221; _builder_version=&#8221;4.23.1&#8243; custom_margin=&#8221;-16px|||||&#8221; locked=&#8221;off&#8221; global_colors_info=&#8221;{}&#8221;][\/et_pb_image][\/et_pb_column][\/et_pb_row][\/et_pb_section]<\/p>\n","protected":false},"excerpt":{"rendered":"<p>Mademoiselle Louison, these are personalized portraits of character. In the streets of Paris or in the studio, with or without 1900 outfits, you are at the center of my sessions whose objective is to ensure your well-being and the pleasure of making you live a unique, unusual and pleasant photo experience.L&#8217;Atelier 1900 &#8211; Portraits in [&hellip;]<\/p>\n","protected":false},"author":1,"featured_media":0,"parent":0,"menu_order":0,"comment_status":"closed","ping_status":"closed","template":"","meta":{"_et_pb_use_builder":"on","_et_pb_old_content":"","_et_gb_content_width":"","footnotes":""},"class_list":["post-32359","page","type-page","status-publish","hentry"],"yoast_head":"<!-- This site is optimized with the Yoast SEO plugin v27.1.1 - https:\/\/yoast.com\/product\/yoast-seo-wordpress\/ -->\n<title>Your old-fashioned photo portrait as in 1900 - Mlle Louison<\/title>\n<meta name=\"description\" content=\"Your old-fashioned photo portrait in Belle \u00c9poque outfits &amp; accessories provided by Mlle Louison. In a private studio or outside. Paris-Tours.\" \/>\n<meta name=\"robots\" content=\"index, follow, max-snippet:-1, max-image-preview:large, max-video-preview:-1\" \/>\n<link rel=\"canonical\" href=\"https:\/\/www.mademoisellelouison.com\/en\/gallery-2\/\" \/>\n<meta property=\"og:locale\" content=\"en_US\" \/>\n<meta property=\"og:type\" content=\"article\" \/>\n<meta property=\"og:title\" content=\"Your old-fashioned photo portrait as in 1900 - Mlle Louison\" \/>\n<meta property=\"og:description\" content=\"Your old-fashioned photo portrait in Belle \u00c9poque outfits &amp; accessories provided by Mlle Louison. In a private studio or outside. Paris-Tours.\" \/>\n<meta property=\"og:url\" content=\"https:\/\/www.mademoisellelouison.com\/en\/gallery-2\/\" \/>\n<meta property=\"og:site_name\" content=\"Mademoiselle Louison - Activit\u00e9 Cadeau Portrait Photo r\u00e9tro 1900 \u00e0 Paris &amp; Tours.\" \/>\n<meta property=\"article:publisher\" content=\"https:\/\/www.facebook.com\/MademoiselleLouison\/\" \/>\n<meta property=\"article:modified_time\" content=\"2024-01-17T15:33:20+00:00\" \/>\n<meta property=\"og:image\" content=\"https:\/\/www.mademoisellelouison.com\/wp-content\/uploads\/2019\/11\/logo-rond-noir.png\" \/>\n\t<meta property=\"og:image:width\" content=\"200\" \/>\n\t<meta property=\"og:image:height\" content=\"200\" \/>\n\t<meta property=\"og:image:type\" content=\"image\/png\" \/>\n<meta name=\"twitter:card\" content=\"summary_large_image\" \/>\n<meta name=\"twitter:label1\" content=\"Est. reading time\" \/>\n\t<meta name=\"twitter:data1\" content=\"8 minutes\" \/>\n<!-- \/ Yoast SEO plugin. -->","yoast_head_json":{"title":"Your old-fashioned photo portrait as in 1900 - Mlle Louison","description":"Your old-fashioned photo portrait in Belle \u00c9poque outfits & accessories provided by Mlle Louison. In a private studio or outside. Paris-Tours.","robots":{"index":"index","follow":"follow","max-snippet":"max-snippet:-1","max-image-preview":"max-image-preview:large","max-video-preview":"max-video-preview:-1"},"canonical":"https:\/\/www.mademoisellelouison.com\/en\/gallery-2\/","og_locale":"en_US","og_type":"article","og_title":"Your old-fashioned photo portrait as in 1900 - Mlle Louison","og_description":"Your old-fashioned photo portrait in Belle \u00c9poque outfits & accessories provided by Mlle Louison. In a private studio or outside. Paris-Tours.","og_url":"https:\/\/www.mademoisellelouison.com\/en\/gallery-2\/","og_site_name":"Mademoiselle Louison - Activit\u00e9 Cadeau Portrait Photo r\u00e9tro 1900 \u00e0 Paris &amp; Tours.","article_publisher":"https:\/\/www.facebook.com\/MademoiselleLouison\/","article_modified_time":"2024-01-17T15:33:20+00:00","og_image":[{"width":200,"height":200,"url":"https:\/\/www.mademoisellelouison.com\/wp-content\/uploads\/2019\/11\/logo-rond-noir.png","type":"image\/png"}],"twitter_card":"summary_large_image","twitter_misc":{"Est. reading time":"8 minutes"},"schema":{"@context":"https:\/\/schema.org","@graph":[{"@type":"WebPage","@id":"https:\/\/www.mademoisellelouison.com\/en\/gallery-2\/","url":"https:\/\/www.mademoisellelouison.com\/en\/gallery-2\/","name":"Your old-fashioned photo portrait as in 1900 - Mlle Louison","isPartOf":{"@id":"https:\/\/www.mademoisellelouison.com\/#website"},"datePublished":"2020-10-06T09:16:25+00:00","dateModified":"2024-01-17T15:33:20+00:00","description":"Your old-fashioned photo portrait in Belle \u00c9poque outfits & accessories provided by Mlle Louison. In a private studio or outside. Paris-Tours.","breadcrumb":{"@id":"https:\/\/www.mademoisellelouison.com\/en\/gallery-2\/#breadcrumb"},"inLanguage":"en-US","potentialAction":[{"@type":"ReadAction","target":["https:\/\/www.mademoisellelouison.com\/en\/gallery-2\/"]}]},{"@type":"BreadcrumbList","@id":"https:\/\/www.mademoisellelouison.com\/en\/gallery-2\/#breadcrumb","itemListElement":[{"@type":"ListItem","position":1,"name":"Accueil","item":"https:\/\/www.mademoisellelouison.com\/en\/home\/"},{"@type":"ListItem","position":2,"name":"Gallery"}]},{"@type":"WebSite","@id":"https:\/\/www.mademoisellelouison.com\/#website","url":"https:\/\/www.mademoisellelouison.com\/","name":"Mademoiselle Louison - Activit\u00e9 Cadeau Portrait Photo r\u00e9tro 1900 \u00e0 Paris &amp; Tours.","description":"Photo r\u00e9tro 1900 - Votre portrait photo en mode Belle Epoque. A Paris et Tours. S\u00e9ances photos pour portraits en tenues vintage 1900 mode Belle Epoque. Cadeau\/activit\u00e9 unique-ludique-atypique-sympathique-magique-immersif !","publisher":{"@id":"https:\/\/www.mademoisellelouison.com\/#organization"},"potentialAction":[{"@type":"SearchAction","target":{"@type":"EntryPoint","urlTemplate":"https:\/\/www.mademoisellelouison.com\/?s={search_term_string}"},"query-input":{"@type":"PropertyValueSpecification","valueRequired":true,"valueName":"search_term_string"}}],"inLanguage":"en-US"},{"@type":"Organization","@id":"https:\/\/www.mademoisellelouison.com\/#organization","name":"Mademoiselle Louison","url":"https:\/\/www.mademoisellelouison.com\/","logo":{"@type":"ImageObject","inLanguage":"en-US","@id":"https:\/\/www.mademoisellelouison.com\/#\/schema\/logo\/image\/","url":"","contentUrl":"","caption":"Mademoiselle Louison"},"image":{"@id":"https:\/\/www.mademoisellelouison.com\/#\/schema\/logo\/image\/"},"sameAs":["https:\/\/www.facebook.com\/MademoiselleLouison\/","https:\/\/www.instagram.com\/mlle.louison\/","https:\/\/www.linkedin.com\/company\/mademoiselle-louison\/","https:\/\/www.pinterest.fr\/MademoiselleLouison\/"]}]}},"_links":{"self":[{"href":"https:\/\/www.mademoisellelouison.com\/en\/wp-json\/wp\/v2\/pages\/32359","targetHints":{"allow":["GET"]}}],"collection":[{"href":"https:\/\/www.mademoisellelouison.com\/en\/wp-json\/wp\/v2\/pages"}],"about":[{"href":"https:\/\/www.mademoisellelouison.com\/en\/wp-json\/wp\/v2\/types\/page"}],"author":[{"embeddable":true,"href":"https:\/\/www.mademoisellelouison.com\/en\/wp-json\/wp\/v2\/users\/1"}],"replies":[{"embeddable":true,"href":"https:\/\/www.mademoisellelouison.com\/en\/wp-json\/wp\/v2\/comments?post=32359"}],"version-history":[{"count":17,"href":"https:\/\/www.mademoisellelouison.com\/en\/wp-json\/wp\/v2\/pages\/32359\/revisions"}],"predecessor-version":[{"id":35372,"href":"https:\/\/www.mademoisellelouison.com\/en\/wp-json\/wp\/v2\/pages\/32359\/revisions\/35372"}],"wp:attachment":[{"href":"https:\/\/www.mademoisellelouison.com\/en\/wp-json\/wp\/v2\/media?parent=32359"}],"curies":[{"name":"wp","href":"https:\/\/api.w.org\/{rel}","templated":true}]}}