{"id":32432,"date":"2020-10-18T19:04:22","date_gmt":"2020-10-18T17:04:22","guid":{"rendered":"https:\/\/www.mademoisellelouison.com\/?page_id=32432"},"modified":"2020-11-30T16:11:53","modified_gmt":"2020-11-30T15:11:53","slug":"covidsecure","status":"publish","type":"page","link":"https:\/\/www.mademoisellelouison.com\/en\/covidsecure\/","title":{"rendered":"CovidSecure"},"content":{"rendered":"<p>[et_pb_section fb_built=&#8221;1&#8243; admin_label=&#8221;Page Title Section&#8221; _builder_version=&#8221;4.0.4&#8243; background_color_gradient_direction=&#8221;90deg&#8221; background_enable_image=&#8221;off&#8221; custom_padding=&#8221;50px||150px|||&#8221;][et_pb_row column_structure=&#8221;1_2,1_2&#8243; make_equal=&#8221;on&#8221; _builder_version=&#8221;4.7.3&#8243; custom_margin=&#8221;|auto|auto|auto|false|false&#8221; custom_padding=&#8221;||||false|false&#8221;][et_pb_column type=&#8221;1_2&#8243; _builder_version=&#8221;4.0.5&#8243; background_enable_color=&#8221;off&#8221; custom_padding=&#8221;|||&#8221; custom_padding_tablet=&#8221;40px|40px|40px|40px&#8221; custom_padding_phone=&#8221;&#8221; custom_padding_last_edited=&#8221;on|tablet&#8221; custom_css_main_element=&#8221;margin: auto;&#8221; padding_tablet=&#8221;40px|40px|40px|40px&#8221; padding_last_edited=&#8221;on|tablet&#8221; custom_padding__hover=&#8221;|||&#8221;][et_pb_text content_tablet=&#8221;<\/p>\n<h2>Safe photo shooting activity #CovidSecure<\/h2>\n<p>&#8221; content_phone=&#8221;<\/p>\n<h2>Safe photo shooting activity #CovidSecure<\/h2>\n<p>&#8221; content_last_edited=&#8221;on|desktop&#8221; admin_label=&#8221;Title&#8221; _builder_version=&#8221;4.7.3&#8243; text_font=&#8221;Nunito|600|||||||&#8221; text_font_size=&#8221;15px&#8221; header_font=&#8221;||||||||&#8221; header_font_size=&#8221;60px&#8221; header_2_font=&#8221;Playfair Display||||||||&#8221; header_2_font_size=&#8221;64px&#8221; header_2_line_height=&#8221;1.2em&#8221; header_4_font=&#8221;Nunito|700||on|||||&#8221; header_4_text_color=&#8221;#bda392&#8243; header_4_letter_spacing=&#8221;2px&#8221; header_4_line_height=&#8221;1.8em&#8221; header_6_font=&#8221;Nunito|600|||||||&#8221; header_6_text_color=&#8221;#666666&#8243; header_6_font_size=&#8221;18px&#8221; header_6_line_height=&#8221;1.4em&#8221; max_width=&#8221;600px&#8221; max_width_tablet=&#8221;&#8221; max_width_phone=&#8221;&#8221; max_width_last_edited=&#8221;on|phone&#8221; max_height_tablet=&#8221;&#8221; max_height_phone=&#8221;&#8221; max_height_last_edited=&#8221;on|tablet&#8221; custom_margin=&#8221;||40px|&#8221; animation_style=&#8221;slide&#8221; animation_direction=&#8221;right&#8221; animation_intensity_slide=&#8221;5%&#8221; animation_starting_opacity=&#8221;100%&#8221; header_font_size_tablet=&#8221;40px&#8221; header_font_size_phone=&#8221;&#8221; header_font_size_last_edited=&#8221;on|tablet&#8221; header_2_font_size_tablet=&#8221;50px&#8221; header_2_font_size_phone=&#8221;40px&#8221; header_2_font_size_last_edited=&#8221;on|phone&#8221; locked=&#8221;off&#8221;]<\/p>\n<h2>Safe photo shooting activity #CovidSecure<\/h2>\n<p>[\/et_pb_text][et_pb_text _builder_version=&#8221;4.0.4&#8243; text_font=&#8221;Lato||||||||&#8221; text_text_color=&#8221;#000000&#8243; text_font_size=&#8221;18px&#8221; text_line_height=&#8221;1.8em&#8221; header_font=&#8221;||||||||&#8221; max_width=&#8221;600px&#8221; custom_margin=&#8221;|||&#8221; custom_padding=&#8221;||10px|&#8221; animation_style=&#8221;slide&#8221; animation_direction=&#8221;right&#8221; animation_intensity_slide=&#8221;5%&#8221; animation_starting_opacity=&#8221;100%&#8221; locked=&#8221;off&#8221;]<\/p>\n<p>Mademoiselle Louison adapts and assures you a photo shoot in complete safety.<\/p>\n<p>* vintage cotton outfits and accessories are machine cleaned after each session.<\/p>\n<p>* Delicate vintage outfits and accessories are steamed after each use.<\/p>\n<p>* the more resistant vintage accessories such as canes, lorgnons, binoculars, luggage&#8230; are disinfected.<\/p>\n<p><a href=\"https:\/\/www.mademoisellelouison.com\/en\/about-us\/\"><span style=\"text-decoration: underline\">MADEMOISELLE LOUISON<\/span><\/a> HAS A <strong>SINGLE PURPOSE BLUE MASK<\/strong> FOR THE WHOLE SESSION.<\/p>\n<p><strong>HYDROALCOHOLIC GEL<\/strong> available and regularly made available during the photo shoot.<\/p>\n<p>Discover the pleasurable results on <span style=\"text-decoration: underline\"><a href=\"https:\/\/www.instagram.com\/mlle.louison\/\">Instagram @mlle.louison.<\/a><\/span><\/p>\n<p>&nbsp;<\/p>\n<p>[\/et_pb_text][\/et_pb_column][et_pb_column type=&#8221;1_2&#8243; _builder_version=&#8221;4.0.5&#8243; custom_padding=&#8221;|||&#8221; custom_padding__hover=&#8221;|||&#8221;][et_pb_image src=&#8221;https:\/\/www.mademoisellelouison.com\/wp-content\/uploads\/2020\/10\/Masque-Broderie-ML-CovidSecure.jpg&#8221; alt=&#8221;Photo shoots for retro portraits in vintage 1900s outfits in Belle Epoque style self-portrait&#8221; title_text=&#8221;Mask Embroidery-ML-CovidSecure&#8221; url=&#8221;@ET-DC@eyJkeW5hbWljIjp0cnVlLCJjb250ZW50IjoiaG9tZV91cmwiLCJzZXR0aW5ncyI6e319@&#8221; _builder_version=&#8221;4.6.5&#8243; _dynamic_attributes=&#8221;url&#8221; border_width_all=&#8221;5px&#8221; border_color_all=&#8221;#000000&#8243;][\/et_pb_image][\/et_pb_column][\/et_pb_row][\/et_pb_section]<\/p>\n","protected":false},"excerpt":{"rendered":"<p>Safe photo shooting activity #CovidSecureMademoiselle Louison adapts and assures you a photo shoot in complete safety. * vintage cotton outfits and accessories are machine cleaned after each session. * Delicate vintage outfits and accessories are steamed after each use. * the more resistant vintage accessories such as canes, lorgnons, binoculars, luggage&#8230; are disinfected. MADEMOISELLE LOUISON [&hellip;]<\/p>\n","protected":false},"author":1,"featured_media":0,"parent":0,"menu_order":0,"comment_status":"closed","ping_status":"closed","template":"","meta":{"_et_pb_use_builder":"on","_et_pb_old_content":"","_et_gb_content_width":"","footnotes":""},"class_list":["post-32432","page","type-page","status-publish","hentry"],"yoast_head":"<!-- This site is optimized with the Yoast SEO plugin v27.1.1 - https:\/\/yoast.com\/product\/yoast-seo-wordpress\/ -->\n<title>Your photo shooting in complete safety - Mlle Louison<\/title>\n<meta name=\"description\" content=\"Your photo shoot in complete safety with the masked photographer, hydroalcoholic gel at will, disinfected costumes and accessories.\" \/>\n<meta name=\"robots\" content=\"index, follow, max-snippet:-1, max-image-preview:large, max-video-preview:-1\" \/>\n<link rel=\"canonical\" href=\"https:\/\/www.mademoisellelouison.com\/en\/covidsecure\/\" \/>\n<meta property=\"og:locale\" content=\"en_US\" \/>\n<meta property=\"og:type\" content=\"article\" \/>\n<meta property=\"og:title\" content=\"Your photo shooting in complete safety - Mlle Louison\" \/>\n<meta property=\"og:description\" content=\"Your photo shoot in complete safety with the masked photographer, hydroalcoholic gel at will, disinfected costumes and accessories.\" \/>\n<meta property=\"og:url\" content=\"https:\/\/www.mademoisellelouison.com\/en\/covidsecure\/\" \/>\n<meta property=\"og:site_name\" content=\"Mademoiselle Louison - Activit\u00e9 Cadeau Portrait Photo r\u00e9tro 1900 \u00e0 Paris &amp; Tours.\" \/>\n<meta property=\"article:publisher\" content=\"https:\/\/www.facebook.com\/MademoiselleLouison\/\" \/>\n<meta property=\"article:modified_time\" content=\"2020-11-30T15:11:53+00:00\" \/>\n<meta property=\"og:image\" content=\"https:\/\/www.mademoisellelouison.com\/wp-content\/uploads\/2019\/11\/logo-rond-noir.png\" \/>\n\t<meta property=\"og:image:width\" content=\"200\" \/>\n\t<meta property=\"og:image:height\" content=\"200\" \/>\n\t<meta property=\"og:image:type\" content=\"image\/png\" \/>\n<meta name=\"twitter:card\" content=\"summary_large_image\" \/>\n<meta name=\"twitter:label1\" content=\"Est. reading time\" \/>\n\t<meta name=\"twitter:data1\" content=\"2 minutes\" \/>\n<!-- \/ Yoast SEO plugin. -->","yoast_head_json":{"title":"Your photo shooting in complete safety - Mlle Louison","description":"Your photo shoot in complete safety with the masked photographer, hydroalcoholic gel at will, disinfected costumes and accessories.","robots":{"index":"index","follow":"follow","max-snippet":"max-snippet:-1","max-image-preview":"max-image-preview:large","max-video-preview":"max-video-preview:-1"},"canonical":"https:\/\/www.mademoisellelouison.com\/en\/covidsecure\/","og_locale":"en_US","og_type":"article","og_title":"Your photo shooting in complete safety - Mlle Louison","og_description":"Your photo shoot in complete safety with the masked photographer, hydroalcoholic gel at will, disinfected costumes and accessories.","og_url":"https:\/\/www.mademoisellelouison.com\/en\/covidsecure\/","og_site_name":"Mademoiselle Louison - Activit\u00e9 Cadeau Portrait Photo r\u00e9tro 1900 \u00e0 Paris &amp; Tours.","article_publisher":"https:\/\/www.facebook.com\/MademoiselleLouison\/","article_modified_time":"2020-11-30T15:11:53+00:00","og_image":[{"width":200,"height":200,"url":"https:\/\/www.mademoisellelouison.com\/wp-content\/uploads\/2019\/11\/logo-rond-noir.png","type":"image\/png"}],"twitter_card":"summary_large_image","twitter_misc":{"Est. reading time":"2 minutes"},"schema":{"@context":"https:\/\/schema.org","@graph":[{"@type":"WebPage","@id":"https:\/\/www.mademoisellelouison.com\/en\/covidsecure\/","url":"https:\/\/www.mademoisellelouison.com\/en\/covidsecure\/","name":"Your photo shooting in complete safety - Mlle Louison","isPartOf":{"@id":"https:\/\/www.mademoisellelouison.com\/#website"},"datePublished":"2020-10-18T17:04:22+00:00","dateModified":"2020-11-30T15:11:53+00:00","description":"Your photo shoot in complete safety with the masked photographer, hydroalcoholic gel at will, disinfected costumes and accessories.","breadcrumb":{"@id":"https:\/\/www.mademoisellelouison.com\/en\/covidsecure\/#breadcrumb"},"inLanguage":"en-US","potentialAction":[{"@type":"ReadAction","target":["https:\/\/www.mademoisellelouison.com\/en\/covidsecure\/"]}]},{"@type":"BreadcrumbList","@id":"https:\/\/www.mademoisellelouison.com\/en\/covidsecure\/#breadcrumb","itemListElement":[{"@type":"ListItem","position":1,"name":"Accueil","item":"https:\/\/www.mademoisellelouison.com\/en\/home\/"},{"@type":"ListItem","position":2,"name":"CovidSecure"}]},{"@type":"WebSite","@id":"https:\/\/www.mademoisellelouison.com\/#website","url":"https:\/\/www.mademoisellelouison.com\/","name":"Mademoiselle Louison - Activit\u00e9 Cadeau Portrait Photo r\u00e9tro 1900 \u00e0 Paris &amp; Tours.","description":"Photo r\u00e9tro 1900 - Votre portrait photo en mode Belle Epoque. A Paris et Tours. S\u00e9ances photos pour portraits en tenues vintage 1900 mode Belle Epoque. Cadeau\/activit\u00e9 unique-ludique-atypique-sympathique-magique-immersif !","publisher":{"@id":"https:\/\/www.mademoisellelouison.com\/#organization"},"potentialAction":[{"@type":"SearchAction","target":{"@type":"EntryPoint","urlTemplate":"https:\/\/www.mademoisellelouison.com\/?s={search_term_string}"},"query-input":{"@type":"PropertyValueSpecification","valueRequired":true,"valueName":"search_term_string"}}],"inLanguage":"en-US"},{"@type":"Organization","@id":"https:\/\/www.mademoisellelouison.com\/#organization","name":"Mademoiselle Louison","url":"https:\/\/www.mademoisellelouison.com\/","logo":{"@type":"ImageObject","inLanguage":"en-US","@id":"https:\/\/www.mademoisellelouison.com\/#\/schema\/logo\/image\/","url":"","contentUrl":"","caption":"Mademoiselle Louison"},"image":{"@id":"https:\/\/www.mademoisellelouison.com\/#\/schema\/logo\/image\/"},"sameAs":["https:\/\/www.facebook.com\/MademoiselleLouison\/","https:\/\/www.instagram.com\/mlle.louison\/","https:\/\/www.linkedin.com\/company\/mademoiselle-louison\/","https:\/\/www.pinterest.fr\/MademoiselleLouison\/"]}]}},"_links":{"self":[{"href":"https:\/\/www.mademoisellelouison.com\/en\/wp-json\/wp\/v2\/pages\/32432","targetHints":{"allow":["GET"]}}],"collection":[{"href":"https:\/\/www.mademoisellelouison.com\/en\/wp-json\/wp\/v2\/pages"}],"about":[{"href":"https:\/\/www.mademoisellelouison.com\/en\/wp-json\/wp\/v2\/types\/page"}],"author":[{"embeddable":true,"href":"https:\/\/www.mademoisellelouison.com\/en\/wp-json\/wp\/v2\/users\/1"}],"replies":[{"embeddable":true,"href":"https:\/\/www.mademoisellelouison.com\/en\/wp-json\/wp\/v2\/comments?post=32432"}],"version-history":[{"count":25,"href":"https:\/\/www.mademoisellelouison.com\/en\/wp-json\/wp\/v2\/pages\/32432\/revisions"}],"predecessor-version":[{"id":32769,"href":"https:\/\/www.mademoisellelouison.com\/en\/wp-json\/wp\/v2\/pages\/32432\/revisions\/32769"}],"wp:attachment":[{"href":"https:\/\/www.mademoisellelouison.com\/en\/wp-json\/wp\/v2\/media?parent=32432"}],"curies":[{"name":"wp","href":"https:\/\/api.w.org\/{rel}","templated":true}]}}