{"id":32469,"date":"2020-10-19T13:56:23","date_gmt":"2020-10-19T11:56:23","guid":{"rendered":"https:\/\/www.mademoisellelouison.com\/site-map\/"},"modified":"2020-10-20T11:39:48","modified_gmt":"2020-10-20T09:39:48","slug":"sitemap","status":"publish","type":"page","link":"https:\/\/www.mademoisellelouison.com\/en\/sitemap\/","title":{"rendered":"Site map"},"content":{"rendered":"\n<!-- Page-list plugin v.5.9 wordpress.org\/plugins\/page-list\/ -->\n<ul class=\"page-list \">\n<li class=\"page_item page-item-28976\"><a href=\"https:\/\/www.mademoisellelouison.com\/en\/about-us\/\">About us<\/a><\/li>\n<li class=\"page_item page-item-30267\"><a href=\"https:\/\/www.mademoisellelouison.com\/en\/contact\/\">Contact<\/a><\/li>\n<li class=\"page_item page-item-32432\"><a href=\"https:\/\/www.mademoisellelouison.com\/en\/covidsecure\/\">CovidSecure<\/a><\/li>\n<li class=\"page_item page-item-29075\"><a href=\"https:\/\/www.mademoisellelouison.com\/en\/data-protection\/\">Data protection<\/a><\/li>\n<li class=\"page_item page-item-32359\"><a href=\"https:\/\/www.mademoisellelouison.com\/en\/gallery-2\/\">Gallery<\/a><\/li>\n<li class=\"page_item page-item-30278\"><a href=\"https:\/\/www.mademoisellelouison.com\/en\/general-terms-and-conditions-of-sale\/\">General Terms and Conditions of Sale<\/a><\/li>\n<li class=\"page_item page-item-29788\"><a href=\"https:\/\/www.mademoisellelouison.com\/en\/\">Home<\/a><\/li>\n<li class=\"page_item page-item-32325\"><a href=\"https:\/\/www.mademoisellelouison.com\/en\/showcases\/\">Minis Vitrines<\/a><\/li>\n<li class=\"page_item page-item-29624\"><a href=\"https:\/\/www.mademoisellelouison.com\/en\/my-account\/\">My Account<\/a><\/li>\n<li class=\"page_item page-item-34980\"><a href=\"https:\/\/www.mademoisellelouison.com\/en\/remboursements_retours\/\">Politique en mati\u00e8re de remboursements et de retours<\/a><\/li>\n<li class=\"page_item page-item-31916\"><a href=\"https:\/\/www.mademoisellelouison.com\/en\/services\/\">Services<\/a><\/li>\n<li class=\"page_item page-item-29621\"><a href=\"https:\/\/www.mademoisellelouison.com\/en\/shop\/\">Shop<\/a><\/li>\n<li class=\"page_item page-item-29055\"><a href=\"https:\/\/www.mademoisellelouison.com\/en\/legal-notice\/\">Terms and conditions of use<\/a><\/li>\n<li class=\"page_item page-item-31731 current_page_parent\"><a href=\"https:\/\/www.mademoisellelouison.com\/en\/salon-by-mademoiselle-louison\/\">The Salon by Mademoiselle Louison<\/a><\/li>\n\n<\/ul>\n","protected":false},"excerpt":{"rendered":"","protected":false},"author":1,"featured_media":0,"parent":0,"menu_order":0,"comment_status":"closed","ping_status":"closed","template":"","meta":{"_et_pb_use_builder":"off","_et_pb_old_content":"","_et_gb_content_width":"","footnotes":""},"class_list":["post-32469","page","type-page","status-publish","hentry"],"yoast_head":"<!-- This site is optimized with the Yoast SEO plugin v27.1.1 - https:\/\/yoast.com\/product\/yoast-seo-wordpress\/ -->\n<title>Site map - Mademoiselle Louison - Activit\u00e9 Cadeau Portrait Photo r\u00e9tro 1900 \u00e0 Paris &amp; Tours.<\/title>\n<meta name=\"robots\" content=\"index, follow, max-snippet:-1, max-image-preview:large, max-video-preview:-1\" \/>\n<link rel=\"canonical\" href=\"https:\/\/www.mademoisellelouison.com\/en\/sitemap\/\" \/>\n<meta property=\"og:locale\" content=\"en_US\" \/>\n<meta property=\"og:type\" content=\"article\" \/>\n<meta property=\"og:title\" content=\"Site map - Mademoiselle Louison - Activit\u00e9 Cadeau Portrait Photo r\u00e9tro 1900 \u00e0 Paris &amp; Tours.\" \/>\n<meta property=\"og:url\" content=\"https:\/\/www.mademoisellelouison.com\/en\/sitemap\/\" \/>\n<meta property=\"og:site_name\" content=\"Mademoiselle Louison - Activit\u00e9 Cadeau Portrait Photo r\u00e9tro 1900 \u00e0 Paris &amp; Tours.\" \/>\n<meta property=\"article:publisher\" content=\"https:\/\/www.facebook.com\/MademoiselleLouison\/\" \/>\n<meta property=\"article:modified_time\" content=\"2020-10-20T09:39:48+00:00\" \/>\n<meta property=\"og:image\" content=\"https:\/\/www.mademoisellelouison.com\/wp-content\/uploads\/2019\/11\/logo-rond-noir.png\" \/>\n\t<meta property=\"og:image:width\" content=\"200\" \/>\n\t<meta property=\"og:image:height\" content=\"200\" \/>\n\t<meta property=\"og:image:type\" content=\"image\/png\" \/>\n<meta name=\"twitter:card\" content=\"summary_large_image\" \/>\n<!-- \/ Yoast SEO plugin. -->","yoast_head_json":{"title":"Site map - Mademoiselle Louison - Activit\u00e9 Cadeau Portrait Photo r\u00e9tro 1900 \u00e0 Paris &amp; Tours.","robots":{"index":"index","follow":"follow","max-snippet":"max-snippet:-1","max-image-preview":"max-image-preview:large","max-video-preview":"max-video-preview:-1"},"canonical":"https:\/\/www.mademoisellelouison.com\/en\/sitemap\/","og_locale":"en_US","og_type":"article","og_title":"Site map - Mademoiselle Louison - Activit\u00e9 Cadeau Portrait Photo r\u00e9tro 1900 \u00e0 Paris &amp; Tours.","og_url":"https:\/\/www.mademoisellelouison.com\/en\/sitemap\/","og_site_name":"Mademoiselle Louison - Activit\u00e9 Cadeau Portrait Photo r\u00e9tro 1900 \u00e0 Paris &amp; Tours.","article_publisher":"https:\/\/www.facebook.com\/MademoiselleLouison\/","article_modified_time":"2020-10-20T09:39:48+00:00","og_image":[{"width":200,"height":200,"url":"https:\/\/www.mademoisellelouison.com\/wp-content\/uploads\/2019\/11\/logo-rond-noir.png","type":"image\/png"}],"twitter_card":"summary_large_image","schema":{"@context":"https:\/\/schema.org","@graph":[{"@type":"WebPage","@id":"https:\/\/www.mademoisellelouison.com\/en\/sitemap\/","url":"https:\/\/www.mademoisellelouison.com\/en\/sitemap\/","name":"Site map - Mademoiselle Louison - Activit\u00e9 Cadeau Portrait Photo r\u00e9tro 1900 \u00e0 Paris &amp; Tours.","isPartOf":{"@id":"https:\/\/www.mademoisellelouison.com\/#website"},"datePublished":"2020-10-19T11:56:23+00:00","dateModified":"2020-10-20T09:39:48+00:00","breadcrumb":{"@id":"https:\/\/www.mademoisellelouison.com\/en\/sitemap\/#breadcrumb"},"inLanguage":"en-US","potentialAction":[{"@type":"ReadAction","target":["https:\/\/www.mademoisellelouison.com\/en\/sitemap\/"]}]},{"@type":"BreadcrumbList","@id":"https:\/\/www.mademoisellelouison.com\/en\/sitemap\/#breadcrumb","itemListElement":[{"@type":"ListItem","position":1,"name":"Accueil","item":"https:\/\/www.mademoisellelouison.com\/en\/home\/"},{"@type":"ListItem","position":2,"name":"Site map"}]},{"@type":"WebSite","@id":"https:\/\/www.mademoisellelouison.com\/#website","url":"https:\/\/www.mademoisellelouison.com\/","name":"Mademoiselle Louison - Activit\u00e9 Cadeau Portrait Photo r\u00e9tro 1900 \u00e0 Paris &amp; Tours.","description":"Photo r\u00e9tro 1900 - Votre portrait photo en mode Belle Epoque. A Paris et Tours. S\u00e9ances photos pour portraits en tenues vintage 1900 mode Belle Epoque. Cadeau\/activit\u00e9 unique-ludique-atypique-sympathique-magique-immersif !","publisher":{"@id":"https:\/\/www.mademoisellelouison.com\/#organization"},"potentialAction":[{"@type":"SearchAction","target":{"@type":"EntryPoint","urlTemplate":"https:\/\/www.mademoisellelouison.com\/?s={search_term_string}"},"query-input":{"@type":"PropertyValueSpecification","valueRequired":true,"valueName":"search_term_string"}}],"inLanguage":"en-US"},{"@type":"Organization","@id":"https:\/\/www.mademoisellelouison.com\/#organization","name":"Mademoiselle Louison","url":"https:\/\/www.mademoisellelouison.com\/","logo":{"@type":"ImageObject","inLanguage":"en-US","@id":"https:\/\/www.mademoisellelouison.com\/#\/schema\/logo\/image\/","url":"","contentUrl":"","caption":"Mademoiselle Louison"},"image":{"@id":"https:\/\/www.mademoisellelouison.com\/#\/schema\/logo\/image\/"},"sameAs":["https:\/\/www.facebook.com\/MademoiselleLouison\/","https:\/\/www.instagram.com\/mlle.louison\/","https:\/\/www.linkedin.com\/company\/mademoiselle-louison\/","https:\/\/www.pinterest.fr\/MademoiselleLouison\/"]}]}},"_links":{"self":[{"href":"https:\/\/www.mademoisellelouison.com\/en\/wp-json\/wp\/v2\/pages\/32469","targetHints":{"allow":["GET"]}}],"collection":[{"href":"https:\/\/www.mademoisellelouison.com\/en\/wp-json\/wp\/v2\/pages"}],"about":[{"href":"https:\/\/www.mademoisellelouison.com\/en\/wp-json\/wp\/v2\/types\/page"}],"author":[{"embeddable":true,"href":"https:\/\/www.mademoisellelouison.com\/en\/wp-json\/wp\/v2\/users\/1"}],"replies":[{"embeddable":true,"href":"https:\/\/www.mademoisellelouison.com\/en\/wp-json\/wp\/v2\/comments?post=32469"}],"version-history":[{"count":4,"href":"https:\/\/www.mademoisellelouison.com\/en\/wp-json\/wp\/v2\/pages\/32469\/revisions"}],"predecessor-version":[{"id":32481,"href":"https:\/\/www.mademoisellelouison.com\/en\/wp-json\/wp\/v2\/pages\/32469\/revisions\/32481"}],"wp:attachment":[{"href":"https:\/\/www.mademoisellelouison.com\/en\/wp-json\/wp\/v2\/media?parent=32469"}],"curies":[{"name":"wp","href":"https:\/\/api.w.org\/{rel}","templated":true}]}}