{"id":33176,"date":"2021-03-12T15:28:16","date_gmt":"2021-03-12T14:28:16","guid":{"rendered":"https:\/\/www.mademoisellelouison.com\/?post_type=product&#038;p=33176"},"modified":"2024-01-17T16:44:34","modified_gmt":"2024-01-17T15:44:34","slug":"gift-card-picture-retro-souvenir-adults","status":"publish","type":"product","link":"https:\/\/www.mademoisellelouison.com\/en\/product\/gift-card-picture-retro-souvenir-adults\/","title":{"rendered":"*Photo shooting 1900 at Mlle Louison&#8217;s*"},"content":{"rendered":"<div>\n<p class=\"p1\"><strong>Retro souvenir photo shoot &#8211; Go out and have your photo taken: it&#8217;s good for your health!<\/strong><\/p>\n<p>Sessions from Monday to Friday &#8211; Start time between 9am and 3pm.<\/p>\n<p>eCard for your retro souvenir photo shoot sent by email OR gift card presented in a nice &#8220;Mademoiselle Louison&#8221; packaging ready to offer sent to your address (invoice address).<\/p>\n<\/div>\n<div><\/div>\n<div>If you wish, you can mention to us, in the &#8220;additional information&#8221; section at the time of payment, <i><b>the first name of the person to whom you are offering it &amp; the message you wish to send him\/her.<\/b><\/i><\/div>\n<div>\n<p>Gift card &#8220;Retro souvenir photo shooting&#8221; solo, duo, trio or 4 people = 2h session (including dressing\/preparation\/undressing) + web link to all photos + 10 portraits processed in 3 effects (digital HD version) + 1 printed portrait 13x18cm.<\/p>\n<p>** no make-up or hair styling is foreseen **<\/p>\n<p>All stages of <strong>YOUR EXPERIENCE<\/strong>:<\/p>\n<ol>\n<li>I buy <strong>my card<\/strong> on the shop\/eShop<\/li>\n<li>I book <strong>my session<\/strong> &#8211; I have 1 year to do it!<\/li>\n<li>I enjoy my session on the <strong>D day<\/strong> \ud83d\ude42<\/li>\n<li>I choose my 10 favourite pictures via a <strong>secure web gallery<\/strong><\/li>\n<li>I receive <strong>my 30 retouched photos<\/strong>via secure WeTransfer &#8211; it&#8217;s better than a USB stick that can carry viruses \ud83d\ude41<\/li>\n<li>I choose <strong>MY favourite portrait<\/strong> for printing in 13cmx18cm<\/li>\n<li>I receive <em><strong>my LovePocket by Mlle Louison<\/strong><\/em> by mail or pick it up<\/li>\n<li>and if I leave <strong>my review<\/strong> on Google\/TripAdvisor\/FB \ud83d\ude42<\/li>\n<\/ol>\n<p>All the details here: <strong><em><a href=\"https:\/\/www.mademoisellelouison.com\/portraits-photos-en-costumes\/\" target=\"_blank\" rel=\"noopener noreferrer\">the services of Mademoiselle Louison<\/a><\/em><\/strong><\/p>\n<p>Do you want to project yourself? INSTAGRAM <strong><a href=\"https:\/\/www.instagram.com\/mlle.louison\/\" target=\"_blank\" rel=\"noopener\">@mlle.louison<\/a><\/strong><\/p>\n<p>And for any question or particularity, just one email <strong><a href=\"mailto:contact@mllelouison.com\">contact@mllelouison.com<\/a><\/strong><\/p>\n<p><strong>Reveal the 1900 within you!<\/strong><\/p>\n<blockquote class=\"wp-block-quote\"><p><strong><em>FEEL LIKE<\/em> A <em>COSTUMED PHOTO ACTIVITY<\/em>?<\/strong><\/p>\n<p><cite><em>Mademoiselle Louison invites you into her private studio in the heart of Paris and dresses you up with vintage outfits and accessories from the Belle \u00c9poque.<\/em><br \/>\n<em>Dressed as it was in 1900, you will experience the portraits of<\/em><em>yesteryear with serious and amusing staging.<\/em><br \/>\n<em>A personalised photo souvenir to make on your own, in a group, as a duo or as a family.<\/em><\/cite><\/p><\/blockquote>\n<\/div>\n","protected":false},"excerpt":{"rendered":"<p>Gift card for a <span class=\"s1\">retro photo shoot in solo, duo, trio or quartet!<\/span>2 hour session (including dressing\/preparation\/undressing) for people over 18 years old. Includes SESSION + PRINTING: the session + 10 portraits in digital format HD 300dpi 34x51cm treated with 3 retro effects (Black&amp;White, Sepia, Colours) i.e. 30 digital photos + one photo printed in 13x18cm.<\/p>\n<p>Sessions on Mondays, Wednesdays and Fridays &#8211; Sessions start between 9am and 3pm.<\/p>\n","protected":false},"featured_media":35175,"comment_status":"open","ping_status":"closed","template":"","meta":{"_et_pb_use_builder":"","_et_pb_old_content":"","_et_gb_content_width":""},"product_brand":[],"product_cat":[54],"product_tag":[],"class_list":{"0":"post-33176","1":"product","2":"type-product","3":"status-publish","4":"has-post-thumbnail","6":"product_cat-gift-card","8":"first","9":"instock","10":"purchasable","11":"product-type-variable"},"yoast_head":"<!-- This site is optimized with the Yoast SEO plugin v27.1.1 - https:\/\/yoast.com\/product\/yoast-seo-wordpress\/ -->\n<title>Retro souvenir photo shoot where you are the hero - Mlle Louison<\/title>\n<meta name=\"description\" content=\"Retro photo shooting for yourself, her\/him, us, them... A break for yourself - birthday, EVJF, EVG, Christmas! Instagram @mlle.louison\" \/>\n<meta name=\"robots\" content=\"index, follow, max-snippet:-1, max-image-preview:large, max-video-preview:-1\" \/>\n<link rel=\"canonical\" href=\"https:\/\/www.mademoisellelouison.com\/en\/product\/gift-card-picture-retro-souvenir-adults\/\" \/>\n<meta property=\"og:locale\" content=\"en_US\" \/>\n<meta property=\"og:type\" content=\"article\" \/>\n<meta property=\"og:title\" content=\"Retro souvenir photo shoot where you are the hero - Mlle Louison\" \/>\n<meta property=\"og:description\" content=\"Retro photo shooting for yourself, her\/him, us, them... A break for yourself - birthday, EVJF, EVG, Christmas! Instagram @mlle.louison\" \/>\n<meta property=\"og:url\" content=\"https:\/\/www.mademoisellelouison.com\/en\/product\/gift-card-picture-retro-souvenir-adults\/\" \/>\n<meta property=\"og:site_name\" content=\"Mademoiselle Louison - Activit\u00e9 Cadeau Portrait Photo r\u00e9tro 1900 \u00e0 Paris &amp; Tours.\" \/>\n<meta property=\"article:publisher\" content=\"https:\/\/www.facebook.com\/MademoiselleLouison\/\" \/>\n<meta property=\"article:modified_time\" content=\"2024-01-17T15:44:34+00:00\" \/>\n<meta property=\"og:image\" content=\"https:\/\/www.mademoisellelouison.com\/wp-content\/uploads\/2021\/03\/IMG_5613-scaled.jpg\" \/>\n\t<meta property=\"og:image:width\" content=\"2560\" \/>\n\t<meta property=\"og:image:height\" content=\"2560\" \/>\n\t<meta property=\"og:image:type\" content=\"image\/jpeg\" \/>\n<meta name=\"twitter:card\" content=\"summary_large_image\" \/>\n<meta name=\"twitter:label1\" content=\"Est. reading time\" \/>\n\t<meta name=\"twitter:data1\" content=\"2 minutes\" \/>\n<!-- \/ Yoast SEO plugin. -->","yoast_head_json":{"title":"Retro souvenir photo shoot where you are the hero - Mlle Louison","description":"Retro photo shooting for yourself, her\/him, us, them... A break for yourself - birthday, EVJF, EVG, Christmas! Instagram @mlle.louison","robots":{"index":"index","follow":"follow","max-snippet":"max-snippet:-1","max-image-preview":"max-image-preview:large","max-video-preview":"max-video-preview:-1"},"canonical":"https:\/\/www.mademoisellelouison.com\/en\/product\/gift-card-picture-retro-souvenir-adults\/","og_locale":"en_US","og_type":"article","og_title":"Retro souvenir photo shoot where you are the hero - Mlle Louison","og_description":"Retro photo shooting for yourself, her\/him, us, them... A break for yourself - birthday, EVJF, EVG, Christmas! Instagram @mlle.louison","og_url":"https:\/\/www.mademoisellelouison.com\/en\/product\/gift-card-picture-retro-souvenir-adults\/","og_site_name":"Mademoiselle Louison - Activit\u00e9 Cadeau Portrait Photo r\u00e9tro 1900 \u00e0 Paris &amp; Tours.","article_publisher":"https:\/\/www.facebook.com\/MademoiselleLouison\/","article_modified_time":"2024-01-17T15:44:34+00:00","og_image":[{"width":2560,"height":2560,"url":"https:\/\/www.mademoisellelouison.com\/wp-content\/uploads\/2021\/03\/IMG_5613-scaled.jpg","type":"image\/jpeg"}],"twitter_card":"summary_large_image","twitter_misc":{"Est. reading time":"2 minutes"},"schema":{"@context":"https:\/\/schema.org","@graph":[{"@type":"WebPage","@id":"https:\/\/www.mademoisellelouison.com\/en\/product\/gift-card-picture-retro-souvenir-adults\/","url":"https:\/\/www.mademoisellelouison.com\/en\/product\/gift-card-picture-retro-souvenir-adults\/","name":"Retro souvenir photo shoot where you are the hero - Mlle Louison","isPartOf":{"@id":"https:\/\/www.mademoisellelouison.com\/#website"},"primaryImageOfPage":{"@id":"https:\/\/www.mademoisellelouison.com\/en\/product\/gift-card-picture-retro-souvenir-adults\/#primaryimage"},"image":{"@id":"https:\/\/www.mademoisellelouison.com\/en\/product\/gift-card-picture-retro-souvenir-adults\/#primaryimage"},"thumbnailUrl":"https:\/\/www.mademoisellelouison.com\/wp-content\/uploads\/2021\/03\/IMG_5613-scaled.jpg","datePublished":"2021-03-12T14:28:16+00:00","dateModified":"2024-01-17T15:44:34+00:00","description":"Retro photo shooting for yourself, her\/him, us, them... A break for yourself - birthday, EVJF, EVG, Christmas! Instagram @mlle.louison","breadcrumb":{"@id":"https:\/\/www.mademoisellelouison.com\/en\/product\/gift-card-picture-retro-souvenir-adults\/#breadcrumb"},"inLanguage":"en-US","potentialAction":[{"@type":"ReadAction","target":["https:\/\/www.mademoisellelouison.com\/en\/product\/gift-card-picture-retro-souvenir-adults\/"]}]},{"@type":"ImageObject","inLanguage":"en-US","@id":"https:\/\/www.mademoisellelouison.com\/en\/product\/gift-card-picture-retro-souvenir-adults\/#primaryimage","url":"https:\/\/www.mademoisellelouison.com\/wp-content\/uploads\/2021\/03\/IMG_5613-scaled.jpg","contentUrl":"https:\/\/www.mademoisellelouison.com\/wp-content\/uploads\/2021\/03\/IMG_5613-scaled.jpg","width":2560,"height":2560,"caption":"Processed with MOLDIV"},{"@type":"BreadcrumbList","@id":"https:\/\/www.mademoisellelouison.com\/en\/product\/gift-card-picture-retro-souvenir-adults\/#breadcrumb","itemListElement":[{"@type":"ListItem","position":1,"name":"Accueil","item":"https:\/\/www.mademoisellelouison.com\/en\/home\/"},{"@type":"ListItem","position":2,"name":"Boutique","item":"https:\/\/www.mademoisellelouison.com\/cadeaux-seances-photos-personnalisees\/"},{"@type":"ListItem","position":3,"name":"*Photo shooting 1900 at Mlle Louison&rsquo;s*"}]},{"@type":"WebSite","@id":"https:\/\/www.mademoisellelouison.com\/#website","url":"https:\/\/www.mademoisellelouison.com\/","name":"Mademoiselle Louison - Activit\u00e9 Cadeau Portrait Photo r\u00e9tro 1900 \u00e0 Paris &amp; Tours.","description":"Photo r\u00e9tro 1900 - Votre portrait photo en mode Belle Epoque. A Paris et Tours. S\u00e9ances photos pour portraits en tenues vintage 1900 mode Belle Epoque. Cadeau\/activit\u00e9 unique-ludique-atypique-sympathique-magique-immersif !","publisher":{"@id":"https:\/\/www.mademoisellelouison.com\/#organization"},"potentialAction":[{"@type":"SearchAction","target":{"@type":"EntryPoint","urlTemplate":"https:\/\/www.mademoisellelouison.com\/?s={search_term_string}"},"query-input":{"@type":"PropertyValueSpecification","valueRequired":true,"valueName":"search_term_string"}}],"inLanguage":"en-US"},{"@type":"Organization","@id":"https:\/\/www.mademoisellelouison.com\/#organization","name":"Mademoiselle Louison","url":"https:\/\/www.mademoisellelouison.com\/","logo":{"@type":"ImageObject","inLanguage":"en-US","@id":"https:\/\/www.mademoisellelouison.com\/#\/schema\/logo\/image\/","url":"","contentUrl":"","caption":"Mademoiselle Louison"},"image":{"@id":"https:\/\/www.mademoisellelouison.com\/#\/schema\/logo\/image\/"},"sameAs":["https:\/\/www.facebook.com\/MademoiselleLouison\/","https:\/\/www.instagram.com\/mlle.louison\/","https:\/\/www.linkedin.com\/company\/mademoiselle-louison\/","https:\/\/www.pinterest.fr\/MademoiselleLouison\/"]}]}},"_links":{"self":[{"href":"https:\/\/www.mademoisellelouison.com\/en\/wp-json\/wp\/v2\/product\/33176","targetHints":{"allow":["GET"]}}],"collection":[{"href":"https:\/\/www.mademoisellelouison.com\/en\/wp-json\/wp\/v2\/product"}],"about":[{"href":"https:\/\/www.mademoisellelouison.com\/en\/wp-json\/wp\/v2\/types\/product"}],"replies":[{"embeddable":true,"href":"https:\/\/www.mademoisellelouison.com\/en\/wp-json\/wp\/v2\/comments?post=33176"}],"wp:featuredmedia":[{"embeddable":true,"href":"https:\/\/www.mademoisellelouison.com\/en\/wp-json\/wp\/v2\/media\/35175"}],"wp:attachment":[{"href":"https:\/\/www.mademoisellelouison.com\/en\/wp-json\/wp\/v2\/media?parent=33176"}],"wp:term":[{"taxonomy":"product_brand","embeddable":true,"href":"https:\/\/www.mademoisellelouison.com\/en\/wp-json\/wp\/v2\/product_brand?post=33176"},{"taxonomy":"product_cat","embeddable":true,"href":"https:\/\/www.mademoisellelouison.com\/en\/wp-json\/wp\/v2\/product_cat?post=33176"},{"taxonomy":"product_tag","embeddable":true,"href":"https:\/\/www.mademoisellelouison.com\/en\/wp-json\/wp\/v2\/product_tag?post=33176"}],"curies":[{"name":"wp","href":"https:\/\/api.w.org\/{rel}","templated":true}]}}