{"id":33206,"date":"2021-03-12T16:02:24","date_gmt":"2021-03-12T15:02:24","guid":{"rendered":"https:\/\/www.mademoisellelouison.com\/?post_type=product&#038;p=33206"},"modified":"2024-01-17T16:47:50","modified_gmt":"2024-01-17T15:47:50","slug":"photos-retros-birth-baby","status":"publish","type":"product","link":"https:\/\/www.mademoisellelouison.com\/en\/product\/photos-retros-birth-baby\/","title":{"rendered":"*Photo shooting vintage with Baby*"},"content":{"rendered":"<p class=\"p1\"><strong>Retro baby photos &#8211; Get out and get photographed: it&#8217;s good for your health!<\/strong><\/p>\n<p>Sessions on Mondays, Wednesdays and Fridays &#8211; Sessions start between 9am and 3pm.<\/p>\n<p class=\"p1\">eCard for &#8220;retro baby photos&#8221; sent by email OR gift card presented in a nice &#8220;Mademoiselle Louison&#8221; packaging ready to offer sent to your address (invoice address).<\/p>\n<p class=\"p1\">If you wish, you can mention to us, in the &#8220;additional information&#8221; section at the time of payment, <b><i>the first name of the person to whom you are offering it &amp; the message you wish to send him\/her.<\/i><\/b><\/p>\n<p class=\"p1\">Gift card &#8220;retro baby photos&#8221; (-1 year) and 1 or 2 parent(s) = 1h30\/2h session (including dressing\/preparation\/undressing) + web link to all photos + 10 portraits processed in 3 effects (digital HD version) + 1 printed portrait 13x18cm<\/p>\n<p>** no make-up or hair styling is planned **<\/p>\n<p>All stages of <strong>YOUR EXPERIENCE<\/strong>:<\/p>\n<ol>\n<li>I buy <strong>my card<\/strong> on the shop\/eShop<\/li>\n<li>I book <strong>my session<\/strong> &#8211; I have 1 year to do it!<\/li>\n<li>I enjoy my session on the <strong>D day<\/strong> &#x1f642;<\/li>\n<li>I choose my 10 favourite pictures via a <strong>secure web gallery<\/strong><\/li>\n<li>I get <strong>my 30 retouched photos<\/strong> via secure WeTransfer &#8211; better than a USB stick that can carry Viruses &#x1f641;<\/li>\n<li>I choose <strong>MY favourite portrait<\/strong> for printing in 13cmx18cm<\/li>\n<li>I receive <em><strong>my LovePocket by Mlle Louison<\/strong><\/em> by mail or pick it up<\/li>\n<li>How about I leave <strong>my review<\/strong> on Google\/TripAdvisor\/FB &#x1f642;<\/li>\n<\/ol>\n<p class=\"p2\"><span class=\"s1\">All the details here:<b><a href=\"https:\/\/www.mademoisellelouison.com\/portraits-photos-en-costumes\/\"><span class=\"s2\"><b><i>the services of Mademoiselle Louison<\/i><\/b><\/span><\/a><\/b><\/span><\/p>\n<p class=\"p1\">Do you want to project yourself? INSTAGRAM <a href=\"https:\/\/www.instagram.com\/mlle.louison\/\"><span class=\"s3\">@mlle.louison<\/span><\/a><\/p>\n<p class=\"p1\">And for any question or particularity, just one email <a href=\"mailto:contact@mllelouison.com\"><span class=\"s3\">contact@mllelouison.com<\/span><\/a><\/p>\n<p><strong>Reveal the 1900 within you!<\/strong><\/p>\n<blockquote class=\"wp-block-quote\"><p><strong><em>FEEL LIKE<\/em> A <em>COSTUMED PHOTO ACTIVITY<\/em>?<\/strong><\/p>\n<p><cite><em>Mademoiselle Louison invites you into her private studio in the heart of Paris and dresses you up with vintage outfits and accessories from the Belle \u00c9poque.<\/em><br \/>\n<em>Dressed as it was in 1900, you will experience the portraits of<\/em><em>yesteryear with serious and amusing staging.<\/em><br \/>\n<em>A personalised photo souvenir to make on your own, in a group, as a duo or as a family.<\/em><\/cite><\/p><\/blockquote>\n","protected":false},"excerpt":{"rendered":"<p class=\"p1\">Gift card for retro photos to celebrate the birth of a baby lasting 1h30\/2h (including dressing\/preparation\/undressing) for a child under 1 year old with 1 or 2 parents. Includes SESSION + PRINTING: the session + 10 portraits in digital format HD 300dpi 34x51cm treated with 3 retro effects (Black&amp;White, Sepia, Colours) i.e. 30 digital photos + one photo printed in 13x18cm.<\/p>\n<p>Sessions on Mondays, Wednesdays and Fridays &#8211; Sessions start between 9am and 3pm.<\/p>\n","protected":false},"featured_media":35173,"comment_status":"open","ping_status":"closed","template":"","meta":{"_et_pb_use_builder":"","_et_pb_old_content":"","_et_gb_content_width":""},"product_brand":[],"product_cat":[54],"product_tag":[],"class_list":{"0":"post-33206","1":"product","2":"type-product","3":"status-publish","4":"has-post-thumbnail","6":"product_cat-gift-card","8":"first","9":"instock","10":"purchasable","11":"product-type-variable"},"yoast_head":"<!-- This site is optimized with the Yoast SEO plugin v27.1.1 - https:\/\/yoast.com\/product\/yoast-seo-wordpress\/ -->\n<title>Retro photos baby + parents - Mademoiselle Louison - Activit\u00e9 Cadeau Portrait Photo r\u00e9tro 1900 \u00e0 Paris &amp; Tours..<\/title>\n<meta name=\"description\" content=\"Retro photos for baby birth to be taken with 1 or 2 parents in a warm and cosy private family studio in the centre of Paris.\" \/>\n<meta name=\"robots\" content=\"index, follow, max-snippet:-1, max-image-preview:large, max-video-preview:-1\" \/>\n<link rel=\"canonical\" href=\"https:\/\/www.mademoisellelouison.com\/en\/product\/photos-retros-birth-baby\/\" \/>\n<meta property=\"og:locale\" content=\"en_US\" \/>\n<meta property=\"og:type\" content=\"article\" \/>\n<meta property=\"og:title\" content=\"Retro photos baby + parents - Mademoiselle Louison - Activit\u00e9 Cadeau Portrait Photo r\u00e9tro 1900 \u00e0 Paris &amp; Tours..\" \/>\n<meta property=\"og:description\" content=\"Retro photos for baby birth to be taken with 1 or 2 parents in a warm and cosy private family studio in the centre of Paris.\" \/>\n<meta property=\"og:url\" content=\"https:\/\/www.mademoisellelouison.com\/en\/product\/photos-retros-birth-baby\/\" \/>\n<meta property=\"og:site_name\" content=\"Mademoiselle Louison - Activit\u00e9 Cadeau Portrait Photo r\u00e9tro 1900 \u00e0 Paris &amp; Tours.\" \/>\n<meta property=\"article:publisher\" content=\"https:\/\/www.facebook.com\/MademoiselleLouison\/\" \/>\n<meta property=\"article:modified_time\" content=\"2024-01-17T15:47:50+00:00\" \/>\n<meta property=\"og:image\" content=\"https:\/\/www.mademoisellelouison.com\/wp-content\/uploads\/2021\/03\/IMG_5611.jpg\" \/>\n\t<meta property=\"og:image:width\" content=\"2126\" \/>\n\t<meta property=\"og:image:height\" content=\"2126\" \/>\n\t<meta property=\"og:image:type\" content=\"image\/jpeg\" \/>\n<meta name=\"twitter:card\" content=\"summary_large_image\" \/>\n<meta name=\"twitter:label1\" content=\"Est. reading time\" \/>\n\t<meta name=\"twitter:data1\" content=\"2 minutes\" \/>\n<!-- \/ Yoast SEO plugin. -->","yoast_head_json":{"title":"Retro photos baby + parents - Mademoiselle Louison - Activit\u00e9 Cadeau Portrait Photo r\u00e9tro 1900 \u00e0 Paris &amp; Tours..","description":"Retro photos for baby birth to be taken with 1 or 2 parents in a warm and cosy private family studio in the centre of Paris.","robots":{"index":"index","follow":"follow","max-snippet":"max-snippet:-1","max-image-preview":"max-image-preview:large","max-video-preview":"max-video-preview:-1"},"canonical":"https:\/\/www.mademoisellelouison.com\/en\/product\/photos-retros-birth-baby\/","og_locale":"en_US","og_type":"article","og_title":"Retro photos baby + parents - Mademoiselle Louison - Activit\u00e9 Cadeau Portrait Photo r\u00e9tro 1900 \u00e0 Paris &amp; Tours..","og_description":"Retro photos for baby birth to be taken with 1 or 2 parents in a warm and cosy private family studio in the centre of Paris.","og_url":"https:\/\/www.mademoisellelouison.com\/en\/product\/photos-retros-birth-baby\/","og_site_name":"Mademoiselle Louison - Activit\u00e9 Cadeau Portrait Photo r\u00e9tro 1900 \u00e0 Paris &amp; Tours.","article_publisher":"https:\/\/www.facebook.com\/MademoiselleLouison\/","article_modified_time":"2024-01-17T15:47:50+00:00","og_image":[{"width":2126,"height":2126,"url":"https:\/\/www.mademoisellelouison.com\/wp-content\/uploads\/2021\/03\/IMG_5611.jpg","type":"image\/jpeg"}],"twitter_card":"summary_large_image","twitter_misc":{"Est. reading time":"2 minutes"},"schema":{"@context":"https:\/\/schema.org","@graph":[{"@type":"WebPage","@id":"https:\/\/www.mademoisellelouison.com\/en\/product\/photos-retros-birth-baby\/","url":"https:\/\/www.mademoisellelouison.com\/en\/product\/photos-retros-birth-baby\/","name":"Retro photos baby + parents - Mademoiselle Louison - Activit\u00e9 Cadeau Portrait Photo r\u00e9tro 1900 \u00e0 Paris &amp; Tours..","isPartOf":{"@id":"https:\/\/www.mademoisellelouison.com\/#website"},"primaryImageOfPage":{"@id":"https:\/\/www.mademoisellelouison.com\/en\/product\/photos-retros-birth-baby\/#primaryimage"},"image":{"@id":"https:\/\/www.mademoisellelouison.com\/en\/product\/photos-retros-birth-baby\/#primaryimage"},"thumbnailUrl":"https:\/\/www.mademoisellelouison.com\/wp-content\/uploads\/2021\/03\/IMG_5611.jpg","datePublished":"2021-03-12T15:02:24+00:00","dateModified":"2024-01-17T15:47:50+00:00","description":"Retro photos for baby birth to be taken with 1 or 2 parents in a warm and cosy private family studio in the centre of Paris.","breadcrumb":{"@id":"https:\/\/www.mademoisellelouison.com\/en\/product\/photos-retros-birth-baby\/#breadcrumb"},"inLanguage":"en-US","potentialAction":[{"@type":"ReadAction","target":["https:\/\/www.mademoisellelouison.com\/en\/product\/photos-retros-birth-baby\/"]}]},{"@type":"ImageObject","inLanguage":"en-US","@id":"https:\/\/www.mademoisellelouison.com\/en\/product\/photos-retros-birth-baby\/#primaryimage","url":"https:\/\/www.mademoisellelouison.com\/wp-content\/uploads\/2021\/03\/IMG_5611.jpg","contentUrl":"https:\/\/www.mademoisellelouison.com\/wp-content\/uploads\/2021\/03\/IMG_5611.jpg","width":2126,"height":2126,"caption":"Processed with MOLDIV"},{"@type":"BreadcrumbList","@id":"https:\/\/www.mademoisellelouison.com\/en\/product\/photos-retros-birth-baby\/#breadcrumb","itemListElement":[{"@type":"ListItem","position":1,"name":"Accueil","item":"https:\/\/www.mademoisellelouison.com\/en\/home\/"},{"@type":"ListItem","position":2,"name":"Boutique","item":"https:\/\/www.mademoisellelouison.com\/cadeaux-seances-photos-personnalisees\/"},{"@type":"ListItem","position":3,"name":"*Photo shooting vintage with Baby*"}]},{"@type":"WebSite","@id":"https:\/\/www.mademoisellelouison.com\/#website","url":"https:\/\/www.mademoisellelouison.com\/","name":"Mademoiselle Louison - Activit\u00e9 Cadeau Portrait Photo r\u00e9tro 1900 \u00e0 Paris &amp; Tours.","description":"Photo r\u00e9tro 1900 - Votre portrait photo en mode Belle Epoque. A Paris et Tours. S\u00e9ances photos pour portraits en tenues vintage 1900 mode Belle Epoque. Cadeau\/activit\u00e9 unique-ludique-atypique-sympathique-magique-immersif !","publisher":{"@id":"https:\/\/www.mademoisellelouison.com\/#organization"},"potentialAction":[{"@type":"SearchAction","target":{"@type":"EntryPoint","urlTemplate":"https:\/\/www.mademoisellelouison.com\/?s={search_term_string}"},"query-input":{"@type":"PropertyValueSpecification","valueRequired":true,"valueName":"search_term_string"}}],"inLanguage":"en-US"},{"@type":"Organization","@id":"https:\/\/www.mademoisellelouison.com\/#organization","name":"Mademoiselle Louison","url":"https:\/\/www.mademoisellelouison.com\/","logo":{"@type":"ImageObject","inLanguage":"en-US","@id":"https:\/\/www.mademoisellelouison.com\/#\/schema\/logo\/image\/","url":"","contentUrl":"","caption":"Mademoiselle Louison"},"image":{"@id":"https:\/\/www.mademoisellelouison.com\/#\/schema\/logo\/image\/"},"sameAs":["https:\/\/www.facebook.com\/MademoiselleLouison\/","https:\/\/www.instagram.com\/mlle.louison\/","https:\/\/www.linkedin.com\/company\/mademoiselle-louison\/","https:\/\/www.pinterest.fr\/MademoiselleLouison\/"]}]}},"_links":{"self":[{"href":"https:\/\/www.mademoisellelouison.com\/en\/wp-json\/wp\/v2\/product\/33206","targetHints":{"allow":["GET"]}}],"collection":[{"href":"https:\/\/www.mademoisellelouison.com\/en\/wp-json\/wp\/v2\/product"}],"about":[{"href":"https:\/\/www.mademoisellelouison.com\/en\/wp-json\/wp\/v2\/types\/product"}],"replies":[{"embeddable":true,"href":"https:\/\/www.mademoisellelouison.com\/en\/wp-json\/wp\/v2\/comments?post=33206"}],"wp:featuredmedia":[{"embeddable":true,"href":"https:\/\/www.mademoisellelouison.com\/en\/wp-json\/wp\/v2\/media\/35173"}],"wp:attachment":[{"href":"https:\/\/www.mademoisellelouison.com\/en\/wp-json\/wp\/v2\/media?parent=33206"}],"wp:term":[{"taxonomy":"product_brand","embeddable":true,"href":"https:\/\/www.mademoisellelouison.com\/en\/wp-json\/wp\/v2\/product_brand?post=33206"},{"taxonomy":"product_cat","embeddable":true,"href":"https:\/\/www.mademoisellelouison.com\/en\/wp-json\/wp\/v2\/product_cat?post=33206"},{"taxonomy":"product_tag","embeddable":true,"href":"https:\/\/www.mademoisellelouison.com\/en\/wp-json\/wp\/v2\/product_tag?post=33206"}],"curies":[{"name":"wp","href":"https:\/\/api.w.org\/{rel}","templated":true}]}}