{"id":35179,"date":"2023-11-15T22:28:13","date_gmt":"2023-11-15T21:28:14","guid":{"rendered":"https:\/\/www.mademoisellelouison.com\/?post_type=product&#038;p=35179"},"modified":"2024-01-17T16:47:27","modified_gmt":"2024-01-17T15:47:27","slug":"adult-souvenir-session-card-copie-copie","status":"publish","type":"product","link":"https:\/\/www.mademoisellelouison.com\/en\/product\/adult-souvenir-session-card-copie-copie\/","title":{"rendered":"*Photo shooting in Paris*"},"content":{"rendered":"<div>\n<p class=\"p1\"><strong>Photo shoot in Paris &#8211; Go out and get your picture taken: it&#8217;s good for your health!<\/strong><\/p>\n<p>Screenings Monday, Tuesday, Thursday &amp; Friday &#8211; Session starts between 9 a.m. and 2 p.m. &#8211; Outdoor session in Paris intramuros.<\/p>\n<p>Confirm your booking or give this eCard* as a gift with this formula in your basket!<\/p>\n<p>Formula for a &#8220;Photo session in Paris&#8221; solo or duo = choice of location outdoors in Paris intramuros + 1 or 2 hour session of your choice + all your photos processed in 2 effects (digital HD color and B&amp;W version).<\/p>\n<\/div>\n<div>\n<p>** no make-up or hair styling is foreseen **<\/p>\n<p>All stages of <strong>YOUR EXPERIENCE<\/strong>:<\/p>\n<ol>\n<li>I buy <strong>my card\/session<\/strong> on the shop\/eShop <em>&gt;&gt; 3D Secure Secure payment via the INNOVEST &lt;&lt;account<\/em> <\/li>\n<li>I book <strong>the date of my session<\/strong> before or after &#8211; I&#8217;ve already done it or I have 1 year to do it!<\/li>\n<li>I set my meeting place in Paris, the neighborhood for the upcoming &#x1f642; session<\/li>\n<li>I enjoy my session on the <strong>big day<\/strong> !<\/li>\n<li>I get <strong>all my photos <\/strong>via secure WeTransfer &#8211; it&#8217;s better than a USB stick that can carry viruses. &#x1f641;<\/li>\n<li>How about I leave <strong>my review<\/strong> on Google\/TripAdvisor\/FB &#x1f642;<\/li>\n<\/ol>\n<p>Do you want to project yourself? INSTAGRAM <strong><a href=\"https:\/\/www.instagram.com\/mlle.louison\/\" target=\"_blank\" rel=\"noopener\">@mlle.louison<\/a><\/strong><\/p>\n<p>And for any question or particularity, just one email <strong><a href=\"mailto:contact@mllelouison.com\">contact@mllelouison.com<\/a><\/strong><\/p>\n<p>&nbsp;<\/p>\n<p><strong>Reveal the 1900 within you!<\/strong><\/p>\n<p>&nbsp;<\/p>\n<blockquote class=\"wp-block-quote\"><p><strong><em>FEEL LIKE<\/em> A <em>COSTUMED PHOTO ACTIVITY<\/em>?<\/strong><\/p>\n<p><cite><em>Mademoiselle Louison invites you into her private studio in the heart of Paris and dresses you up with vintage outfits and accessories from the Belle \u00c9poque.<\/em><br \/>\n<em>Dressed as it was in 1900, you will experience the portraits of<\/em><em>yesteryear with serious and amusing staging.<\/em><br \/>\n<em>A personalised photo souvenir to make on your own, in a group, as a duo or as a family.<\/em><\/cite><\/p><\/blockquote>\n<\/div>\n","protected":false},"excerpt":{"rendered":"<p>Private session in Paris itself.<\/p>\n<p>Formula for a<span class=\"s1\">retro photo hooting solo or duo in Paris!<\/span> Session lasting 1 or 2 hours for people +18 years old. Includes SESSION + receipt of all HD digital photos in color and B&amp;W.<\/p>\n<p>Monday, Tuesday, Thursday &amp; Friday \u2013 Sessions start between 9 a.m. and 2 p.m.<b><i><\/i><\/b><\/p>\n","protected":false},"featured_media":35189,"comment_status":"open","ping_status":"closed","template":"","meta":{"_et_pb_use_builder":"","_et_pb_old_content":"","_et_gb_content_width":""},"product_brand":[],"product_cat":[54],"product_tag":[],"class_list":{"0":"post-35179","1":"product","2":"type-product","3":"status-publish","4":"has-post-thumbnail","6":"product_cat-gift-card","8":"first","9":"instock","10":"purchasable","11":"product-type-variable"},"yoast_head":"<!-- This site is optimized with the Yoast SEO plugin v27.1.1 - https:\/\/yoast.com\/product\/yoast-seo-wordpress\/ -->\n<title>Photo shoot in Paris - Mlle Louison<\/title>\n<meta name=\"description\" content=\"Photo shoot in Paris to make souvenir portraits in Fine Art mode in a typical place of the capital! Instagram @mlle.louison\" \/>\n<meta name=\"robots\" content=\"index, follow, max-snippet:-1, max-image-preview:large, max-video-preview:-1\" \/>\n<link rel=\"canonical\" href=\"https:\/\/www.mademoisellelouison.com\/en\/product\/adult-souvenir-session-card-copie-copie\/\" \/>\n<meta property=\"og:locale\" content=\"en_US\" \/>\n<meta property=\"og:type\" content=\"article\" \/>\n<meta property=\"og:title\" content=\"Photo shoot in Paris - Mlle Louison\" \/>\n<meta property=\"og:description\" content=\"Photo shoot in Paris to make souvenir portraits in Fine Art mode in a typical place of the capital! Instagram @mlle.louison\" \/>\n<meta property=\"og:url\" content=\"https:\/\/www.mademoisellelouison.com\/en\/product\/adult-souvenir-session-card-copie-copie\/\" \/>\n<meta property=\"og:site_name\" content=\"Mademoiselle Louison - Activit\u00e9 Cadeau Portrait Photo r\u00e9tro 1900 \u00e0 Paris &amp; Tours.\" \/>\n<meta property=\"article:publisher\" content=\"https:\/\/www.facebook.com\/MademoiselleLouison\/\" \/>\n<meta property=\"article:modified_time\" content=\"2024-01-17T15:47:27+00:00\" \/>\n<meta property=\"og:image\" content=\"https:\/\/www.mademoisellelouison.com\/wp-content\/uploads\/2023\/11\/IMG_5617-scaled.jpg\" \/>\n\t<meta property=\"og:image:width\" content=\"2560\" \/>\n\t<meta property=\"og:image:height\" content=\"2560\" \/>\n\t<meta property=\"og:image:type\" content=\"image\/jpeg\" \/>\n<meta name=\"twitter:card\" content=\"summary_large_image\" \/>\n<meta name=\"twitter:label1\" content=\"Est. reading time\" \/>\n\t<meta name=\"twitter:data1\" content=\"1 minute\" \/>\n<!-- \/ Yoast SEO plugin. -->","yoast_head_json":{"title":"Photo shoot in Paris - Mlle Louison","description":"Photo shoot in Paris to make souvenir portraits in Fine Art mode in a typical place of the capital! Instagram @mlle.louison","robots":{"index":"index","follow":"follow","max-snippet":"max-snippet:-1","max-image-preview":"max-image-preview:large","max-video-preview":"max-video-preview:-1"},"canonical":"https:\/\/www.mademoisellelouison.com\/en\/product\/adult-souvenir-session-card-copie-copie\/","og_locale":"en_US","og_type":"article","og_title":"Photo shoot in Paris - Mlle Louison","og_description":"Photo shoot in Paris to make souvenir portraits in Fine Art mode in a typical place of the capital! Instagram @mlle.louison","og_url":"https:\/\/www.mademoisellelouison.com\/en\/product\/adult-souvenir-session-card-copie-copie\/","og_site_name":"Mademoiselle Louison - Activit\u00e9 Cadeau Portrait Photo r\u00e9tro 1900 \u00e0 Paris &amp; Tours.","article_publisher":"https:\/\/www.facebook.com\/MademoiselleLouison\/","article_modified_time":"2024-01-17T15:47:27+00:00","og_image":[{"width":2560,"height":2560,"url":"https:\/\/www.mademoisellelouison.com\/wp-content\/uploads\/2023\/11\/IMG_5617-scaled.jpg","type":"image\/jpeg"}],"twitter_card":"summary_large_image","twitter_misc":{"Est. reading time":"1 minute"},"schema":{"@context":"https:\/\/schema.org","@graph":[{"@type":"WebPage","@id":"https:\/\/www.mademoisellelouison.com\/en\/product\/adult-souvenir-session-card-copie-copie\/","url":"https:\/\/www.mademoisellelouison.com\/en\/product\/adult-souvenir-session-card-copie-copie\/","name":"Photo shoot in Paris - Mlle Louison","isPartOf":{"@id":"https:\/\/www.mademoisellelouison.com\/#website"},"primaryImageOfPage":{"@id":"https:\/\/www.mademoisellelouison.com\/en\/product\/adult-souvenir-session-card-copie-copie\/#primaryimage"},"image":{"@id":"https:\/\/www.mademoisellelouison.com\/en\/product\/adult-souvenir-session-card-copie-copie\/#primaryimage"},"thumbnailUrl":"https:\/\/www.mademoisellelouison.com\/wp-content\/uploads\/2023\/11\/IMG_5617-scaled.jpg","datePublished":"2023-11-15T21:28:14+00:00","dateModified":"2024-01-17T15:47:27+00:00","description":"Photo shoot in Paris to make souvenir portraits in Fine Art mode in a typical place of the capital! Instagram @mlle.louison","breadcrumb":{"@id":"https:\/\/www.mademoisellelouison.com\/en\/product\/adult-souvenir-session-card-copie-copie\/#breadcrumb"},"inLanguage":"en-US","potentialAction":[{"@type":"ReadAction","target":["https:\/\/www.mademoisellelouison.com\/en\/product\/adult-souvenir-session-card-copie-copie\/"]}]},{"@type":"ImageObject","inLanguage":"en-US","@id":"https:\/\/www.mademoisellelouison.com\/en\/product\/adult-souvenir-session-card-copie-copie\/#primaryimage","url":"https:\/\/www.mademoisellelouison.com\/wp-content\/uploads\/2023\/11\/IMG_5617-scaled.jpg","contentUrl":"https:\/\/www.mademoisellelouison.com\/wp-content\/uploads\/2023\/11\/IMG_5617-scaled.jpg","width":2560,"height":2560,"caption":"Processed with MOLDIV"},{"@type":"BreadcrumbList","@id":"https:\/\/www.mademoisellelouison.com\/en\/product\/adult-souvenir-session-card-copie-copie\/#breadcrumb","itemListElement":[{"@type":"ListItem","position":1,"name":"Accueil","item":"https:\/\/www.mademoisellelouison.com\/en\/home\/"},{"@type":"ListItem","position":2,"name":"Boutique","item":"https:\/\/www.mademoisellelouison.com\/cadeaux-seances-photos-personnalisees\/"},{"@type":"ListItem","position":3,"name":"*Photo shooting in Paris*"}]},{"@type":"WebSite","@id":"https:\/\/www.mademoisellelouison.com\/#website","url":"https:\/\/www.mademoisellelouison.com\/","name":"Mademoiselle Louison - Activit\u00e9 Cadeau Portrait Photo r\u00e9tro 1900 \u00e0 Paris &amp; Tours.","description":"Photo r\u00e9tro 1900 - Votre portrait photo en mode Belle Epoque. A Paris et Tours. S\u00e9ances photos pour portraits en tenues vintage 1900 mode Belle Epoque. Cadeau\/activit\u00e9 unique-ludique-atypique-sympathique-magique-immersif !","publisher":{"@id":"https:\/\/www.mademoisellelouison.com\/#organization"},"potentialAction":[{"@type":"SearchAction","target":{"@type":"EntryPoint","urlTemplate":"https:\/\/www.mademoisellelouison.com\/?s={search_term_string}"},"query-input":{"@type":"PropertyValueSpecification","valueRequired":true,"valueName":"search_term_string"}}],"inLanguage":"en-US"},{"@type":"Organization","@id":"https:\/\/www.mademoisellelouison.com\/#organization","name":"Mademoiselle Louison","url":"https:\/\/www.mademoisellelouison.com\/","logo":{"@type":"ImageObject","inLanguage":"en-US","@id":"https:\/\/www.mademoisellelouison.com\/#\/schema\/logo\/image\/","url":"","contentUrl":"","caption":"Mademoiselle Louison"},"image":{"@id":"https:\/\/www.mademoisellelouison.com\/#\/schema\/logo\/image\/"},"sameAs":["https:\/\/www.facebook.com\/MademoiselleLouison\/","https:\/\/www.instagram.com\/mlle.louison\/","https:\/\/www.linkedin.com\/company\/mademoiselle-louison\/","https:\/\/www.pinterest.fr\/MademoiselleLouison\/"]}]}},"_links":{"self":[{"href":"https:\/\/www.mademoisellelouison.com\/en\/wp-json\/wp\/v2\/product\/35179","targetHints":{"allow":["GET"]}}],"collection":[{"href":"https:\/\/www.mademoisellelouison.com\/en\/wp-json\/wp\/v2\/product"}],"about":[{"href":"https:\/\/www.mademoisellelouison.com\/en\/wp-json\/wp\/v2\/types\/product"}],"replies":[{"embeddable":true,"href":"https:\/\/www.mademoisellelouison.com\/en\/wp-json\/wp\/v2\/comments?post=35179"}],"wp:featuredmedia":[{"embeddable":true,"href":"https:\/\/www.mademoisellelouison.com\/en\/wp-json\/wp\/v2\/media\/35189"}],"wp:attachment":[{"href":"https:\/\/www.mademoisellelouison.com\/en\/wp-json\/wp\/v2\/media?parent=35179"}],"wp:term":[{"taxonomy":"product_brand","embeddable":true,"href":"https:\/\/www.mademoisellelouison.com\/en\/wp-json\/wp\/v2\/product_brand?post=35179"},{"taxonomy":"product_cat","embeddable":true,"href":"https:\/\/www.mademoisellelouison.com\/en\/wp-json\/wp\/v2\/product_cat?post=35179"},{"taxonomy":"product_tag","embeddable":true,"href":"https:\/\/www.mademoisellelouison.com\/en\/wp-json\/wp\/v2\/product_tag?post=35179"}],"curies":[{"name":"wp","href":"https:\/\/api.w.org\/{rel}","templated":true}]}}